{"id":10627,"date":"2024-12-11T10:42:18","date_gmt":"2024-12-11T10:42:18","guid":{"rendered":"https:\/\/www.chateau-labotte.com\/?post_type=product&#038;p=10627"},"modified":"2026-01-20T15:34:20","modified_gmt":"2026-01-20T15:34:20","slug":"embruns-estuaire","status":"publish","type":"product","link":"https:\/\/www.chateau-labotte.com\/fr_fr\/produit\/embruns-estuaire\/","title":{"rendered":"Embruns de l&rsquo;Estuaire"},"content":{"rendered":"","protected":false},"excerpt":{"rendered":"<p>Aucune h\u00e9sitation pour ce cr\u00e9mant d\u00e9salt\u00e9rant aux fines bulles et \u00e0 l&rsquo;\u00e9quilibre entre le fruit\u00e9 et l&rsquo;acidit\u00e9.<\/p>\n<p>Bouche intense o\u00f9 dominent les agrumes et les petits fruits secs (pour le blanc), les fruits des bois (pour le ros\u00e9). Belle persistance aromatique et mousse cr\u00e9meuse. Il pourra accompagner l&rsquo;Ap\u00e9ritif, un Gateau au chocolat, ou des Gambas au chorizo. <em>Conservez-le pendant 3-4 ans.<\/em><\/p>\n","protected":false},"featured_media":10623,"comment_status":"open","ping_status":"closed","template":"elementor_theme","meta":[],"product_brand":[],"product_cat":[111,36,84,81,106],"product_tag":[],"class_list":{"0":"post-10627","1":"product","2":"type-product","3":"status-publish","4":"has-post-thumbnail","6":"product_cat-0-touts-les-produits","7":"product_cat-1-les-informels","8":"product_cat-2-blanc","9":"product_cat-2-rose","10":"product_cat-4-petillant","11":"pa_appellation-cremant-de-bordeaux","12":"pa_couleur-blanc","13":"pa_couleur-rose","14":"pa_volume-bouteille-de-75cl","16":"first","17":"outofstock","18":"taxable","19":"shipping-taxable","20":"purchasable","21":"product-type-variable","22":"has-default-attributes"},"yoast_head":"<!-- This site is optimized with the Yoast SEO plugin v26.9 - https:\/\/yoast.com\/product\/yoast-seo-wordpress\/ -->\n<title>Embruns de l&#039;Estuaire - Ch\u00e2teau La Botte<\/title>\n<meta name=\"robots\" content=\"index, follow, max-snippet:-1, max-image-preview:large, max-video-preview:-1\" \/>\n<link rel=\"canonical\" href=\"https:\/\/www.chateau-labotte.com\/fr_fr\/produit\/embruns-estuaire\/\" \/>\n<meta property=\"og:locale\" content=\"fr_FR\" \/>\n<meta property=\"og:type\" content=\"article\" \/>\n<meta property=\"og:title\" content=\"Embruns de l&#039;Estuaire - Ch\u00e2teau La Botte\" \/>\n<meta property=\"og:description\" content=\"Aucune h\u00e9sitation pour ce cr\u00e9mant d\u00e9salt\u00e9rant aux fines bulles et \u00e0 l&#039;\u00e9quilibre entre le fruit\u00e9 et l&#039;acidit\u00e9.  Bouche intense o\u00f9 dominent les agrumes et les petits fruits secs (pour le blanc), les fruits des bois (pour le ros\u00e9). Belle persistance aromatique et mousse cr\u00e9meuse. Il pourra accompagner l&#039;Ap\u00e9ritif, un Gateau au chocolat, ou des Gambas au chorizo. Conservez-le pendant 3-4 ans.\" \/>\n<meta property=\"og:url\" content=\"https:\/\/www.chateau-labotte.com\/fr_fr\/produit\/embruns-estuaire\/\" \/>\n<meta property=\"og:site_name\" content=\"Ch\u00e2teau La Botte\" \/>\n<meta property=\"article:modified_time\" content=\"2026-01-20T15:34:20+00:00\" \/>\n<meta property=\"og:image\" content=\"https:\/\/www.chateau-labotte.com\/wp-content\/uploads\/2024\/12\/embruns-estuaire-blanc-DBD.png\" \/>\n\t<meta property=\"og:image:width\" content=\"2000\" \/>\n\t<meta property=\"og:image:height\" content=\"2000\" \/>\n\t<meta property=\"og:image:type\" content=\"image\/png\" \/>\n<meta name=\"twitter:card\" content=\"summary_large_image\" \/>\n<meta name=\"twitter:label1\" content=\"Dur\u00e9e de lecture estim\u00e9e\" \/>\n\t<meta name=\"twitter:data1\" content=\"1 minute\" \/>\n<script type=\"application\/ld+json\" class=\"yoast-schema-graph\">{\"@context\":\"https:\/\/schema.org\",\"@graph\":[{\"@type\":\"WebPage\",\"@id\":\"https:\/\/www.chateau-labotte.com\/produit\/embruns-estuaire\/\",\"url\":\"https:\/\/www.chateau-labotte.com\/produit\/embruns-estuaire\/\",\"name\":\"Embruns de l'Estuaire - Ch\u00e2teau La Botte\",\"isPartOf\":{\"@id\":\"https:\/\/www.chateau-labotte.com\/#website\"},\"primaryImageOfPage\":{\"@id\":\"https:\/\/www.chateau-labotte.com\/produit\/embruns-estuaire\/#primaryimage\"},\"image\":{\"@id\":\"https:\/\/www.chateau-labotte.com\/produit\/embruns-estuaire\/#primaryimage\"},\"thumbnailUrl\":\"https:\/\/www.chateau-labotte.com\/wp-content\/uploads\/2024\/12\/embruns-estuaire-blanc-DBD.png\",\"datePublished\":\"2024-12-11T10:42:18+00:00\",\"dateModified\":\"2026-01-20T15:34:20+00:00\",\"breadcrumb\":{\"@id\":\"https:\/\/www.chateau-labotte.com\/produit\/embruns-estuaire\/#breadcrumb\"},\"inLanguage\":\"fr-FR\",\"potentialAction\":[{\"@type\":\"ReadAction\",\"target\":[\"https:\/\/www.chateau-labotte.com\/produit\/embruns-estuaire\/\"]}]},{\"@type\":\"ImageObject\",\"inLanguage\":\"fr-FR\",\"@id\":\"https:\/\/www.chateau-labotte.com\/produit\/embruns-estuaire\/#primaryimage\",\"url\":\"https:\/\/www.chateau-labotte.com\/wp-content\/uploads\/2024\/12\/embruns-estuaire-blanc-DBD.png\",\"contentUrl\":\"https:\/\/www.chateau-labotte.com\/wp-content\/uploads\/2024\/12\/embruns-estuaire-blanc-DBD.png\",\"width\":2000,\"height\":2000},{\"@type\":\"BreadcrumbList\",\"@id\":\"https:\/\/www.chateau-labotte.com\/produit\/embruns-estuaire\/#breadcrumb\",\"itemListElement\":[{\"@type\":\"ListItem\",\"position\":1,\"name\":\"Accueil\",\"item\":\"https:\/\/www.chateau-labotte.com\/fr_fr\/\"},{\"@type\":\"ListItem\",\"position\":2,\"name\":\"Boutique\",\"item\":\"https:\/\/www.chateau-labotte.com\/boutique\/\"},{\"@type\":\"ListItem\",\"position\":3,\"name\":\"Embruns de l&rsquo;Estuaire\"}]},{\"@type\":\"WebSite\",\"@id\":\"https:\/\/www.chateau-labotte.com\/#website\",\"url\":\"https:\/\/www.chateau-labotte.com\/\",\"name\":\"Ch\u00e2teau La Botte\",\"description\":\"Ch\u00e2teau La Botte\",\"publisher\":{\"@id\":\"https:\/\/www.chateau-labotte.com\/#organization\"},\"potentialAction\":[{\"@type\":\"SearchAction\",\"target\":{\"@type\":\"EntryPoint\",\"urlTemplate\":\"https:\/\/www.chateau-labotte.com\/?s={search_term_string}\"},\"query-input\":{\"@type\":\"PropertyValueSpecification\",\"valueRequired\":true,\"valueName\":\"search_term_string\"}}],\"inLanguage\":\"fr-FR\"},{\"@type\":\"Organization\",\"@id\":\"https:\/\/www.chateau-labotte.com\/#organization\",\"name\":\"Ch\u00e2teau La Botte\",\"url\":\"https:\/\/www.chateau-labotte.com\/\",\"logo\":{\"@type\":\"ImageObject\",\"inLanguage\":\"fr-FR\",\"@id\":\"https:\/\/www.chateau-labotte.com\/#\/schema\/logo\/image\/\",\"url\":\"https:\/\/www.chateau-labotte.com\/wp-content\/uploads\/2024\/10\/cropped-logo-1-e1730121899770-1.png\",\"contentUrl\":\"https:\/\/www.chateau-labotte.com\/wp-content\/uploads\/2024\/10\/cropped-logo-1-e1730121899770-1.png\",\"width\":342,\"height\":176,\"caption\":\"Ch\u00e2teau La Botte\"},\"image\":{\"@id\":\"https:\/\/www.chateau-labotte.com\/#\/schema\/logo\/image\/\"}}]}<\/script>\n<!-- \/ Yoast SEO plugin. -->","yoast_head_json":{"title":"Embruns de l'Estuaire - Ch\u00e2teau La Botte","robots":{"index":"index","follow":"follow","max-snippet":"max-snippet:-1","max-image-preview":"max-image-preview:large","max-video-preview":"max-video-preview:-1"},"canonical":"https:\/\/www.chateau-labotte.com\/fr_fr\/produit\/embruns-estuaire\/","og_locale":"fr_FR","og_type":"article","og_title":"Embruns de l'Estuaire - Ch\u00e2teau La Botte","og_description":"Aucune h\u00e9sitation pour ce cr\u00e9mant d\u00e9salt\u00e9rant aux fines bulles et \u00e0 l'\u00e9quilibre entre le fruit\u00e9 et l'acidit\u00e9.  Bouche intense o\u00f9 dominent les agrumes et les petits fruits secs (pour le blanc), les fruits des bois (pour le ros\u00e9). Belle persistance aromatique et mousse cr\u00e9meuse. Il pourra accompagner l'Ap\u00e9ritif, un Gateau au chocolat, ou des Gambas au chorizo. Conservez-le pendant 3-4 ans.","og_url":"https:\/\/www.chateau-labotte.com\/fr_fr\/produit\/embruns-estuaire\/","og_site_name":"Ch\u00e2teau La Botte","article_modified_time":"2026-01-20T15:34:20+00:00","og_image":[{"width":2000,"height":2000,"url":"https:\/\/www.chateau-labotte.com\/wp-content\/uploads\/2024\/12\/embruns-estuaire-blanc-DBD.png","type":"image\/png"}],"twitter_card":"summary_large_image","twitter_misc":{"Dur\u00e9e de lecture estim\u00e9e":"1 minute"},"schema":{"@context":"https:\/\/schema.org","@graph":[{"@type":"WebPage","@id":"https:\/\/www.chateau-labotte.com\/produit\/embruns-estuaire\/","url":"https:\/\/www.chateau-labotte.com\/produit\/embruns-estuaire\/","name":"Embruns de l'Estuaire - Ch\u00e2teau La Botte","isPartOf":{"@id":"https:\/\/www.chateau-labotte.com\/#website"},"primaryImageOfPage":{"@id":"https:\/\/www.chateau-labotte.com\/produit\/embruns-estuaire\/#primaryimage"},"image":{"@id":"https:\/\/www.chateau-labotte.com\/produit\/embruns-estuaire\/#primaryimage"},"thumbnailUrl":"https:\/\/www.chateau-labotte.com\/wp-content\/uploads\/2024\/12\/embruns-estuaire-blanc-DBD.png","datePublished":"2024-12-11T10:42:18+00:00","dateModified":"2026-01-20T15:34:20+00:00","breadcrumb":{"@id":"https:\/\/www.chateau-labotte.com\/produit\/embruns-estuaire\/#breadcrumb"},"inLanguage":"fr-FR","potentialAction":[{"@type":"ReadAction","target":["https:\/\/www.chateau-labotte.com\/produit\/embruns-estuaire\/"]}]},{"@type":"ImageObject","inLanguage":"fr-FR","@id":"https:\/\/www.chateau-labotte.com\/produit\/embruns-estuaire\/#primaryimage","url":"https:\/\/www.chateau-labotte.com\/wp-content\/uploads\/2024\/12\/embruns-estuaire-blanc-DBD.png","contentUrl":"https:\/\/www.chateau-labotte.com\/wp-content\/uploads\/2024\/12\/embruns-estuaire-blanc-DBD.png","width":2000,"height":2000},{"@type":"BreadcrumbList","@id":"https:\/\/www.chateau-labotte.com\/produit\/embruns-estuaire\/#breadcrumb","itemListElement":[{"@type":"ListItem","position":1,"name":"Accueil","item":"https:\/\/www.chateau-labotte.com\/fr_fr\/"},{"@type":"ListItem","position":2,"name":"Boutique","item":"https:\/\/www.chateau-labotte.com\/boutique\/"},{"@type":"ListItem","position":3,"name":"Embruns de l&rsquo;Estuaire"}]},{"@type":"WebSite","@id":"https:\/\/www.chateau-labotte.com\/#website","url":"https:\/\/www.chateau-labotte.com\/","name":"Ch\u00e2teau La Botte","description":"Ch\u00e2teau La Botte","publisher":{"@id":"https:\/\/www.chateau-labotte.com\/#organization"},"potentialAction":[{"@type":"SearchAction","target":{"@type":"EntryPoint","urlTemplate":"https:\/\/www.chateau-labotte.com\/?s={search_term_string}"},"query-input":{"@type":"PropertyValueSpecification","valueRequired":true,"valueName":"search_term_string"}}],"inLanguage":"fr-FR"},{"@type":"Organization","@id":"https:\/\/www.chateau-labotte.com\/#organization","name":"Ch\u00e2teau La Botte","url":"https:\/\/www.chateau-labotte.com\/","logo":{"@type":"ImageObject","inLanguage":"fr-FR","@id":"https:\/\/www.chateau-labotte.com\/#\/schema\/logo\/image\/","url":"https:\/\/www.chateau-labotte.com\/wp-content\/uploads\/2024\/10\/cropped-logo-1-e1730121899770-1.png","contentUrl":"https:\/\/www.chateau-labotte.com\/wp-content\/uploads\/2024\/10\/cropped-logo-1-e1730121899770-1.png","width":342,"height":176,"caption":"Ch\u00e2teau La Botte"},"image":{"@id":"https:\/\/www.chateau-labotte.com\/#\/schema\/logo\/image\/"}}]}},"jetpack_sharing_enabled":true,"_links":{"self":[{"href":"https:\/\/www.chateau-labotte.com\/fr_fr\/wp-json\/wp\/v2\/product\/10627","targetHints":{"allow":["GET"]}}],"collection":[{"href":"https:\/\/www.chateau-labotte.com\/fr_fr\/wp-json\/wp\/v2\/product"}],"about":[{"href":"https:\/\/www.chateau-labotte.com\/fr_fr\/wp-json\/wp\/v2\/types\/product"}],"replies":[{"embeddable":true,"href":"https:\/\/www.chateau-labotte.com\/fr_fr\/wp-json\/wp\/v2\/comments?post=10627"}],"version-history":[{"count":10,"href":"https:\/\/www.chateau-labotte.com\/fr_fr\/wp-json\/wp\/v2\/product\/10627\/revisions"}],"predecessor-version":[{"id":12064,"href":"https:\/\/www.chateau-labotte.com\/fr_fr\/wp-json\/wp\/v2\/product\/10627\/revisions\/12064"}],"wp:featuredmedia":[{"embeddable":true,"href":"https:\/\/www.chateau-labotte.com\/fr_fr\/wp-json\/wp\/v2\/media\/10623"}],"wp:attachment":[{"href":"https:\/\/www.chateau-labotte.com\/fr_fr\/wp-json\/wp\/v2\/media?parent=10627"}],"wp:term":[{"taxonomy":"product_brand","embeddable":true,"href":"https:\/\/www.chateau-labotte.com\/fr_fr\/wp-json\/wp\/v2\/product_brand?post=10627"},{"taxonomy":"product_cat","embeddable":true,"href":"https:\/\/www.chateau-labotte.com\/fr_fr\/wp-json\/wp\/v2\/product_cat?post=10627"},{"taxonomy":"product_tag","embeddable":true,"href":"https:\/\/www.chateau-labotte.com\/fr_fr\/wp-json\/wp\/v2\/product_tag?post=10627"}],"curies":[{"name":"wp","href":"https:\/\/api.w.org\/{rel}","templated":true}]}}