{"id":10616,"date":"2024-12-11T10:31:25","date_gmt":"2024-12-11T10:31:25","guid":{"rendered":"https:\/\/www.chateau-labotte.com\/?post_type=product&#038;p=10616"},"modified":"2026-04-03T11:36:17","modified_gmt":"2026-04-03T11:36:17","slug":"blanc-abigael","status":"publish","type":"product","link":"https:\/\/www.chateau-labotte.com\/fr_fr\/produit\/blanc-abigael\/","title":{"rendered":"Blanc Abiga\u00ebl"},"content":{"rendered":"","protected":false},"excerpt":{"rendered":"<p>Etonnez-vous avec la cuv\u00e9e \u00ab\u00a0Abiga\u00ebl\u00a0\u00bb vinifi\u00e9e et \u00e9lev\u00e9e pendant 5 mois en barriques de ch\u00eane neuves.<\/p>\n<p>Ce vin m\u00eale richesse aromatique et persistance, dense en bouche, avec des connotations de noisette, de mirabelle et d\u2019abricot sec, d\u2019une jolie persistance au palais. Il saura accompagner un Poisson en sauce, du Foie gras, un Poulet de Bresse, une Cassolette de St Jacques, des Fromage, ou tout simplement \u00e0 l&rsquo;Ap\u00e9ritif. <em>A boire dans les 5 ans.<\/em><\/p>\n","protected":false},"featured_media":10617,"comment_status":"open","ping_status":"closed","template":"","meta":[],"product_brand":[],"product_cat":[111,37,84,107],"product_tag":[],"class_list":{"0":"post-10616","1":"product","2":"type-product","3":"status-publish","4":"has-post-thumbnail","6":"product_cat-0-touts-les-produits","7":"product_cat-1-les-intemporels","8":"product_cat-2-blanc","9":"product_cat-3-barrique","10":"pa_appellation-blaye-cotes-de-bordeaux","11":"pa_couleur-blanc","12":"pa_millesime-104","13":"pa_volume-bouteille-de-75cl","15":"first","16":"outofstock","17":"taxable","18":"shipping-taxable","19":"purchasable","20":"product-type-variable","21":"has-default-attributes"},"yoast_head":"<!-- This site is optimized with the Yoast SEO plugin v26.9 - https:\/\/yoast.com\/product\/yoast-seo-wordpress\/ -->\n<title>Blanc Abiga\u00ebl - Ch\u00e2teau La Botte<\/title>\n<meta name=\"robots\" content=\"index, follow, max-snippet:-1, max-image-preview:large, max-video-preview:-1\" \/>\n<link rel=\"canonical\" href=\"https:\/\/www.chateau-labotte.com\/fr_fr\/produit\/blanc-abigael\/\" \/>\n<meta property=\"og:locale\" content=\"fr_FR\" \/>\n<meta property=\"og:type\" content=\"article\" \/>\n<meta property=\"og:title\" content=\"Blanc Abiga\u00ebl - Ch\u00e2teau La Botte\" \/>\n<meta property=\"og:description\" content=\"Etonnez-vous avec la cuv\u00e9e &quot;Abiga\u00ebl&quot; vinifi\u00e9e et \u00e9lev\u00e9e pendant 5 mois en barriques de ch\u00eane neuves.  Ce vin m\u00eale richesse aromatique et persistance, dense en bouche, avec des connotations de noisette, de mirabelle et d\u2019abricot sec, d\u2019une jolie persistance au palais. Il saura accompagner un Poisson en sauce, du Foie gras, un Poulet de Bresse, une Cassolette de St Jacques, des Fromage, ou tout simplement \u00e0 l&#039;Ap\u00e9ritif. A boire dans les 5 ans.\" \/>\n<meta property=\"og:url\" content=\"https:\/\/www.chateau-labotte.com\/fr_fr\/produit\/blanc-abigael\/\" \/>\n<meta property=\"og:site_name\" content=\"Ch\u00e2teau La Botte\" \/>\n<meta property=\"article:modified_time\" content=\"2026-04-03T11:36:17+00:00\" \/>\n<meta property=\"og:image\" content=\"https:\/\/www.chateau-labotte.com\/wp-content\/uploads\/2024\/12\/abigael-blanc-DBD.png\" \/>\n\t<meta property=\"og:image:width\" content=\"2000\" \/>\n\t<meta property=\"og:image:height\" content=\"2000\" \/>\n\t<meta property=\"og:image:type\" content=\"image\/png\" \/>\n<meta name=\"twitter:card\" content=\"summary_large_image\" \/>\n<meta name=\"twitter:label1\" content=\"Dur\u00e9e de lecture estim\u00e9e\" \/>\n\t<meta name=\"twitter:data1\" content=\"1 minute\" \/>\n<script type=\"application\/ld+json\" class=\"yoast-schema-graph\">{\"@context\":\"https:\/\/schema.org\",\"@graph\":[{\"@type\":\"WebPage\",\"@id\":\"https:\/\/www.chateau-labotte.com\/produit\/blanc-abigael\/\",\"url\":\"https:\/\/www.chateau-labotte.com\/produit\/blanc-abigael\/\",\"name\":\"Blanc Abiga\u00ebl - Ch\u00e2teau La Botte\",\"isPartOf\":{\"@id\":\"https:\/\/www.chateau-labotte.com\/#website\"},\"primaryImageOfPage\":{\"@id\":\"https:\/\/www.chateau-labotte.com\/produit\/blanc-abigael\/#primaryimage\"},\"image\":{\"@id\":\"https:\/\/www.chateau-labotte.com\/produit\/blanc-abigael\/#primaryimage\"},\"thumbnailUrl\":\"https:\/\/www.chateau-labotte.com\/wp-content\/uploads\/2024\/12\/abigael-blanc-DBD.png\",\"datePublished\":\"2024-12-11T10:31:25+00:00\",\"dateModified\":\"2026-04-03T11:36:17+00:00\",\"breadcrumb\":{\"@id\":\"https:\/\/www.chateau-labotte.com\/produit\/blanc-abigael\/#breadcrumb\"},\"inLanguage\":\"fr-FR\",\"potentialAction\":[{\"@type\":\"ReadAction\",\"target\":[\"https:\/\/www.chateau-labotte.com\/produit\/blanc-abigael\/\"]}]},{\"@type\":\"ImageObject\",\"inLanguage\":\"fr-FR\",\"@id\":\"https:\/\/www.chateau-labotte.com\/produit\/blanc-abigael\/#primaryimage\",\"url\":\"https:\/\/www.chateau-labotte.com\/wp-content\/uploads\/2024\/12\/abigael-blanc-DBD.png\",\"contentUrl\":\"https:\/\/www.chateau-labotte.com\/wp-content\/uploads\/2024\/12\/abigael-blanc-DBD.png\",\"width\":2000,\"height\":2000},{\"@type\":\"BreadcrumbList\",\"@id\":\"https:\/\/www.chateau-labotte.com\/produit\/blanc-abigael\/#breadcrumb\",\"itemListElement\":[{\"@type\":\"ListItem\",\"position\":1,\"name\":\"Accueil\",\"item\":\"https:\/\/www.chateau-labotte.com\/fr_fr\/\"},{\"@type\":\"ListItem\",\"position\":2,\"name\":\"Boutique\",\"item\":\"https:\/\/www.chateau-labotte.com\/boutique\/\"},{\"@type\":\"ListItem\",\"position\":3,\"name\":\"Blanc Abiga\u00ebl\"}]},{\"@type\":\"WebSite\",\"@id\":\"https:\/\/www.chateau-labotte.com\/#website\",\"url\":\"https:\/\/www.chateau-labotte.com\/\",\"name\":\"Ch\u00e2teau La Botte\",\"description\":\"Ch\u00e2teau La Botte\",\"publisher\":{\"@id\":\"https:\/\/www.chateau-labotte.com\/#organization\"},\"potentialAction\":[{\"@type\":\"SearchAction\",\"target\":{\"@type\":\"EntryPoint\",\"urlTemplate\":\"https:\/\/www.chateau-labotte.com\/?s={search_term_string}\"},\"query-input\":{\"@type\":\"PropertyValueSpecification\",\"valueRequired\":true,\"valueName\":\"search_term_string\"}}],\"inLanguage\":\"fr-FR\"},{\"@type\":\"Organization\",\"@id\":\"https:\/\/www.chateau-labotte.com\/#organization\",\"name\":\"Ch\u00e2teau La Botte\",\"url\":\"https:\/\/www.chateau-labotte.com\/\",\"logo\":{\"@type\":\"ImageObject\",\"inLanguage\":\"fr-FR\",\"@id\":\"https:\/\/www.chateau-labotte.com\/#\/schema\/logo\/image\/\",\"url\":\"https:\/\/www.chateau-labotte.com\/wp-content\/uploads\/2024\/10\/cropped-logo-1-e1730121899770-1.png\",\"contentUrl\":\"https:\/\/www.chateau-labotte.com\/wp-content\/uploads\/2024\/10\/cropped-logo-1-e1730121899770-1.png\",\"width\":342,\"height\":176,\"caption\":\"Ch\u00e2teau La Botte\"},\"image\":{\"@id\":\"https:\/\/www.chateau-labotte.com\/#\/schema\/logo\/image\/\"}}]}<\/script>\n<!-- \/ Yoast SEO plugin. -->","yoast_head_json":{"title":"Blanc Abiga\u00ebl - Ch\u00e2teau La Botte","robots":{"index":"index","follow":"follow","max-snippet":"max-snippet:-1","max-image-preview":"max-image-preview:large","max-video-preview":"max-video-preview:-1"},"canonical":"https:\/\/www.chateau-labotte.com\/fr_fr\/produit\/blanc-abigael\/","og_locale":"fr_FR","og_type":"article","og_title":"Blanc Abiga\u00ebl - Ch\u00e2teau La Botte","og_description":"Etonnez-vous avec la cuv\u00e9e \"Abiga\u00ebl\" vinifi\u00e9e et \u00e9lev\u00e9e pendant 5 mois en barriques de ch\u00eane neuves.  Ce vin m\u00eale richesse aromatique et persistance, dense en bouche, avec des connotations de noisette, de mirabelle et d\u2019abricot sec, d\u2019une jolie persistance au palais. Il saura accompagner un Poisson en sauce, du Foie gras, un Poulet de Bresse, une Cassolette de St Jacques, des Fromage, ou tout simplement \u00e0 l'Ap\u00e9ritif. A boire dans les 5 ans.","og_url":"https:\/\/www.chateau-labotte.com\/fr_fr\/produit\/blanc-abigael\/","og_site_name":"Ch\u00e2teau La Botte","article_modified_time":"2026-04-03T11:36:17+00:00","og_image":[{"width":2000,"height":2000,"url":"https:\/\/www.chateau-labotte.com\/wp-content\/uploads\/2024\/12\/abigael-blanc-DBD.png","type":"image\/png"}],"twitter_card":"summary_large_image","twitter_misc":{"Dur\u00e9e de lecture estim\u00e9e":"1 minute"},"schema":{"@context":"https:\/\/schema.org","@graph":[{"@type":"WebPage","@id":"https:\/\/www.chateau-labotte.com\/produit\/blanc-abigael\/","url":"https:\/\/www.chateau-labotte.com\/produit\/blanc-abigael\/","name":"Blanc Abiga\u00ebl - Ch\u00e2teau La Botte","isPartOf":{"@id":"https:\/\/www.chateau-labotte.com\/#website"},"primaryImageOfPage":{"@id":"https:\/\/www.chateau-labotte.com\/produit\/blanc-abigael\/#primaryimage"},"image":{"@id":"https:\/\/www.chateau-labotte.com\/produit\/blanc-abigael\/#primaryimage"},"thumbnailUrl":"https:\/\/www.chateau-labotte.com\/wp-content\/uploads\/2024\/12\/abigael-blanc-DBD.png","datePublished":"2024-12-11T10:31:25+00:00","dateModified":"2026-04-03T11:36:17+00:00","breadcrumb":{"@id":"https:\/\/www.chateau-labotte.com\/produit\/blanc-abigael\/#breadcrumb"},"inLanguage":"fr-FR","potentialAction":[{"@type":"ReadAction","target":["https:\/\/www.chateau-labotte.com\/produit\/blanc-abigael\/"]}]},{"@type":"ImageObject","inLanguage":"fr-FR","@id":"https:\/\/www.chateau-labotte.com\/produit\/blanc-abigael\/#primaryimage","url":"https:\/\/www.chateau-labotte.com\/wp-content\/uploads\/2024\/12\/abigael-blanc-DBD.png","contentUrl":"https:\/\/www.chateau-labotte.com\/wp-content\/uploads\/2024\/12\/abigael-blanc-DBD.png","width":2000,"height":2000},{"@type":"BreadcrumbList","@id":"https:\/\/www.chateau-labotte.com\/produit\/blanc-abigael\/#breadcrumb","itemListElement":[{"@type":"ListItem","position":1,"name":"Accueil","item":"https:\/\/www.chateau-labotte.com\/fr_fr\/"},{"@type":"ListItem","position":2,"name":"Boutique","item":"https:\/\/www.chateau-labotte.com\/boutique\/"},{"@type":"ListItem","position":3,"name":"Blanc Abiga\u00ebl"}]},{"@type":"WebSite","@id":"https:\/\/www.chateau-labotte.com\/#website","url":"https:\/\/www.chateau-labotte.com\/","name":"Ch\u00e2teau La Botte","description":"Ch\u00e2teau La Botte","publisher":{"@id":"https:\/\/www.chateau-labotte.com\/#organization"},"potentialAction":[{"@type":"SearchAction","target":{"@type":"EntryPoint","urlTemplate":"https:\/\/www.chateau-labotte.com\/?s={search_term_string}"},"query-input":{"@type":"PropertyValueSpecification","valueRequired":true,"valueName":"search_term_string"}}],"inLanguage":"fr-FR"},{"@type":"Organization","@id":"https:\/\/www.chateau-labotte.com\/#organization","name":"Ch\u00e2teau La Botte","url":"https:\/\/www.chateau-labotte.com\/","logo":{"@type":"ImageObject","inLanguage":"fr-FR","@id":"https:\/\/www.chateau-labotte.com\/#\/schema\/logo\/image\/","url":"https:\/\/www.chateau-labotte.com\/wp-content\/uploads\/2024\/10\/cropped-logo-1-e1730121899770-1.png","contentUrl":"https:\/\/www.chateau-labotte.com\/wp-content\/uploads\/2024\/10\/cropped-logo-1-e1730121899770-1.png","width":342,"height":176,"caption":"Ch\u00e2teau La Botte"},"image":{"@id":"https:\/\/www.chateau-labotte.com\/#\/schema\/logo\/image\/"}}]}},"jetpack_sharing_enabled":true,"_links":{"self":[{"href":"https:\/\/www.chateau-labotte.com\/fr_fr\/wp-json\/wp\/v2\/product\/10616","targetHints":{"allow":["GET"]}}],"collection":[{"href":"https:\/\/www.chateau-labotte.com\/fr_fr\/wp-json\/wp\/v2\/product"}],"about":[{"href":"https:\/\/www.chateau-labotte.com\/fr_fr\/wp-json\/wp\/v2\/types\/product"}],"replies":[{"embeddable":true,"href":"https:\/\/www.chateau-labotte.com\/fr_fr\/wp-json\/wp\/v2\/comments?post=10616"}],"version-history":[{"count":9,"href":"https:\/\/www.chateau-labotte.com\/fr_fr\/wp-json\/wp\/v2\/product\/10616\/revisions"}],"predecessor-version":[{"id":11832,"href":"https:\/\/www.chateau-labotte.com\/fr_fr\/wp-json\/wp\/v2\/product\/10616\/revisions\/11832"}],"wp:featuredmedia":[{"embeddable":true,"href":"https:\/\/www.chateau-labotte.com\/fr_fr\/wp-json\/wp\/v2\/media\/10617"}],"wp:attachment":[{"href":"https:\/\/www.chateau-labotte.com\/fr_fr\/wp-json\/wp\/v2\/media?parent=10616"}],"wp:term":[{"taxonomy":"product_brand","embeddable":true,"href":"https:\/\/www.chateau-labotte.com\/fr_fr\/wp-json\/wp\/v2\/product_brand?post=10616"},{"taxonomy":"product_cat","embeddable":true,"href":"https:\/\/www.chateau-labotte.com\/fr_fr\/wp-json\/wp\/v2\/product_cat?post=10616"},{"taxonomy":"product_tag","embeddable":true,"href":"https:\/\/www.chateau-labotte.com\/fr_fr\/wp-json\/wp\/v2\/product_tag?post=10616"}],"curies":[{"name":"wp","href":"https:\/\/api.w.org\/{rel}","templated":true}]}}