{"id":6104,"date":"2023-01-11T16:36:13","date_gmt":"2023-01-11T16:36:13","guid":{"rendered":"https:\/\/chateau.qodeinteractive.com\/?page_id=6104"},"modified":"2026-01-21T08:23:28","modified_gmt":"2026-01-21T08:23:28","slug":"contact","status":"publish","type":"page","link":"https:\/\/www.chateau-labotte.com\/fr_fr\/contact\/","title":{"rendered":"Contact"},"content":{"rendered":"\t\t<div data-elementor-type=\"wp-page\" data-elementor-id=\"6104\" class=\"elementor elementor-6104\" data-elementor-post-type=\"page\">\n\t\t\t\t\t\t<section class=\"elementor-section elementor-top-section elementor-element elementor-element-1f2a13a elementor-section-full_width elementor-section-height-min-height elementor-section-height-default elementor-section-items-middle\" data-id=\"1f2a13a\" data-element_type=\"section\" data-e-type=\"section\" data-settings=\"{&quot;background_background&quot;:&quot;classic&quot;}\">\n\t\t\t\t\t\t<div class=\"elementor-container elementor-column-gap-default\">\n\t\t\t\t\t<div class=\"elementor-column elementor-col-100 elementor-top-column elementor-element elementor-element-a5483ca\" data-id=\"a5483ca\" data-element_type=\"column\" data-e-type=\"column\">\n\t\t\t<div class=\"elementor-widget-wrap elementor-element-populated\">\n\t\t\t\t\t\t<div class=\"elementor-element elementor-element-6332d1b elementor-widget elementor-widget-heading\" data-id=\"6332d1b\" data-element_type=\"widget\" data-e-type=\"widget\" data-widget_type=\"heading.default\">\n\t\t\t\t<div class=\"elementor-widget-container\">\n\t\t\t\t\t<h1 class=\"elementor-heading-title elementor-size-default\">Contactez-nous<\/h1>\t\t\t\t<\/div>\n\t\t\t\t<\/div>\n\t\t\t\t\t<\/div>\n\t\t<\/div>\n\t\t\t\t\t<\/div>\n\t\t<\/section>\n\t\t\t\t<section class=\"elementor-section elementor-top-section elementor-element elementor-element-3a49618 elementor-section-full_width qodef-elementor-content-grid elementor-section-content-middle elementor-section-height-default elementor-section-height-default\" data-id=\"3a49618\" data-element_type=\"section\" data-e-type=\"section\">\n\t\t\t\t\t\t<div class=\"elementor-container elementor-column-gap-default\">\n\t\t\t\t\t<div class=\"elementor-column elementor-col-50 elementor-top-column elementor-element elementor-element-2bd5f15\" data-id=\"2bd5f15\" data-element_type=\"column\" data-e-type=\"column\">\n\t\t\t<div class=\"elementor-widget-wrap elementor-element-populated\">\n\t\t\t\t\t\t<div class=\"elementor-element elementor-element-c860451 elementor-widget-mobile__width-inherit elementor-widget elementor-widget-chateau_core_section_title\" data-id=\"c860451\" data-element_type=\"widget\" data-e-type=\"widget\" data-widget_type=\"chateau_core_section_title.default\">\n\t\t\t\t<div class=\"elementor-widget-container\">\n\t\t\t\t\t<div class=\"qodef-shortcode qodef-m  qodef-section-title qodef-alignment--left \">\n\t\t<h2 class=\"qodef-m-title\" style=\"color: #493360\">\n\t\t\t\t\tVous avez besoin d'aide ?\t\t\t<\/h2>\n\t<div class=\"qodef-m-subtitle-content qodef--has-appear\" style=\"margin-top: 14px\">\n\t<div class=\"qodef-m-subtitle-line-one\" style=\"width: 25px;background-color: #354C04\"><\/div>\n\t\t\t<p class=\"qodef-m-subtitle\" style=\"margin-left: 7px;color: #54595F\">Contactez-nous<\/p>\n\t\t<div class=\"qodef-m-subtitle-line-two\" style=\"display: none;\"><\/div>\n<\/div>\n\t<\/div>\n\t\t\t\t<\/div>\n\t\t\t\t<\/div>\n\t\t\t\t<div class=\"elementor-element elementor-element-5712160 elementor-widget__width-initial elementor-widget-mobile__width-inherit elementor-widget elementor-widget-chateau_core_icon_list_item\" data-id=\"5712160\" data-element_type=\"widget\" data-e-type=\"widget\" data-widget_type=\"chateau_core_icon_list_item.default\">\n\t\t\t\t<div class=\"elementor-widget-container\">\n\t\t\t\t\t<div class=\"qodef-icon-list-item qodef-icon--icon-pack\" >\n\t<p class=\"qodef-e-title\" style=\"color: #54595F\">\n\t\t\t\t\t<a itemprop=\"url\" href=\"https:\/\/www.google.com\/maps\/place\/%D0%9D%D0%B8%D1%86%D0%B0,+%D0%A4%D1%80%D0%B0%D0%BD%D1%86%D1%83%D1%81%D0%BA%D0%B0\/@43.7031739,7.1827721,12z\/data=!3m1!4b1!4m6!3m5!1s0x12cdd0106a852d31:0x40819a5fd979a70!8m2!3d43.7101728!4d7.2619532!16zL20vMGNwNnc\" target=\"_self\">\n\t\t\t\t\t<span class=\"qodef-e-title-inner\">\n\t\t\t\t<span class=\"qodef-shortcode qodef-m  qodef-icon-holder  qodef-layout--normal\"  style=\"top: -0;margin: 10px\">\t\t\t<span class=\"qodef-icon-font-awesome fa fa-location-dot qodef-icon qodef-e\" style=\"color: #493360\" ><\/span>\t<\/span>\t\t\t\t<span class=\"qodef-e-title-text\">90 route des Terres Noires 33390 Campugnan<\/span>\n\t\t\t<\/span>\n\t\t\t\t\t<\/a>\n\t\t\t<\/p>\n<\/div>\n\t\t\t\t<\/div>\n\t\t\t\t<\/div>\n\t\t\t\t<div class=\"elementor-element elementor-element-11ebde2 elementor-widget elementor-widget-chateau_core_icon_list_item\" data-id=\"11ebde2\" data-element_type=\"widget\" data-e-type=\"widget\" data-widget_type=\"chateau_core_icon_list_item.default\">\n\t\t\t\t<div class=\"elementor-widget-container\">\n\t\t\t\t\t<div class=\"qodef-icon-list-item qodef-icon--icon-pack\" >\n\t<p class=\"qodef-e-title\" style=\"color: #54595F\">\n\t\t\t\t\t<span class=\"qodef-e-title-inner\">\n\t\t\t\t<span class=\"qodef-shortcode qodef-m  qodef-icon-holder  qodef-layout--normal\"  style=\"margin: 10px\">\t\t\t<span class=\"qodef-icon-font-awesome fa fa-phone qodef-icon qodef-e\" style=\"color: #493360\" ><\/span>\t<\/span>\t\t\t\t<span class=\"qodef-e-title-text\">T\u00e9l.: 05 57 64 71 45<\/span>\n\t\t\t<\/span>\n\t\t\t<\/p>\n<\/div>\n\t\t\t\t<\/div>\n\t\t\t\t<\/div>\n\t\t\t\t<div class=\"elementor-element elementor-element-6edeb73 elementor-widget elementor-widget-chateau_core_icon_list_item\" data-id=\"6edeb73\" data-element_type=\"widget\" data-e-type=\"widget\" data-widget_type=\"chateau_core_icon_list_item.default\">\n\t\t\t\t<div class=\"elementor-widget-container\">\n\t\t\t\t\t<div class=\"qodef-icon-list-item qodef-icon--icon-pack\" >\n\t<p class=\"qodef-e-title\" style=\"color: #54595F\">\n\t\t\t\t\t<span class=\"qodef-e-title-inner\">\n\t\t\t\t<span class=\"qodef-shortcode qodef-m  qodef-icon-holder  qodef-layout--normal\"  style=\"margin: 10px\">\t\t\t<span class=\"qodef-icon-font-awesome fa fa-phone qodef-icon qodef-e\" style=\"color: #493360\" ><\/span>\t<\/span>\t\t\t\t<span class=\"qodef-e-title-text\">Port.: 06 07 36 29 36<\/span>\n\t\t\t<\/span>\n\t\t\t<\/p>\n<\/div>\n\t\t\t\t<\/div>\n\t\t\t\t<\/div>\n\t\t\t\t<div class=\"elementor-element elementor-element-40cf70c elementor-widget elementor-widget-chateau_core_icon_list_item\" data-id=\"40cf70c\" data-element_type=\"widget\" data-e-type=\"widget\" data-widget_type=\"chateau_core_icon_list_item.default\">\n\t\t\t\t<div class=\"elementor-widget-container\">\n\t\t\t\t\t<div class=\"qodef-icon-list-item qodef-icon--icon-pack\" >\n\t<p class=\"qodef-e-title\" style=\"color: #54595F\">\n\t\t\t\t\t<span class=\"qodef-e-title-inner\">\n\t\t\t\t<span class=\"qodef-shortcode qodef-m  qodef-icon-holder  qodef-layout--normal\"  style=\"margin: 10px\">\t\t\t<span class=\"qodef-icon-font-awesome fa fa-envelope qodef-icon qodef-e\" style=\"color: #493360\" ><\/span>\t<\/span>\t\t\t\t<span class=\"qodef-e-title-text\">Mail : blanchard@chateau-labotte.com<\/span>\n\t\t\t<\/span>\n\t\t\t<\/p>\n<\/div>\n\t\t\t\t<\/div>\n\t\t\t\t<\/div>\n\t\t\t\t<div class=\"elementor-element elementor-element-fa8ddf7 elementor-widget elementor-widget-wp-widget-chateau_core_contact_form_7\" data-id=\"fa8ddf7\" data-element_type=\"widget\" data-e-type=\"widget\" data-widget_type=\"wp-widget-chateau_core_contact_form_7.default\">\n\t\t\t\t<div class=\"elementor-widget-container\">\n\t\t\t\t\t\t\t\t<div class=\"qodef-contact-form-7\">\n\t\t\t\t\n<div class=\"wpcf7 no-js\" id=\"wpcf7-f1575-o1\" lang=\"en-US\" dir=\"ltr\" data-wpcf7-id=\"1575\">\n<div class=\"screen-reader-response\"><p role=\"status\" aria-live=\"polite\" aria-atomic=\"true\"><\/p> <ul><\/ul><\/div>\n<form action=\"\/fr_fr\/wp-json\/wp\/v2\/pages\/6104#wpcf7-f1575-o1\" method=\"post\" class=\"wpcf7-form init\" aria-label=\"Contact form\" novalidate=\"novalidate\" data-status=\"init\">\n<fieldset class=\"hidden-fields-container\"><input type=\"hidden\" name=\"_wpcf7\" value=\"1575\" \/><input type=\"hidden\" name=\"_wpcf7_version\" value=\"6.1.5\" \/><input type=\"hidden\" name=\"_wpcf7_locale\" value=\"en_US\" \/><input type=\"hidden\" name=\"_wpcf7_unit_tag\" value=\"wpcf7-f1575-o1\" \/><input type=\"hidden\" name=\"_wpcf7_container_post\" value=\"0\" \/><input type=\"hidden\" name=\"_wpcf7_posted_data_hash\" value=\"\" \/>\n<\/fieldset>\n<span class=\"wpcf7-form-control-wrap\" data-name=\"your-name\"><input size=\"40\" maxlength=\"400\" class=\"wpcf7-form-control wpcf7-text wpcf7-validates-as-required\" aria-required=\"true\" aria-invalid=\"false\" placeholder=\"Nom\/Pr\u00e9nom...\" value=\"\" type=\"text\" name=\"your-name\" \/><\/span>\n<span class=\"wpcf7-form-control-wrap\" data-name=\"your-email\"><input size=\"40\" maxlength=\"400\" class=\"wpcf7-form-control wpcf7-email wpcf7-validates-as-required wpcf7-text wpcf7-validates-as-email\" aria-required=\"true\" aria-invalid=\"false\" placeholder=\"Email...\" value=\"\" type=\"email\" name=\"your-email\" \/><\/span>\n<span class=\"wpcf7-form-control-wrap\" data-name=\"your-message\"><textarea cols=\"40\" rows=\"3\" maxlength=\"2000\" class=\"wpcf7-form-control wpcf7-textarea wpcf7-validates-as-required\" aria-required=\"true\" aria-invalid=\"false\" placeholder=\"Message...\" name=\"your-message\"><\/textarea><\/span>\n<div id=\"cf7sr-69f1773c37aa6\" class=\"cf7sr-g-recaptcha\" data-theme=\"light\" data-type=\"image\" data-size=\"normal\" data-sitekey=\"6Lc0qL4qAAAAAI1mS0b3J09Rzg3fzArUso_nXJgy\"><\/div><span class=\"wpcf7-form-control-wrap cf7sr-recaptcha\" data-name=\"cf7sr-recaptcha\"><input type=\"hidden\" name=\"cf7sr-recaptcha\" value=\"\" class=\"wpcf7-form-control\"><\/span> \n<button type=\"submit\" class=\"qodef-shortcode qodef-m wpcf7-form-control wpcf7-submit qodef-button qodef-layout--discontinuous qodef-size--normal \"  >\t<span class=\"qodef-btn-text\">Envoyer<\/span>\t<span class=\"qodef-disc-btn qodef-disc-btn-top-left\"><\/span>\t<span class=\"qodef-disc-btn qodef-disc-btn-top-right\"><\/span>\t<span class=\"qodef-disc-btn qodef-disc-btn-right\"><\/span>\t<span class=\"qodef-disc-btn qodef-disc-btn-bottom-right\"><\/span>\t<span class=\"qodef-disc-btn qodef-disc-btn-bottom-left\"><\/span>\t<span class=\"qodef-disc-btn qodef-blob-btn-left\"><\/span><\/button><div class=\"wpcf7-response-output\" aria-hidden=\"true\"><\/div>\n<\/form>\n<\/div>\n\t\t\t<\/div>\n\t\t\t\t\t\t\t<\/div>\n\t\t\t\t<\/div>\n\t\t\t\t\t<\/div>\n\t\t<\/div>\n\t\t\t\t<div class=\"elementor-column elementor-col-50 elementor-top-column elementor-element elementor-element-825a159\" data-id=\"825a159\" data-element_type=\"column\" data-e-type=\"column\">\n\t\t\t<div class=\"elementor-widget-wrap elementor-element-populated\">\n\t\t\t\t\t\t<div class=\"elementor-element elementor-element-17e950a elementor-widget__width-initial elementor-widget elementor-widget-google_maps\" data-id=\"17e950a\" data-element_type=\"widget\" data-e-type=\"widget\" data-widget_type=\"google_maps.default\">\n\t\t\t\t<div class=\"elementor-widget-container\">\n\t\t\t\t\t\t\t<div class=\"elementor-custom-embed\">\n\t\t\t<iframe loading=\"lazy\"\n\t\t\t\t\tsrc=\"https:\/\/maps.google.com\/maps?q=Chateau%20La%20Botte%2090%20route%20des%20Terres%20Noires%2033%20390%20Campugnan&#038;t=m&#038;z=10&#038;output=embed&#038;iwloc=near\"\n\t\t\t\t\ttitle=\"Chateau La Botte 90 route des Terres Noires 33 390 Campugnan\"\n\t\t\t\t\taria-label=\"Chateau La Botte 90 route des Terres Noires 33 390 Campugnan\"\n\t\t\t><\/iframe>\n\t\t<\/div>\n\t\t\t\t\t\t<\/div>\n\t\t\t\t<\/div>\n\t\t\t\t\t<\/div>\n\t\t<\/div>\n\t\t\t\t\t<\/div>\n\t\t<\/section>\n\t\t\t\t<section class=\"elementor-section elementor-top-section elementor-element elementor-element-7d7a9d4 elementor-section-full_width qodef-elementor-content-grid elementor-section-height-default elementor-section-height-default elementor-invisible\" data-id=\"7d7a9d4\" data-element_type=\"section\" data-e-type=\"section\" data-settings=\"{&quot;background_background&quot;:&quot;classic&quot;,&quot;animation&quot;:&quot;fadeInLeft&quot;}\">\n\t\t\t\t\t\t<div class=\"elementor-container elementor-column-gap-default\">\n\t\t\t\t\t<div class=\"elementor-column elementor-col-50 elementor-top-column elementor-element elementor-element-991a3fb\" data-id=\"991a3fb\" data-element_type=\"column\" data-e-type=\"column\">\n\t\t\t<div class=\"elementor-widget-wrap elementor-element-populated\">\n\t\t\t\t\t\t<div class=\"elementor-element elementor-element-9e0ff0f elementor-widget elementor-widget-heading\" data-id=\"9e0ff0f\" data-element_type=\"widget\" data-e-type=\"widget\" data-widget_type=\"heading.default\">\n\t\t\t\t<div class=\"elementor-widget-container\">\n\t\t\t\t\t<h2 class=\"elementor-heading-title elementor-size-default\">Inscrivez-vous \u00e0 notre newsletter pour recevoir nos actualit\u00e9s et promotions<\/h2>\t\t\t\t<\/div>\n\t\t\t\t<\/div>\n\t\t\t\t\t<\/div>\n\t\t<\/div>\n\t\t\t\t<div class=\"elementor-column elementor-col-50 elementor-top-column elementor-element elementor-element-4d95a89\" data-id=\"4d95a89\" data-element_type=\"column\" data-e-type=\"column\">\n\t\t\t<div class=\"elementor-widget-wrap elementor-element-populated\">\n\t\t\t\t\t\t<div class=\"elementor-element elementor-element-4355af2 elementor-widget elementor-widget-qi_addons_for_elementor_contact_form_7\" data-id=\"4355af2\" data-element_type=\"widget\" data-e-type=\"widget\" data-widget_type=\"qi_addons_for_elementor_contact_form_7.default\">\n\t\t\t\t<div class=\"elementor-widget-container\">\n\t\t\t\t\t<div class=\"qodef-shortcode qodef-m qodef-qi-contact-form-7\">\n\t\n<div class=\"wpcf7 no-js\" id=\"wpcf7-f1574-o2\" lang=\"en-US\" dir=\"ltr\" data-wpcf7-id=\"1574\">\n<div class=\"screen-reader-response\"><p role=\"status\" aria-live=\"polite\" aria-atomic=\"true\"><\/p> <ul><\/ul><\/div>\n<form action=\"\/fr_fr\/wp-json\/wp\/v2\/pages\/6104#wpcf7-f1574-o2\" method=\"post\" class=\"wpcf7-form init demo\" aria-label=\"Contact form\" novalidate=\"novalidate\" data-status=\"init\">\n<fieldset class=\"hidden-fields-container\"><input type=\"hidden\" name=\"_wpcf7\" value=\"1574\" \/><input type=\"hidden\" name=\"_wpcf7_version\" value=\"6.1.5\" \/><input type=\"hidden\" name=\"_wpcf7_locale\" value=\"en_US\" \/><input type=\"hidden\" name=\"_wpcf7_unit_tag\" value=\"wpcf7-f1574-o2\" \/><input type=\"hidden\" name=\"_wpcf7_container_post\" value=\"0\" \/><input type=\"hidden\" name=\"_wpcf7_posted_data_hash\" value=\"\" \/>\n<\/fieldset>\n<div class=\"qodef-skin--light qodef-cf-newsletter\">\n<span class=\"wpcf7-form-control-wrap\" data-name=\"your-name\"><input size=\"40\" maxlength=\"400\" class=\"wpcf7-form-control wpcf7-text wpcf7-validates-as-required\" aria-required=\"true\" aria-invalid=\"false\" placeholder=\"Votre adresse mail...\" value=\"\" type=\"text\" name=\"your-name\" \/><\/span><button type=\"submit\" class=\"qodef-shortcode qodef-m  qodef-button qodef-layout--filled  \"  >\n\t<span class=\"qodef-btn-text\">Envoyer<\/span>\n<\/button>\n\n<\/div><div class=\"wpcf7-response-output\" aria-hidden=\"true\"><\/div>\n<\/form>\n<\/div>\n<\/div>\n\t\t\t\t<\/div>\n\t\t\t\t<\/div>\n\t\t\t\t\t<\/div>\n\t\t<\/div>\n\t\t\t\t\t<\/div>\n\t\t<\/section>\n\t\t\t\t<\/div>\n\t\t","protected":false},"excerpt":{"rendered":"<p>Contactez-nous Vous avez besoin d&rsquo;aide ? Contactez-nous 90 route des Terres Noires 33390 Campugnan T\u00e9l.: 05 57 64 71 45 Port.: 06 07 36 29 36 Mail : blanchard@chateau-labotte.com Inscrivez-vous \u00e0 notre newsletter pour recevoir nos actualit\u00e9s et promotions<\/p>\n","protected":false},"author":1,"featured_media":0,"parent":0,"menu_order":0,"comment_status":"closed","ping_status":"closed","template":"page-full-width.php","meta":{"footnotes":""},"class_list":["post-6104","page","type-page","status-publish","hentry"],"yoast_head":"<!-- This site is optimized with the Yoast SEO plugin v26.9 - https:\/\/yoast.com\/product\/yoast-seo-wordpress\/ -->\n<title>Contact - Ch\u00e2teau La Botte - Vente de Vin \u00e0 Blaye C\u00f4tes de Bordeaux<\/title>\n<meta name=\"description\" content=\"Une question ? Une commande de vin ? Contactez-nous directement au Ch\u00e2teau La Botte, propri\u00e9t\u00e9 viticole familiale \u00e0 Campugnan (33390).\" \/>\n<meta name=\"robots\" content=\"index, follow, max-snippet:-1, max-image-preview:large, max-video-preview:-1\" \/>\n<link rel=\"canonical\" href=\"https:\/\/www.chateau-labotte.com\/fr_fr\/contact\/\" \/>\n<meta property=\"og:locale\" content=\"fr_FR\" \/>\n<meta property=\"og:type\" content=\"article\" \/>\n<meta property=\"og:title\" content=\"Contact - Ch\u00e2teau La Botte - Vente de Vin \u00e0 Blaye C\u00f4tes de Bordeaux\" \/>\n<meta property=\"og:description\" content=\"Une question ? Une commande de vin ? Contactez-nous directement au Ch\u00e2teau La Botte, propri\u00e9t\u00e9 viticole familiale \u00e0 Campugnan (33390).\" \/>\n<meta property=\"og:url\" content=\"https:\/\/www.chateau-labotte.com\/fr_fr\/contact\/\" \/>\n<meta property=\"og:site_name\" content=\"Ch\u00e2teau La Botte\" \/>\n<meta property=\"article:modified_time\" content=\"2026-01-21T08:23:28+00:00\" \/>\n<meta name=\"twitter:card\" content=\"summary_large_image\" \/>\n<meta name=\"twitter:label1\" content=\"Dur\u00e9e de lecture estim\u00e9e\" \/>\n\t<meta name=\"twitter:data1\" content=\"1 minute\" \/>\n<script type=\"application\/ld+json\" class=\"yoast-schema-graph\">{\"@context\":\"https:\/\/schema.org\",\"@graph\":[{\"@type\":\"WebPage\",\"@id\":\"https:\/\/www.chateau-labotte.com\/fr_fr\/contact\/\",\"url\":\"https:\/\/www.chateau-labotte.com\/fr_fr\/contact\/\",\"name\":\"Contact - Ch\u00e2teau La Botte - Vente de Vin \u00e0 Blaye C\u00f4tes de Bordeaux\",\"isPartOf\":{\"@id\":\"https:\/\/www.chateau-labotte.com\/#website\"},\"datePublished\":\"2023-01-11T16:36:13+00:00\",\"dateModified\":\"2026-01-21T08:23:28+00:00\",\"description\":\"Une question ? Une commande de vin ? Contactez-nous directement au Ch\u00e2teau La Botte, propri\u00e9t\u00e9 viticole familiale \u00e0 Campugnan (33390).\",\"breadcrumb\":{\"@id\":\"https:\/\/www.chateau-labotte.com\/fr_fr\/contact\/#breadcrumb\"},\"inLanguage\":\"fr-FR\",\"potentialAction\":[{\"@type\":\"ReadAction\",\"target\":[\"https:\/\/www.chateau-labotte.com\/fr_fr\/contact\/\"]}]},{\"@type\":\"BreadcrumbList\",\"@id\":\"https:\/\/www.chateau-labotte.com\/fr_fr\/contact\/#breadcrumb\",\"itemListElement\":[{\"@type\":\"ListItem\",\"position\":1,\"name\":\"Accueil\",\"item\":\"https:\/\/www.chateau-labotte.com\/fr_fr\/\"},{\"@type\":\"ListItem\",\"position\":2,\"name\":\"Contact\"}]},{\"@type\":\"WebSite\",\"@id\":\"https:\/\/www.chateau-labotte.com\/#website\",\"url\":\"https:\/\/www.chateau-labotte.com\/\",\"name\":\"Ch\u00e2teau La Botte\",\"description\":\"Ch\u00e2teau La Botte\",\"publisher\":{\"@id\":\"https:\/\/www.chateau-labotte.com\/#organization\"},\"potentialAction\":[{\"@type\":\"SearchAction\",\"target\":{\"@type\":\"EntryPoint\",\"urlTemplate\":\"https:\/\/www.chateau-labotte.com\/?s={search_term_string}\"},\"query-input\":{\"@type\":\"PropertyValueSpecification\",\"valueRequired\":true,\"valueName\":\"search_term_string\"}}],\"inLanguage\":\"fr-FR\"},{\"@type\":\"Organization\",\"@id\":\"https:\/\/www.chateau-labotte.com\/#organization\",\"name\":\"Ch\u00e2teau La Botte\",\"url\":\"https:\/\/www.chateau-labotte.com\/\",\"logo\":{\"@type\":\"ImageObject\",\"inLanguage\":\"fr-FR\",\"@id\":\"https:\/\/www.chateau-labotte.com\/#\/schema\/logo\/image\/\",\"url\":\"https:\/\/www.chateau-labotte.com\/wp-content\/uploads\/2024\/10\/cropped-logo-1-e1730121899770-1.png\",\"contentUrl\":\"https:\/\/www.chateau-labotte.com\/wp-content\/uploads\/2024\/10\/cropped-logo-1-e1730121899770-1.png\",\"width\":342,\"height\":176,\"caption\":\"Ch\u00e2teau La Botte\"},\"image\":{\"@id\":\"https:\/\/www.chateau-labotte.com\/#\/schema\/logo\/image\/\"}}]}<\/script>\n<!-- \/ Yoast SEO plugin. -->","yoast_head_json":{"title":"Contact - Ch\u00e2teau La Botte - Vente de Vin \u00e0 Blaye C\u00f4tes de Bordeaux","description":"Une question ? Une commande de vin ? Contactez-nous directement au Ch\u00e2teau La Botte, propri\u00e9t\u00e9 viticole familiale \u00e0 Campugnan (33390).","robots":{"index":"index","follow":"follow","max-snippet":"max-snippet:-1","max-image-preview":"max-image-preview:large","max-video-preview":"max-video-preview:-1"},"canonical":"https:\/\/www.chateau-labotte.com\/fr_fr\/contact\/","og_locale":"fr_FR","og_type":"article","og_title":"Contact - Ch\u00e2teau La Botte - Vente de Vin \u00e0 Blaye C\u00f4tes de Bordeaux","og_description":"Une question ? Une commande de vin ? Contactez-nous directement au Ch\u00e2teau La Botte, propri\u00e9t\u00e9 viticole familiale \u00e0 Campugnan (33390).","og_url":"https:\/\/www.chateau-labotte.com\/fr_fr\/contact\/","og_site_name":"Ch\u00e2teau La Botte","article_modified_time":"2026-01-21T08:23:28+00:00","twitter_card":"summary_large_image","twitter_misc":{"Dur\u00e9e de lecture estim\u00e9e":"1 minute"},"schema":{"@context":"https:\/\/schema.org","@graph":[{"@type":"WebPage","@id":"https:\/\/www.chateau-labotte.com\/fr_fr\/contact\/","url":"https:\/\/www.chateau-labotte.com\/fr_fr\/contact\/","name":"Contact - Ch\u00e2teau La Botte - Vente de Vin \u00e0 Blaye C\u00f4tes de Bordeaux","isPartOf":{"@id":"https:\/\/www.chateau-labotte.com\/#website"},"datePublished":"2023-01-11T16:36:13+00:00","dateModified":"2026-01-21T08:23:28+00:00","description":"Une question ? Une commande de vin ? Contactez-nous directement au Ch\u00e2teau La Botte, propri\u00e9t\u00e9 viticole familiale \u00e0 Campugnan (33390).","breadcrumb":{"@id":"https:\/\/www.chateau-labotte.com\/fr_fr\/contact\/#breadcrumb"},"inLanguage":"fr-FR","potentialAction":[{"@type":"ReadAction","target":["https:\/\/www.chateau-labotte.com\/fr_fr\/contact\/"]}]},{"@type":"BreadcrumbList","@id":"https:\/\/www.chateau-labotte.com\/fr_fr\/contact\/#breadcrumb","itemListElement":[{"@type":"ListItem","position":1,"name":"Accueil","item":"https:\/\/www.chateau-labotte.com\/fr_fr\/"},{"@type":"ListItem","position":2,"name":"Contact"}]},{"@type":"WebSite","@id":"https:\/\/www.chateau-labotte.com\/#website","url":"https:\/\/www.chateau-labotte.com\/","name":"Ch\u00e2teau La Botte","description":"Ch\u00e2teau La Botte","publisher":{"@id":"https:\/\/www.chateau-labotte.com\/#organization"},"potentialAction":[{"@type":"SearchAction","target":{"@type":"EntryPoint","urlTemplate":"https:\/\/www.chateau-labotte.com\/?s={search_term_string}"},"query-input":{"@type":"PropertyValueSpecification","valueRequired":true,"valueName":"search_term_string"}}],"inLanguage":"fr-FR"},{"@type":"Organization","@id":"https:\/\/www.chateau-labotte.com\/#organization","name":"Ch\u00e2teau La Botte","url":"https:\/\/www.chateau-labotte.com\/","logo":{"@type":"ImageObject","inLanguage":"fr-FR","@id":"https:\/\/www.chateau-labotte.com\/#\/schema\/logo\/image\/","url":"https:\/\/www.chateau-labotte.com\/wp-content\/uploads\/2024\/10\/cropped-logo-1-e1730121899770-1.png","contentUrl":"https:\/\/www.chateau-labotte.com\/wp-content\/uploads\/2024\/10\/cropped-logo-1-e1730121899770-1.png","width":342,"height":176,"caption":"Ch\u00e2teau La Botte"},"image":{"@id":"https:\/\/www.chateau-labotte.com\/#\/schema\/logo\/image\/"}}]}},"jetpack_sharing_enabled":true,"_links":{"self":[{"href":"https:\/\/www.chateau-labotte.com\/fr_fr\/wp-json\/wp\/v2\/pages\/6104","targetHints":{"allow":["GET"]}}],"collection":[{"href":"https:\/\/www.chateau-labotte.com\/fr_fr\/wp-json\/wp\/v2\/pages"}],"about":[{"href":"https:\/\/www.chateau-labotte.com\/fr_fr\/wp-json\/wp\/v2\/types\/page"}],"author":[{"embeddable":true,"href":"https:\/\/www.chateau-labotte.com\/fr_fr\/wp-json\/wp\/v2\/users\/1"}],"replies":[{"embeddable":true,"href":"https:\/\/www.chateau-labotte.com\/fr_fr\/wp-json\/wp\/v2\/comments?post=6104"}],"version-history":[{"count":24,"href":"https:\/\/www.chateau-labotte.com\/fr_fr\/wp-json\/wp\/v2\/pages\/6104\/revisions"}],"predecessor-version":[{"id":12158,"href":"https:\/\/www.chateau-labotte.com\/fr_fr\/wp-json\/wp\/v2\/pages\/6104\/revisions\/12158"}],"wp:attachment":[{"href":"https:\/\/www.chateau-labotte.com\/fr_fr\/wp-json\/wp\/v2\/media?parent=6104"}],"curies":[{"name":"wp","href":"https:\/\/api.w.org\/{rel}","templated":true}]}}