{"id":4838,"date":"2023-01-09T11:44:05","date_gmt":"2023-01-09T11:44:05","guid":{"rendered":"https:\/\/chateau.qodeinteractive.com\/?page_id=4838"},"modified":"2024-12-10T11:31:29","modified_gmt":"2024-12-10T11:31:29","slug":"notre-equipe","status":"publish","type":"page","link":"https:\/\/www.chateau-labotte.com\/fr_fr\/notre-equipe\/","title":{"rendered":"Notre \u00c9quipe"},"content":{"rendered":"\t\t<div data-elementor-type=\"wp-page\" data-elementor-id=\"4838\" class=\"elementor elementor-4838\" data-elementor-post-type=\"page\">\n\t\t\t\t\t\t<section class=\"elementor-section elementor-top-section elementor-element elementor-element-19abbdb elementor-section-full_width elementor-section-height-min-height elementor-section-height-default elementor-section-items-middle\" data-id=\"19abbdb\" data-element_type=\"section\" data-e-type=\"section\" data-settings=\"{&quot;background_background&quot;:&quot;classic&quot;}\">\n\t\t\t\t\t\t<div class=\"elementor-container elementor-column-gap-default\">\n\t\t\t\t\t<div class=\"elementor-column elementor-col-100 elementor-top-column elementor-element elementor-element-5af5458\" data-id=\"5af5458\" data-element_type=\"column\" data-e-type=\"column\">\n\t\t\t<div class=\"elementor-widget-wrap elementor-element-populated\">\n\t\t\t\t\t\t<div class=\"elementor-element elementor-element-262a64c elementor-widget elementor-widget-heading\" data-id=\"262a64c\" data-element_type=\"widget\" data-e-type=\"widget\" data-widget_type=\"heading.default\">\n\t\t\t\t<div class=\"elementor-widget-container\">\n\t\t\t\t\t<h1 class=\"elementor-heading-title elementor-size-default\">Notre \u00c9quipe<\/h1>\t\t\t\t<\/div>\n\t\t\t\t<\/div>\n\t\t\t\t\t<\/div>\n\t\t<\/div>\n\t\t\t\t\t<\/div>\n\t\t<\/section>\n\t\t\t\t<section class=\"elementor-section elementor-top-section elementor-element elementor-element-61f3837 elementor-section-full_width qodef-elementor-content-grid elementor-section-height-default elementor-section-height-default\" data-id=\"61f3837\" data-element_type=\"section\" data-e-type=\"section\">\n\t\t\t\t\t\t<div class=\"elementor-container elementor-column-gap-default\">\n\t\t\t\t\t<div class=\"elementor-column elementor-col-50 elementor-top-column elementor-element elementor-element-3326ee9\" data-id=\"3326ee9\" data-element_type=\"column\" data-e-type=\"column\">\n\t\t\t<div class=\"elementor-widget-wrap elementor-element-populated\">\n\t\t\t\t\t\t<div class=\"elementor-element elementor-element-cd862cb elementor-widget elementor-widget-heading\" data-id=\"cd862cb\" data-element_type=\"widget\" data-e-type=\"widget\" data-widget_type=\"heading.default\">\n\t\t\t\t<div class=\"elementor-widget-container\">\n\t\t\t\t\t<h2 class=\"elementor-heading-title elementor-size-default\">Des personnalit\u00e9s authentiques<\/h2>\t\t\t\t<\/div>\n\t\t\t\t<\/div>\n\t\t\t\t<div class=\"elementor-element elementor-element-1665a0f elementor-widget elementor-widget-text-editor\" data-id=\"1665a0f\" data-element_type=\"widget\" data-e-type=\"widget\" data-widget_type=\"text-editor.default\">\n\t\t\t\t<div class=\"elementor-widget-container\">\n\t\t\t\t\t\t\t\t\t<p>Lorem ipsum dolor sit amet, consectetur adipiscing elit. Ut elit tellus, luctus nec ullamcorper mattis, pulvinar dapibus leo.<\/p>\t\t\t\t\t\t\t\t<\/div>\n\t\t\t\t<\/div>\n\t\t\t\t\t<\/div>\n\t\t<\/div>\n\t\t\t\t<div class=\"elementor-column elementor-col-50 elementor-top-column elementor-element elementor-element-ccf610a\" data-id=\"ccf610a\" data-element_type=\"column\" data-e-type=\"column\">\n\t\t\t<div class=\"elementor-widget-wrap elementor-element-populated\">\n\t\t\t\t\t\t<div class=\"elementor-element elementor-element-c10eab3 elementor-widget elementor-widget-chateau_core_team_list\" data-id=\"c10eab3\" data-element_type=\"widget\" data-e-type=\"widget\" data-widget_type=\"chateau_core_team_list.default\">\n\t\t\t\t<div class=\"elementor-widget-container\">\n\t\t\t\t\t<div class=\"qodef-shortcode qodef-m  qodef-team-list qodef-item-layout--info-below qodef--has-appear qodef-grid qodef-layout--columns  qodef-gutter--medium  qodef-col-num--2 qodef-item-layout--info-below   qodef-pagination--off qodef-responsive--predefined\" data-options=\"{&quot;plugin&quot;:&quot;chateau_core&quot;,&quot;module&quot;:&quot;post-types\\\/team\\\/shortcodes&quot;,&quot;shortcode&quot;:&quot;team-list&quot;,&quot;post_type&quot;:&quot;team&quot;,&quot;next_page&quot;:&quot;2&quot;,&quot;max_pages_num&quot;:3,&quot;behavior&quot;:&quot;columns&quot;,&quot;images_proportion&quot;:&quot;full&quot;,&quot;columns&quot;:&quot;2&quot;,&quot;columns_responsive&quot;:&quot;predefined&quot;,&quot;space&quot;:&quot;medium&quot;,&quot;posts_per_page&quot;:&quot;2&quot;,&quot;orderby&quot;:&quot;date&quot;,&quot;order&quot;:&quot;ASC&quot;,&quot;additional_params&quot;:&quot;tax&quot;,&quot;tax&quot;:&quot;team-category&quot;,&quot;tax_slug&quot;:&quot;vineyard&quot;,&quot;layout&quot;:&quot;info-below&quot;,&quot;title_tag&quot;:&quot;h5&quot;,&quot;pagination_type&quot;:&quot;no-pagination&quot;,&quot;object_class_name&quot;:&quot;ChateauCore_Team_List_Shortcode&quot;,&quot;taxonomy_filter&quot;:&quot;team-category&quot;,&quot;additional_query_args&quot;:{&quot;tax_query&quot;:[{&quot;taxonomy&quot;:&quot;team-category&quot;,&quot;field&quot;:&quot;slug&quot;,&quot;terms&quot;:&quot;vineyard&quot;}]},&quot;item_classes&quot;:&quot;qodef-e qodef-grid-item &quot;,&quot;space_value&quot;:20}\">\n\t\t<div class=\"qodef-grid-inner\">\n\t\t<div class=\"qodef-e qodef-grid-item  post-520 team type-team status-publish has-post-thumbnail hentry team-category-vineyard\">\n\t<div class=\"qodef-e-inner\">\n\t\t<div class=\"qodef-e-image\">\n\t\t\t\t<div class=\"qodef-e-media-image\">\n\t\t\t\t\t<img fetchpriority=\"high\" decoding=\"async\" width=\"800\" height=\"1120\" src=\"https:\/\/www.chateau-labotte.com\/wp-content\/uploads\/2022\/12\/team-img1.jpg\" class=\"attachment-full size-full wp-post-image\" alt=\"a\" loading=\"eager\" srcset=\"https:\/\/www.chateau-labotte.com\/wp-content\/uploads\/2022\/12\/team-img1.jpg 800w, https:\/\/www.chateau-labotte.com\/wp-content\/uploads\/2022\/12\/team-img1-600x840.jpg 600w, https:\/\/www.chateau-labotte.com\/wp-content\/uploads\/2022\/12\/team-img1-214x300.jpg 214w, https:\/\/www.chateau-labotte.com\/wp-content\/uploads\/2022\/12\/team-img1-731x1024.jpg 731w, https:\/\/www.chateau-labotte.com\/wp-content\/uploads\/2022\/12\/team-img1-768x1075.jpg 768w\" sizes=\"(max-width: 800px) 100vw, 800px\" \/>\t\t\t<\/div>\n\t\t<\/div>\n\t\t<div class=\"qodef-e-content\" >\n\t\t\t<h5 itemprop=\"name\" class=\"qodef-e-title entry-title\" >\n\t\t\tAnna Rose\t<\/h5>\n            \t<p class=\"qodef-e-role\">CEO, Oenologist<\/p>\n\t\t\t\t\t\t\t<div class=\"qodef-team-member-social-icons\">\n\t\t\t\t\t<\/div>\n\t\t<\/div>\n\t<\/div>\n<\/div>\n<div class=\"qodef-e qodef-grid-item  post-533 team type-team status-publish has-post-thumbnail hentry team-category-vineyard\">\n\t<div class=\"qodef-e-inner\">\n\t\t<div class=\"qodef-e-image\">\n\t\t\t\t<div class=\"qodef-e-media-image\">\n\t\t\t\t\t<img decoding=\"async\" width=\"800\" height=\"1120\" src=\"https:\/\/www.chateau-labotte.com\/wp-content\/uploads\/2022\/12\/team-img2.jpg\" class=\"attachment-full size-full wp-post-image\" alt=\"a\" loading=\"eager\" srcset=\"https:\/\/www.chateau-labotte.com\/wp-content\/uploads\/2022\/12\/team-img2.jpg 800w, https:\/\/www.chateau-labotte.com\/wp-content\/uploads\/2022\/12\/team-img2-600x840.jpg 600w, https:\/\/www.chateau-labotte.com\/wp-content\/uploads\/2022\/12\/team-img2-214x300.jpg 214w, https:\/\/www.chateau-labotte.com\/wp-content\/uploads\/2022\/12\/team-img2-731x1024.jpg 731w, https:\/\/www.chateau-labotte.com\/wp-content\/uploads\/2022\/12\/team-img2-768x1075.jpg 768w\" sizes=\"(max-width: 800px) 100vw, 800px\" \/>\t\t\t<\/div>\n\t\t<\/div>\n\t\t<div class=\"qodef-e-content\" >\n\t\t\t<h5 itemprop=\"name\" class=\"qodef-e-title entry-title\" >\n\t\t\tRalph Baker\t<\/h5>\n            \t<p class=\"qodef-e-role\">Tour Guide<\/p>\n\t\t\t\t\t\t\t<div class=\"qodef-team-member-social-icons\">\n\t\t\t\t\t<\/div>\n\t\t<\/div>\n\t<\/div>\n<\/div>\n\t<\/div>\n\t<\/div>\n\t\t\t\t<\/div>\n\t\t\t\t<\/div>\n\t\t\t\t\t<\/div>\n\t\t<\/div>\n\t\t\t\t\t<\/div>\n\t\t<\/section>\n\t\t\t\t<section class=\"elementor-section elementor-top-section elementor-element elementor-element-e69cf9a elementor-section-full_width qodef-elementor-content-grid elementor-section-height-default elementor-section-height-default\" data-id=\"e69cf9a\" data-element_type=\"section\" data-e-type=\"section\">\n\t\t\t\t\t\t<div class=\"elementor-container elementor-column-gap-default\">\n\t\t\t\t\t<div class=\"elementor-column elementor-col-100 elementor-top-column elementor-element elementor-element-efddcd3\" data-id=\"efddcd3\" data-element_type=\"column\" data-e-type=\"column\">\n\t\t\t<div class=\"elementor-widget-wrap elementor-element-populated\">\n\t\t\t\t\t\t<div class=\"elementor-element elementor-element-e094625 elementor-widget elementor-widget-chateau_core_team_list\" data-id=\"e094625\" data-element_type=\"widget\" data-e-type=\"widget\" data-widget_type=\"chateau_core_team_list.default\">\n\t\t\t\t<div class=\"elementor-widget-container\">\n\t\t\t\t\t<div class=\"qodef-shortcode qodef-m  qodef-team-list qodef-item-layout--info-below  qodef-grid qodef-layout--columns  qodef-gutter--medium qodef-vertical-gutter--huge qodef-col-num--3 qodef-item-layout--info-below   qodef-pagination--off qodef-responsive--custom qodef-col-num--1440--3 qodef-col-num--1366--3 qodef-col-num--1024--3 qodef-col-num--768--1 qodef-col-num--680--1 qodef-col-num--480--1\" data-options=\"{&quot;plugin&quot;:&quot;chateau_core&quot;,&quot;module&quot;:&quot;post-types\\\/team\\\/shortcodes&quot;,&quot;shortcode&quot;:&quot;team-list&quot;,&quot;post_type&quot;:&quot;team&quot;,&quot;next_page&quot;:&quot;2&quot;,&quot;behavior&quot;:&quot;columns&quot;,&quot;images_proportion&quot;:&quot;full&quot;,&quot;columns&quot;:&quot;3&quot;,&quot;columns_responsive&quot;:&quot;custom&quot;,&quot;columns_1440&quot;:&quot;3&quot;,&quot;columns_1366&quot;:&quot;3&quot;,&quot;columns_1024&quot;:&quot;3&quot;,&quot;columns_768&quot;:&quot;1&quot;,&quot;columns_680&quot;:&quot;1&quot;,&quot;columns_480&quot;:&quot;1&quot;,&quot;space&quot;:&quot;medium&quot;,&quot;vertical_space&quot;:&quot;huge&quot;,&quot;appear_animation&quot;:&quot;no&quot;,&quot;posts_per_page&quot;:&quot;3&quot;,&quot;orderby&quot;:&quot;date&quot;,&quot;order&quot;:&quot;ASC&quot;,&quot;additional_params&quot;:&quot;tax&quot;,&quot;tax&quot;:&quot;team-category&quot;,&quot;tax_slug&quot;:&quot;Team&quot;,&quot;layout&quot;:&quot;info-below&quot;,&quot;title_tag&quot;:&quot;h4&quot;,&quot;pagination_type&quot;:&quot;no-pagination&quot;,&quot;info_below_content_alignment&quot;:&quot;center&quot;,&quot;object_class_name&quot;:&quot;ChateauCore_Team_List_Shortcode&quot;,&quot;taxonomy_filter&quot;:&quot;team-category&quot;,&quot;additional_query_args&quot;:{&quot;tax_query&quot;:[{&quot;taxonomy&quot;:&quot;team-category&quot;,&quot;field&quot;:&quot;slug&quot;,&quot;terms&quot;:&quot;Team&quot;}]},&quot;item_classes&quot;:&quot;qodef-e qodef-grid-item &quot;,&quot;space_value&quot;:20}\">\n\t\t<div class=\"qodef-grid-inner\">\n\t\t<p class=\"qodef-m-posts-not-found qodef-grid-item\">No posts were found for provided query parameters.<\/p>\n\t<\/div>\n\t<\/div>\n\t\t\t\t<\/div>\n\t\t\t\t<\/div>\n\t\t\t\t\t<\/div>\n\t\t<\/div>\n\t\t\t\t\t<\/div>\n\t\t<\/section>\n\t\t\t\t<\/div>\n\t\t","protected":false},"excerpt":{"rendered":"<p>Notre \u00c9quipe Des personnalit\u00e9s authentiques Lorem ipsum dolor sit amet, consectetur adipiscing elit. Ut elit tellus, luctus nec ullamcorper mattis, pulvinar dapibus leo. Anna Rose CEO, Oenologist Ralph Baker Tour Guide Claudia Hopkins CEO, Oenologist Robert Moore Sommelier Nora Simens Tour Guide<\/p>\n","protected":false},"author":1,"featured_media":0,"parent":0,"menu_order":0,"comment_status":"closed","ping_status":"closed","template":"page-full-width.php","meta":{"footnotes":""},"class_list":["post-4838","page","type-page","status-publish","hentry"],"yoast_head":"<!-- This site is optimized with the Yoast SEO plugin v26.9 - https:\/\/yoast.com\/product\/yoast-seo-wordpress\/ -->\n<title>Notre \u00c9quipe - Ch\u00e2teau La Botte<\/title>\n<meta name=\"robots\" content=\"index, follow, max-snippet:-1, max-image-preview:large, max-video-preview:-1\" \/>\n<link rel=\"canonical\" href=\"https:\/\/www.chateau-labotte.com\/fr_fr\/notre-equipe\/\" \/>\n<meta property=\"og:locale\" content=\"fr_FR\" \/>\n<meta property=\"og:type\" content=\"article\" \/>\n<meta property=\"og:title\" content=\"Notre \u00c9quipe - Ch\u00e2teau La Botte\" \/>\n<meta property=\"og:description\" content=\"Notre \u00c9quipe Des personnalit\u00e9s authentiques Lorem ipsum dolor sit amet, consectetur adipiscing elit. Ut elit tellus, luctus nec ullamcorper mattis, pulvinar dapibus leo. Anna Rose CEO, Oenologist Ralph Baker Tour Guide Claudia Hopkins CEO, Oenologist Robert Moore Sommelier Nora Simens Tour Guide\" \/>\n<meta property=\"og:url\" content=\"https:\/\/www.chateau-labotte.com\/fr_fr\/notre-equipe\/\" \/>\n<meta property=\"og:site_name\" content=\"Ch\u00e2teau La Botte\" \/>\n<meta property=\"article:modified_time\" content=\"2024-12-10T11:31:29+00:00\" \/>\n<meta property=\"og:image\" content=\"https:\/\/www.chateau-labotte.com\/wp-content\/uploads\/2022\/12\/team-img1.jpg\" \/>\n<meta name=\"twitter:card\" content=\"summary_large_image\" \/>\n<script type=\"application\/ld+json\" class=\"yoast-schema-graph\">{\"@context\":\"https:\/\/schema.org\",\"@graph\":[{\"@type\":\"WebPage\",\"@id\":\"https:\/\/www.chateau-labotte.com\/notre-equipe\/\",\"url\":\"https:\/\/www.chateau-labotte.com\/notre-equipe\/\",\"name\":\"Notre \u00c9quipe - Ch\u00e2teau La Botte\",\"isPartOf\":{\"@id\":\"https:\/\/www.chateau-labotte.com\/#website\"},\"primaryImageOfPage\":{\"@id\":\"https:\/\/www.chateau-labotte.com\/notre-equipe\/#primaryimage\"},\"image\":{\"@id\":\"https:\/\/www.chateau-labotte.com\/notre-equipe\/#primaryimage\"},\"thumbnailUrl\":\"https:\/\/www.chateau-labotte.com\/wp-content\/uploads\/2022\/12\/team-img1.jpg\",\"datePublished\":\"2023-01-09T11:44:05+00:00\",\"dateModified\":\"2024-12-10T11:31:29+00:00\",\"breadcrumb\":{\"@id\":\"https:\/\/www.chateau-labotte.com\/notre-equipe\/#breadcrumb\"},\"inLanguage\":\"fr-FR\",\"potentialAction\":[{\"@type\":\"ReadAction\",\"target\":[\"https:\/\/www.chateau-labotte.com\/notre-equipe\/\"]}]},{\"@type\":\"ImageObject\",\"inLanguage\":\"fr-FR\",\"@id\":\"https:\/\/www.chateau-labotte.com\/notre-equipe\/#primaryimage\",\"url\":\"https:\/\/www.chateau-labotte.com\/wp-content\/uploads\/2022\/12\/team-img1.jpg\",\"contentUrl\":\"https:\/\/www.chateau-labotte.com\/wp-content\/uploads\/2022\/12\/team-img1.jpg\"},{\"@type\":\"BreadcrumbList\",\"@id\":\"https:\/\/www.chateau-labotte.com\/notre-equipe\/#breadcrumb\",\"itemListElement\":[{\"@type\":\"ListItem\",\"position\":1,\"name\":\"Accueil\",\"item\":\"https:\/\/www.chateau-labotte.com\/fr_fr\/\"},{\"@type\":\"ListItem\",\"position\":2,\"name\":\"Notre \u00c9quipe\"}]},{\"@type\":\"WebSite\",\"@id\":\"https:\/\/www.chateau-labotte.com\/#website\",\"url\":\"https:\/\/www.chateau-labotte.com\/\",\"name\":\"Ch\u00e2teau La Botte\",\"description\":\"Ch\u00e2teau La Botte\",\"publisher\":{\"@id\":\"https:\/\/www.chateau-labotte.com\/#organization\"},\"potentialAction\":[{\"@type\":\"SearchAction\",\"target\":{\"@type\":\"EntryPoint\",\"urlTemplate\":\"https:\/\/www.chateau-labotte.com\/?s={search_term_string}\"},\"query-input\":{\"@type\":\"PropertyValueSpecification\",\"valueRequired\":true,\"valueName\":\"search_term_string\"}}],\"inLanguage\":\"fr-FR\"},{\"@type\":\"Organization\",\"@id\":\"https:\/\/www.chateau-labotte.com\/#organization\",\"name\":\"Ch\u00e2teau La Botte\",\"url\":\"https:\/\/www.chateau-labotte.com\/\",\"logo\":{\"@type\":\"ImageObject\",\"inLanguage\":\"fr-FR\",\"@id\":\"https:\/\/www.chateau-labotte.com\/#\/schema\/logo\/image\/\",\"url\":\"https:\/\/www.chateau-labotte.com\/wp-content\/uploads\/2024\/10\/cropped-logo-1-e1730121899770-1.png\",\"contentUrl\":\"https:\/\/www.chateau-labotte.com\/wp-content\/uploads\/2024\/10\/cropped-logo-1-e1730121899770-1.png\",\"width\":342,\"height\":176,\"caption\":\"Ch\u00e2teau La Botte\"},\"image\":{\"@id\":\"https:\/\/www.chateau-labotte.com\/#\/schema\/logo\/image\/\"}}]}<\/script>\n<!-- \/ Yoast SEO plugin. -->","yoast_head_json":{"title":"Notre \u00c9quipe - Ch\u00e2teau La Botte","robots":{"index":"index","follow":"follow","max-snippet":"max-snippet:-1","max-image-preview":"max-image-preview:large","max-video-preview":"max-video-preview:-1"},"canonical":"https:\/\/www.chateau-labotte.com\/fr_fr\/notre-equipe\/","og_locale":"fr_FR","og_type":"article","og_title":"Notre \u00c9quipe - Ch\u00e2teau La Botte","og_description":"Notre \u00c9quipe Des personnalit\u00e9s authentiques Lorem ipsum dolor sit amet, consectetur adipiscing elit. Ut elit tellus, luctus nec ullamcorper mattis, pulvinar dapibus leo. Anna Rose CEO, Oenologist Ralph Baker Tour Guide Claudia Hopkins CEO, Oenologist Robert Moore Sommelier Nora Simens Tour Guide","og_url":"https:\/\/www.chateau-labotte.com\/fr_fr\/notre-equipe\/","og_site_name":"Ch\u00e2teau La Botte","article_modified_time":"2024-12-10T11:31:29+00:00","og_image":[{"url":"https:\/\/www.chateau-labotte.com\/wp-content\/uploads\/2022\/12\/team-img1.jpg","type":"","width":"","height":""}],"twitter_card":"summary_large_image","schema":{"@context":"https:\/\/schema.org","@graph":[{"@type":"WebPage","@id":"https:\/\/www.chateau-labotte.com\/notre-equipe\/","url":"https:\/\/www.chateau-labotte.com\/notre-equipe\/","name":"Notre \u00c9quipe - Ch\u00e2teau La Botte","isPartOf":{"@id":"https:\/\/www.chateau-labotte.com\/#website"},"primaryImageOfPage":{"@id":"https:\/\/www.chateau-labotte.com\/notre-equipe\/#primaryimage"},"image":{"@id":"https:\/\/www.chateau-labotte.com\/notre-equipe\/#primaryimage"},"thumbnailUrl":"https:\/\/www.chateau-labotte.com\/wp-content\/uploads\/2022\/12\/team-img1.jpg","datePublished":"2023-01-09T11:44:05+00:00","dateModified":"2024-12-10T11:31:29+00:00","breadcrumb":{"@id":"https:\/\/www.chateau-labotte.com\/notre-equipe\/#breadcrumb"},"inLanguage":"fr-FR","potentialAction":[{"@type":"ReadAction","target":["https:\/\/www.chateau-labotte.com\/notre-equipe\/"]}]},{"@type":"ImageObject","inLanguage":"fr-FR","@id":"https:\/\/www.chateau-labotte.com\/notre-equipe\/#primaryimage","url":"https:\/\/www.chateau-labotte.com\/wp-content\/uploads\/2022\/12\/team-img1.jpg","contentUrl":"https:\/\/www.chateau-labotte.com\/wp-content\/uploads\/2022\/12\/team-img1.jpg"},{"@type":"BreadcrumbList","@id":"https:\/\/www.chateau-labotte.com\/notre-equipe\/#breadcrumb","itemListElement":[{"@type":"ListItem","position":1,"name":"Accueil","item":"https:\/\/www.chateau-labotte.com\/fr_fr\/"},{"@type":"ListItem","position":2,"name":"Notre \u00c9quipe"}]},{"@type":"WebSite","@id":"https:\/\/www.chateau-labotte.com\/#website","url":"https:\/\/www.chateau-labotte.com\/","name":"Ch\u00e2teau La Botte","description":"Ch\u00e2teau La Botte","publisher":{"@id":"https:\/\/www.chateau-labotte.com\/#organization"},"potentialAction":[{"@type":"SearchAction","target":{"@type":"EntryPoint","urlTemplate":"https:\/\/www.chateau-labotte.com\/?s={search_term_string}"},"query-input":{"@type":"PropertyValueSpecification","valueRequired":true,"valueName":"search_term_string"}}],"inLanguage":"fr-FR"},{"@type":"Organization","@id":"https:\/\/www.chateau-labotte.com\/#organization","name":"Ch\u00e2teau La Botte","url":"https:\/\/www.chateau-labotte.com\/","logo":{"@type":"ImageObject","inLanguage":"fr-FR","@id":"https:\/\/www.chateau-labotte.com\/#\/schema\/logo\/image\/","url":"https:\/\/www.chateau-labotte.com\/wp-content\/uploads\/2024\/10\/cropped-logo-1-e1730121899770-1.png","contentUrl":"https:\/\/www.chateau-labotte.com\/wp-content\/uploads\/2024\/10\/cropped-logo-1-e1730121899770-1.png","width":342,"height":176,"caption":"Ch\u00e2teau La Botte"},"image":{"@id":"https:\/\/www.chateau-labotte.com\/#\/schema\/logo\/image\/"}}]}},"jetpack_sharing_enabled":true,"_links":{"self":[{"href":"https:\/\/www.chateau-labotte.com\/fr_fr\/wp-json\/wp\/v2\/pages\/4838","targetHints":{"allow":["GET"]}}],"collection":[{"href":"https:\/\/www.chateau-labotte.com\/fr_fr\/wp-json\/wp\/v2\/pages"}],"about":[{"href":"https:\/\/www.chateau-labotte.com\/fr_fr\/wp-json\/wp\/v2\/types\/page"}],"author":[{"embeddable":true,"href":"https:\/\/www.chateau-labotte.com\/fr_fr\/wp-json\/wp\/v2\/users\/1"}],"replies":[{"embeddable":true,"href":"https:\/\/www.chateau-labotte.com\/fr_fr\/wp-json\/wp\/v2\/comments?post=4838"}],"version-history":[{"count":17,"href":"https:\/\/www.chateau-labotte.com\/fr_fr\/wp-json\/wp\/v2\/pages\/4838\/revisions"}],"predecessor-version":[{"id":10580,"href":"https:\/\/www.chateau-labotte.com\/fr_fr\/wp-json\/wp\/v2\/pages\/4838\/revisions\/10580"}],"wp:attachment":[{"href":"https:\/\/www.chateau-labotte.com\/fr_fr\/wp-json\/wp\/v2\/media?parent=4838"}],"curies":[{"name":"wp","href":"https:\/\/api.w.org\/{rel}","templated":true}]}}