{"id":2556,"date":"2022-12-28T14:22:02","date_gmt":"2022-12-28T14:22:02","guid":{"rendered":"https:\/\/chateau.qodeinteractive.com\/?page_id=2556"},"modified":"2025-10-14T09:03:50","modified_gmt":"2025-10-14T09:03:50","slug":"actualites","status":"publish","type":"page","link":"https:\/\/www.chateau-labotte.com\/fr_fr\/actualites\/","title":{"rendered":"Actualit\u00e9s"},"content":{"rendered":"\t\t<div data-elementor-type=\"wp-page\" data-elementor-id=\"2556\" class=\"elementor elementor-2556\" data-elementor-post-type=\"page\">\n\t\t\t\t<div class=\"elementor-element elementor-element-fd8975a e-con-full e-flex e-con e-parent\" data-id=\"fd8975a\" data-element_type=\"container\" data-e-type=\"container\">\n\t\t\t\t<div class=\"elementor-element elementor-element-1b70a50 elementor-widget elementor-widget-heading\" data-id=\"1b70a50\" data-element_type=\"widget\" data-e-type=\"widget\" data-widget_type=\"heading.default\">\n\t\t\t\t<div class=\"elementor-widget-container\">\n\t\t\t\t\t<h2 class=\"elementor-heading-title elementor-size-default\">Blog<\/h2>\t\t\t\t<\/div>\n\t\t\t\t<\/div>\n\t\t\t\t<div class=\"elementor-element elementor-element-1cd7435 elementor-widget elementor-widget-video\" data-id=\"1cd7435\" data-element_type=\"widget\" data-e-type=\"widget\" data-settings=\"{&quot;youtube_url&quot;:&quot;https:\\\/\\\/youtu.be\\\/JJHQVfdoM4g&quot;,&quot;video_type&quot;:&quot;youtube&quot;,&quot;controls&quot;:&quot;yes&quot;}\" data-widget_type=\"video.default\">\n\t\t\t\t<div class=\"elementor-widget-container\">\n\t\t\t\t\t\t\t<div class=\"elementor-wrapper elementor-open-inline\">\n\t\t\t<div class=\"elementor-video\"><\/div>\t\t<\/div>\n\t\t\t\t\t\t<\/div>\n\t\t\t\t<\/div>\n\t\t<div class=\"elementor-element elementor-element-b18beb5 e-con-full e-flex e-con e-child\" data-id=\"b18beb5\" data-element_type=\"container\" data-e-type=\"container\">\n\t\t\t\t<\/div>\n\t\t\t\t<\/div>\n\t\t<div class=\"elementor-element elementor-element-e06cb88 e-grid e-con-boxed e-con e-parent\" data-id=\"e06cb88\" data-element_type=\"container\" data-e-type=\"container\">\n\t\t\t\t\t<div class=\"e-con-inner\">\n\t\t\t\t<div class=\"elementor-element elementor-element-24e59d1 elementor-widget elementor-widget-text-editor\" data-id=\"24e59d1\" data-element_type=\"widget\" data-e-type=\"widget\" data-widget_type=\"text-editor.default\">\n\t\t\t\t<div class=\"elementor-widget-container\">\n\t\t\t\t\t\t\t\t\t<p><strong><span style=\"text-decoration: underline;\">18 et 19 Octobre 2025<\/span><\/strong><\/p><p>\u00a0\u00bb Tour des chais \u00a0\u00bb : 2 journ\u00e9es pour d\u00e9couvrir, nos vins, notre domaine \u00e0 Ernage en Belgique.<\/p>\t\t\t\t\t\t\t\t<\/div>\n\t\t\t\t<\/div>\n\t\t\t\t<div class=\"elementor-element elementor-element-fff73fc elementor-widget elementor-widget-text-editor\" data-id=\"fff73fc\" data-element_type=\"widget\" data-e-type=\"widget\" data-widget_type=\"text-editor.default\">\n\t\t\t\t<div class=\"elementor-widget-container\">\n\t\t\t\t\t\t\t\t\t<p><span style=\"text-decoration: underline;\"><strong>15 et 16 Novembre 2025<\/strong><\/span><\/p><p>On se retrouve pour notre \u00ab\u00a0P&rsquo;tit March\u00e9\u00a0\u00bb gourmand au sein de notre propri\u00e9t\u00e9.<\/p>\t\t\t\t\t\t\t\t<\/div>\n\t\t\t\t<\/div>\n\t\t\t\t<div class=\"elementor-element elementor-element-1badef7 elementor-widget elementor-widget-text-editor\" data-id=\"1badef7\" data-element_type=\"widget\" data-e-type=\"widget\" data-widget_type=\"text-editor.default\">\n\t\t\t\t<div class=\"elementor-widget-container\">\n\t\t\t\t\t\t\t\t\t<p><span style=\"text-decoration: underline;\"><strong>30 Novembre 2025<\/strong><\/span><\/p><p>On se retrouve \u00e0 la F\u00eate de la Soupe \u00e0 La Gacilly dans le 56.<\/p>\t\t\t\t\t\t\t\t<\/div>\n\t\t\t\t<\/div>\n\t\t\t\t<div class=\"elementor-element elementor-element-0001da4 elementor-widget elementor-widget-text-editor\" data-id=\"0001da4\" data-element_type=\"widget\" data-e-type=\"widget\" data-widget_type=\"text-editor.default\">\n\t\t\t\t<div class=\"elementor-widget-container\">\n\t\t\t\t\t\t\t\t\t<p><span style=\"text-decoration: underline;\"><strong>5,6 et 7 D\u00e9cembre 2025<\/strong><\/span><\/p><p>Venez nous retrouver sur le march\u00e9 de No\u00ebl de Chatou dans le 78.<\/p>\t\t\t\t\t\t\t\t<\/div>\n\t\t\t\t<\/div>\n\t\t\t\t<div class=\"elementor-element elementor-element-789ce23 elementor-widget elementor-widget-text-editor\" data-id=\"789ce23\" data-element_type=\"widget\" data-e-type=\"widget\" data-widget_type=\"text-editor.default\">\n\t\t\t\t<div class=\"elementor-widget-container\">\n\t\t\t\t\t\t\t\t\t<p><span style=\"text-decoration: underline;\"><strong>13 et 14 D\u00e9cembre 2025\u00a0<\/strong><\/span><\/p><p>Nous serons pr\u00e9sents au March\u00e9 de No\u00ebl d&rsquo;Anneville sur Scie dans le 76.<\/p>\t\t\t\t\t\t\t\t<\/div>\n\t\t\t\t<\/div>\n\t\t\t\t<div class=\"elementor-element elementor-element-010ba84 elementor-widget elementor-widget-text-editor\" data-id=\"010ba84\" data-element_type=\"widget\" data-e-type=\"widget\" data-widget_type=\"text-editor.default\">\n\t\t\t\t<div class=\"elementor-widget-container\">\n\t\t\t\t\t\t\t\t\t<p><span style=\"text-decoration: underline;\"><strong>20 D\u00e9cembre 2025<\/strong><\/span>\u00a0<\/p><p>Venez me rencontrer au March\u00e9 des Capucins sur Bordeaux.<\/p>\t\t\t\t\t\t\t\t<\/div>\n\t\t\t\t<\/div>\n\t\t\t\t<div class=\"elementor-element elementor-element-a693254 elementor-widget elementor-widget-text-editor\" data-id=\"a693254\" data-element_type=\"widget\" data-e-type=\"widget\" data-widget_type=\"text-editor.default\">\n\t\t\t\t<div class=\"elementor-widget-container\">\n\t\t\t\t\t\t\t\t\t<p><span style=\"text-decoration: underline;\"><strong>6,7 et 8 F\u00e9vrier 2026<\/strong><\/span><\/p><p>Retrouvez nous au salon de Perwex en Belgique.<\/p>\t\t\t\t\t\t\t\t<\/div>\n\t\t\t\t<\/div>\n\t\t\t\t\t<\/div>\n\t\t\t\t<\/div>\n\t\t<div class=\"elementor-element elementor-element-c8e7913 e-flex e-con-boxed e-con e-parent\" data-id=\"c8e7913\" data-element_type=\"container\" data-e-type=\"container\">\n\t\t\t\t\t<div class=\"e-con-inner\">\n\t\t\t\t\t<\/div>\n\t\t\t\t<\/div>\n\t\t\t\t<\/div>\n\t\t","protected":false},"excerpt":{"rendered":"<p>Blog https:\/\/youtu.be\/JJHQVfdoM4g 18 et 19 Octobre 2025 \u00a0\u00bb Tour des chais \u00a0\u00bb : 2 journ\u00e9es pour d\u00e9couvrir, nos vins, notre domaine \u00e0 Ernage en Belgique. 15 et 16 Novembre 2025 On se retrouve pour notre \u00ab\u00a0P&rsquo;tit March\u00e9\u00a0\u00bb gourmand au sein de notre propri\u00e9t\u00e9. 30 Novembre 2025 On se retrouve \u00e0 la F\u00eate de la Soupe [&hellip;]<\/p>\n","protected":false},"author":1,"featured_media":0,"parent":0,"menu_order":0,"comment_status":"closed","ping_status":"closed","template":"","meta":{"footnotes":""},"class_list":["post-2556","page","type-page","status-publish","hentry"],"yoast_head":"<!-- This site is optimized with the Yoast SEO plugin v26.9 - https:\/\/yoast.com\/product\/yoast-seo-wordpress\/ -->\n<title>Actualit\u00e9s - Ch\u00e2teau La Botte - \u00c9v\u00e9nements et Vie du Domaine<\/title>\n<meta name=\"description\" content=\"Suivez toute l&#039;actualit\u00e9 du Ch\u00e2teau La Botte : \u00e9v\u00e9nements, nouveaut\u00e9s, vendanges et conseils autour de nos vins de Blaye C\u00f4tes de Bordeaux.\" \/>\n<meta name=\"robots\" content=\"index, follow, max-snippet:-1, max-image-preview:large, max-video-preview:-1\" \/>\n<link rel=\"canonical\" href=\"https:\/\/www.chateau-labotte.com\/fr_fr\/actualites\/\" \/>\n<meta property=\"og:locale\" content=\"fr_FR\" \/>\n<meta property=\"og:type\" content=\"article\" \/>\n<meta property=\"og:title\" content=\"Actualit\u00e9s - Ch\u00e2teau La Botte - \u00c9v\u00e9nements et Vie du Domaine\" \/>\n<meta property=\"og:description\" content=\"Suivez toute l&#039;actualit\u00e9 du Ch\u00e2teau La Botte : \u00e9v\u00e9nements, nouveaut\u00e9s, vendanges et conseils autour de nos vins de Blaye C\u00f4tes de Bordeaux.\" \/>\n<meta property=\"og:url\" content=\"https:\/\/www.chateau-labotte.com\/fr_fr\/actualites\/\" \/>\n<meta property=\"og:site_name\" content=\"Ch\u00e2teau La Botte\" \/>\n<meta property=\"article:modified_time\" content=\"2025-10-14T09:03:50+00:00\" \/>\n<meta name=\"twitter:card\" content=\"summary_large_image\" \/>\n<meta name=\"twitter:label1\" content=\"Dur\u00e9e de lecture estim\u00e9e\" \/>\n\t<meta name=\"twitter:data1\" content=\"1 minute\" \/>\n<script type=\"application\/ld+json\" class=\"yoast-schema-graph\">{\"@context\":\"https:\/\/schema.org\",\"@graph\":[{\"@type\":\"WebPage\",\"@id\":\"https:\/\/www.chateau-labotte.com\/actualites\/\",\"url\":\"https:\/\/www.chateau-labotte.com\/actualites\/\",\"name\":\"Actualit\u00e9s - Ch\u00e2teau La Botte - \u00c9v\u00e9nements et Vie du Domaine\",\"isPartOf\":{\"@id\":\"https:\/\/www.chateau-labotte.com\/#website\"},\"datePublished\":\"2022-12-28T14:22:02+00:00\",\"dateModified\":\"2025-10-14T09:03:50+00:00\",\"description\":\"Suivez toute l'actualit\u00e9 du Ch\u00e2teau La Botte : \u00e9v\u00e9nements, nouveaut\u00e9s, vendanges et conseils autour de nos vins de Blaye C\u00f4tes de Bordeaux.\",\"breadcrumb\":{\"@id\":\"https:\/\/www.chateau-labotte.com\/actualites\/#breadcrumb\"},\"inLanguage\":\"fr-FR\",\"potentialAction\":[{\"@type\":\"ReadAction\",\"target\":[\"https:\/\/www.chateau-labotte.com\/actualites\/\"]}]},{\"@type\":\"BreadcrumbList\",\"@id\":\"https:\/\/www.chateau-labotte.com\/actualites\/#breadcrumb\",\"itemListElement\":[{\"@type\":\"ListItem\",\"position\":1,\"name\":\"Accueil\",\"item\":\"https:\/\/www.chateau-labotte.com\/fr_fr\/\"},{\"@type\":\"ListItem\",\"position\":2,\"name\":\"Actualit\u00e9s\"}]},{\"@type\":\"WebSite\",\"@id\":\"https:\/\/www.chateau-labotte.com\/#website\",\"url\":\"https:\/\/www.chateau-labotte.com\/\",\"name\":\"Ch\u00e2teau La Botte\",\"description\":\"Ch\u00e2teau La Botte\",\"publisher\":{\"@id\":\"https:\/\/www.chateau-labotte.com\/#organization\"},\"potentialAction\":[{\"@type\":\"SearchAction\",\"target\":{\"@type\":\"EntryPoint\",\"urlTemplate\":\"https:\/\/www.chateau-labotte.com\/?s={search_term_string}\"},\"query-input\":{\"@type\":\"PropertyValueSpecification\",\"valueRequired\":true,\"valueName\":\"search_term_string\"}}],\"inLanguage\":\"fr-FR\"},{\"@type\":\"Organization\",\"@id\":\"https:\/\/www.chateau-labotte.com\/#organization\",\"name\":\"Ch\u00e2teau La Botte\",\"url\":\"https:\/\/www.chateau-labotte.com\/\",\"logo\":{\"@type\":\"ImageObject\",\"inLanguage\":\"fr-FR\",\"@id\":\"https:\/\/www.chateau-labotte.com\/#\/schema\/logo\/image\/\",\"url\":\"https:\/\/www.chateau-labotte.com\/wp-content\/uploads\/2024\/10\/cropped-logo-1-e1730121899770-1.png\",\"contentUrl\":\"https:\/\/www.chateau-labotte.com\/wp-content\/uploads\/2024\/10\/cropped-logo-1-e1730121899770-1.png\",\"width\":342,\"height\":176,\"caption\":\"Ch\u00e2teau La Botte\"},\"image\":{\"@id\":\"https:\/\/www.chateau-labotte.com\/#\/schema\/logo\/image\/\"}}]}<\/script>\n<!-- \/ Yoast SEO plugin. -->","yoast_head_json":{"title":"Actualit\u00e9s - Ch\u00e2teau La Botte - \u00c9v\u00e9nements et Vie du Domaine","description":"Suivez toute l'actualit\u00e9 du Ch\u00e2teau La Botte : \u00e9v\u00e9nements, nouveaut\u00e9s, vendanges et conseils autour de nos vins de Blaye C\u00f4tes de Bordeaux.","robots":{"index":"index","follow":"follow","max-snippet":"max-snippet:-1","max-image-preview":"max-image-preview:large","max-video-preview":"max-video-preview:-1"},"canonical":"https:\/\/www.chateau-labotte.com\/fr_fr\/actualites\/","og_locale":"fr_FR","og_type":"article","og_title":"Actualit\u00e9s - Ch\u00e2teau La Botte - \u00c9v\u00e9nements et Vie du Domaine","og_description":"Suivez toute l'actualit\u00e9 du Ch\u00e2teau La Botte : \u00e9v\u00e9nements, nouveaut\u00e9s, vendanges et conseils autour de nos vins de Blaye C\u00f4tes de Bordeaux.","og_url":"https:\/\/www.chateau-labotte.com\/fr_fr\/actualites\/","og_site_name":"Ch\u00e2teau La Botte","article_modified_time":"2025-10-14T09:03:50+00:00","twitter_card":"summary_large_image","twitter_misc":{"Dur\u00e9e de lecture estim\u00e9e":"1 minute"},"schema":{"@context":"https:\/\/schema.org","@graph":[{"@type":"WebPage","@id":"https:\/\/www.chateau-labotte.com\/actualites\/","url":"https:\/\/www.chateau-labotte.com\/actualites\/","name":"Actualit\u00e9s - Ch\u00e2teau La Botte - \u00c9v\u00e9nements et Vie du Domaine","isPartOf":{"@id":"https:\/\/www.chateau-labotte.com\/#website"},"datePublished":"2022-12-28T14:22:02+00:00","dateModified":"2025-10-14T09:03:50+00:00","description":"Suivez toute l'actualit\u00e9 du Ch\u00e2teau La Botte : \u00e9v\u00e9nements, nouveaut\u00e9s, vendanges et conseils autour de nos vins de Blaye C\u00f4tes de Bordeaux.","breadcrumb":{"@id":"https:\/\/www.chateau-labotte.com\/actualites\/#breadcrumb"},"inLanguage":"fr-FR","potentialAction":[{"@type":"ReadAction","target":["https:\/\/www.chateau-labotte.com\/actualites\/"]}]},{"@type":"BreadcrumbList","@id":"https:\/\/www.chateau-labotte.com\/actualites\/#breadcrumb","itemListElement":[{"@type":"ListItem","position":1,"name":"Accueil","item":"https:\/\/www.chateau-labotte.com\/fr_fr\/"},{"@type":"ListItem","position":2,"name":"Actualit\u00e9s"}]},{"@type":"WebSite","@id":"https:\/\/www.chateau-labotte.com\/#website","url":"https:\/\/www.chateau-labotte.com\/","name":"Ch\u00e2teau La Botte","description":"Ch\u00e2teau La Botte","publisher":{"@id":"https:\/\/www.chateau-labotte.com\/#organization"},"potentialAction":[{"@type":"SearchAction","target":{"@type":"EntryPoint","urlTemplate":"https:\/\/www.chateau-labotte.com\/?s={search_term_string}"},"query-input":{"@type":"PropertyValueSpecification","valueRequired":true,"valueName":"search_term_string"}}],"inLanguage":"fr-FR"},{"@type":"Organization","@id":"https:\/\/www.chateau-labotte.com\/#organization","name":"Ch\u00e2teau La Botte","url":"https:\/\/www.chateau-labotte.com\/","logo":{"@type":"ImageObject","inLanguage":"fr-FR","@id":"https:\/\/www.chateau-labotte.com\/#\/schema\/logo\/image\/","url":"https:\/\/www.chateau-labotte.com\/wp-content\/uploads\/2024\/10\/cropped-logo-1-e1730121899770-1.png","contentUrl":"https:\/\/www.chateau-labotte.com\/wp-content\/uploads\/2024\/10\/cropped-logo-1-e1730121899770-1.png","width":342,"height":176,"caption":"Ch\u00e2teau La Botte"},"image":{"@id":"https:\/\/www.chateau-labotte.com\/#\/schema\/logo\/image\/"}}]}},"jetpack_sharing_enabled":true,"_links":{"self":[{"href":"https:\/\/www.chateau-labotte.com\/fr_fr\/wp-json\/wp\/v2\/pages\/2556","targetHints":{"allow":["GET"]}}],"collection":[{"href":"https:\/\/www.chateau-labotte.com\/fr_fr\/wp-json\/wp\/v2\/pages"}],"about":[{"href":"https:\/\/www.chateau-labotte.com\/fr_fr\/wp-json\/wp\/v2\/types\/page"}],"author":[{"embeddable":true,"href":"https:\/\/www.chateau-labotte.com\/fr_fr\/wp-json\/wp\/v2\/users\/1"}],"replies":[{"embeddable":true,"href":"https:\/\/www.chateau-labotte.com\/fr_fr\/wp-json\/wp\/v2\/comments?post=2556"}],"version-history":[{"count":57,"href":"https:\/\/www.chateau-labotte.com\/fr_fr\/wp-json\/wp\/v2\/pages\/2556\/revisions"}],"predecessor-version":[{"id":12003,"href":"https:\/\/www.chateau-labotte.com\/fr_fr\/wp-json\/wp\/v2\/pages\/2556\/revisions\/12003"}],"wp:attachment":[{"href":"https:\/\/www.chateau-labotte.com\/fr_fr\/wp-json\/wp\/v2\/media?parent=2556"}],"curies":[{"name":"wp","href":"https:\/\/api.w.org\/{rel}","templated":true}]}}