{"id":11764,"date":"2025-10-06T14:15:19","date_gmt":"2025-10-06T14:15:19","guid":{"rendered":"https:\/\/www.chateau-labotte.com\/?post_type=product&#038;p=11764"},"modified":"2026-04-20T16:52:38","modified_gmt":"2026-04-20T16:52:38","slug":"rouge-prestige-thomas","status":"publish","type":"product","link":"https:\/\/www.chateau-labotte.com\/en\/product\/rouge-prestige-thomas\/","title":{"rendered":"Rouge Prestige Thomas"},"content":{"rendered":"<div data-elementor-type=\"wp-post\" data-elementor-id=\"11764\" class=\"elementor elementor-11764\" data-elementor-post-type=\"product\">\n\t\t\t\t\t\t<section class=\"elementor-section elementor-top-section elementor-element elementor-element-f8cc279 elementor-section-full_width elementor-section-height-default elementor-section-height-default\" data-id=\"f8cc279\" data-element_type=\"section\" data-e-type=\"section\">\n\t\t\t\t\t\t<div class=\"elementor-container elementor-column-gap-default\">\n\t\t\t\t\t<div class=\"elementor-column elementor-col-100 elementor-top-column elementor-element elementor-element-2c3beff\" data-id=\"2c3beff\" data-element_type=\"column\" data-e-type=\"column\">\n\t\t\t<div class=\"elementor-widget-wrap elementor-element-populated\">\n\t\t\t\t\t\t<div class=\"elementor-element elementor-element-d44eceb elementor-widget elementor-widget-text-editor\" data-id=\"d44eceb\" data-element_type=\"widget\" data-e-type=\"widget\" data-widget_type=\"text-editor.default\">\n\t\t\t\t<div class=\"elementor-widget-container\">\n\t\t\t\t\t\t\t\t\t<p>Egestas egestas fringilla phasellus faucibus scelerisque eleifend. Fusce velit tortor pretium viverra suspendisse potenti cras gravida nullam facilisi laoreet nulla fermentum vel mollit anim turpis nunc eget lorem. Ultrices dui cras sapien eget mi proin sed libero. Blandit aliquam etiam erat velit sceleris que non curabitur euis.<\/p>\t\t\t\t\t\t\t\t<\/div>\n\t\t\t\t<\/div>\n\t\t\t\t<section class=\"elementor-section elementor-inner-section elementor-element elementor-element-306e26f elementor-section-boxed elementor-section-height-default elementor-section-height-default\" data-id=\"306e26f\" data-element_type=\"section\" data-e-type=\"section\">\n\t\t\t\t\t\t<div class=\"elementor-container elementor-column-gap-default\">\n\t\t\t\t\t<div class=\"elementor-column elementor-col-33 elementor-inner-column elementor-element elementor-element-095fd94\" data-id=\"095fd94\" data-element_type=\"column\" data-e-type=\"column\">\n\t\t\t<div class=\"elementor-widget-wrap elementor-element-populated\">\n\t\t\t\t\t\t<div class=\"elementor-element elementor-element-a70073a elementor-widget elementor-widget-chateau_core_icon_list_item\" data-id=\"a70073a\" data-element_type=\"widget\" data-e-type=\"widget\" data-widget_type=\"chateau_core_icon_list_item.default\">\n\t\t\t\t<div class=\"elementor-widget-container\">\n\t\t\t\t\t<div class=\"qodef-icon-list-item qodef-icon--icon-pack\" >\n\t<p class=\"qodef-e-title\" >\n\t\t\t\t\t<a itemprop=\"url\" href=\"#\" target=\"_self\">\n\t\t\t\t\t<span class=\"qodef-e-title-inner\">\n\t\t\t\t<span class=\"qodef-shortcode qodef-m  qodef-icon-holder  qodef-layout--normal\"  >\t\t\t<span class=\"qodef-icon-elegant-icons icon_box-checked qodef-icon qodef-e\" style=\"\" ><\/span>\t<\/span>\t\t\t\t<span class=\"qodef-e-title-text\">White Peach<\/span>\n\t\t\t<\/span>\n\t\t\t\t\t<\/a>\n\t\t\t<\/p>\n<\/div>\n\t\t\t\t<\/div>\n\t\t\t\t<\/div>\n\t\t\t\t<div class=\"elementor-element elementor-element-a2439e3 elementor-widget elementor-widget-chateau_core_icon_list_item\" data-id=\"a2439e3\" data-element_type=\"widget\" data-e-type=\"widget\" data-widget_type=\"chateau_core_icon_list_item.default\">\n\t\t\t\t<div class=\"elementor-widget-container\">\n\t\t\t\t\t<div class=\"qodef-icon-list-item qodef-icon--icon-pack\" >\n\t<p class=\"qodef-e-title\" >\n\t\t\t\t\t<a itemprop=\"url\" href=\"#\" target=\"_self\">\n\t\t\t\t\t<span class=\"qodef-e-title-inner\">\n\t\t\t\t<span class=\"qodef-shortcode qodef-m  qodef-icon-holder  qodef-layout--normal\"  >\t\t\t<span class=\"qodef-icon-elegant-icons icon_box-checked qodef-icon qodef-e\" style=\"\" ><\/span>\t<\/span>\t\t\t\t<span class=\"qodef-e-title-text\">Lemon Zest<\/span>\n\t\t\t<\/span>\n\t\t\t\t\t<\/a>\n\t\t\t<\/p>\n<\/div>\n\t\t\t\t<\/div>\n\t\t\t\t<\/div>\n\t\t\t\t\t<\/div>\n\t\t<\/div>\n\t\t\t\t<div class=\"elementor-column elementor-col-33 elementor-inner-column elementor-element elementor-element-d2e6668\" data-id=\"d2e6668\" data-element_type=\"column\" data-e-type=\"column\">\n\t\t\t<div class=\"elementor-widget-wrap elementor-element-populated\">\n\t\t\t\t\t\t<div class=\"elementor-element elementor-element-50b802d elementor-widget elementor-widget-chateau_core_icon_list_item\" data-id=\"50b802d\" data-element_type=\"widget\" data-e-type=\"widget\" data-widget_type=\"chateau_core_icon_list_item.default\">\n\t\t\t\t<div class=\"elementor-widget-container\">\n\t\t\t\t\t<div class=\"qodef-icon-list-item qodef-icon--icon-pack\" >\n\t<p class=\"qodef-e-title\" >\n\t\t\t\t\t<a itemprop=\"url\" href=\"#\" target=\"_self\">\n\t\t\t\t\t<span class=\"qodef-e-title-inner\">\n\t\t\t\t<span class=\"qodef-shortcode qodef-m  qodef-icon-holder  qodef-layout--normal\"  >\t\t\t<span class=\"qodef-icon-elegant-icons icon_box-checked qodef-icon qodef-e\" style=\"\" ><\/span>\t<\/span>\t\t\t\t<span class=\"qodef-e-title-text\">Raw Almond<\/span>\n\t\t\t<\/span>\n\t\t\t\t\t<\/a>\n\t\t\t<\/p>\n<\/div>\n\t\t\t\t<\/div>\n\t\t\t\t<\/div>\n\t\t\t\t<div class=\"elementor-element elementor-element-13240da elementor-widget elementor-widget-chateau_core_icon_list_item\" data-id=\"13240da\" data-element_type=\"widget\" data-e-type=\"widget\" data-widget_type=\"chateau_core_icon_list_item.default\">\n\t\t\t\t<div class=\"elementor-widget-container\">\n\t\t\t\t\t<div class=\"qodef-icon-list-item qodef-icon--icon-pack\" >\n\t<p class=\"qodef-e-title\" >\n\t\t\t\t\t<a itemprop=\"url\" href=\"#\" target=\"_self\">\n\t\t\t\t\t<span class=\"qodef-e-title-inner\">\n\t\t\t\t<span class=\"qodef-shortcode qodef-m  qodef-icon-holder  qodef-layout--normal\"  >\t\t\t<span class=\"qodef-icon-elegant-icons icon_box-checked qodef-icon qodef-e\" style=\"\" ><\/span>\t<\/span>\t\t\t\t<span class=\"qodef-e-title-text\">Melon<\/span>\n\t\t\t<\/span>\n\t\t\t\t\t<\/a>\n\t\t\t<\/p>\n<\/div>\n\t\t\t\t<\/div>\n\t\t\t\t<\/div>\n\t\t\t\t\t<\/div>\n\t\t<\/div>\n\t\t\t\t<div class=\"elementor-column elementor-col-33 elementor-inner-column elementor-element elementor-element-18d4fc8\" data-id=\"18d4fc8\" data-element_type=\"column\" data-e-type=\"column\">\n\t\t\t<div class=\"elementor-widget-wrap elementor-element-populated\">\n\t\t\t\t\t\t<div class=\"elementor-element elementor-element-2c60052 elementor-widget elementor-widget-chateau_core_icon_list_item\" data-id=\"2c60052\" data-element_type=\"widget\" data-e-type=\"widget\" data-widget_type=\"chateau_core_icon_list_item.default\">\n\t\t\t\t<div class=\"elementor-widget-container\">\n\t\t\t\t\t<div class=\"qodef-icon-list-item qodef-icon--icon-pack\" >\n\t<p class=\"qodef-e-title\" >\n\t\t\t\t\t<a itemprop=\"url\" href=\"#\" target=\"_self\">\n\t\t\t\t\t<span class=\"qodef-e-title-inner\">\n\t\t\t\t<span class=\"qodef-shortcode qodef-m  qodef-icon-holder  qodef-layout--normal\"  >\t\t\t<span class=\"qodef-icon-elegant-icons icon_box-checked qodef-icon qodef-e\" style=\"\" ><\/span>\t<\/span>\t\t\t\t<span class=\"qodef-e-title-text\">Cantaloupe<\/span>\n\t\t\t<\/span>\n\t\t\t\t\t<\/a>\n\t\t\t<\/p>\n<\/div>\n\t\t\t\t<\/div>\n\t\t\t\t<\/div>\n\t\t\t\t\t<\/div>\n\t\t<\/div>\n\t\t\t\t\t<\/div>\n\t\t<\/section>\n\t\t\t\t\t<\/div>\n\t\t<\/div>\n\t\t\t\t\t<\/div>\n\t\t<\/section>\n\t\t\t\t<\/div>","protected":false},"excerpt":{"rendered":"<p>Intemporel, c&rsquo;est un grand classique de Bordeaux. Issu d&rsquo;un assemblage \u00e0 majorit\u00e9 de Merlot et \u00e9lev\u00e9e pendant 12 mois sur un parc de barriques de ch\u00eane de plusieurs ann\u00e9es afin de donner un bois\u00e9 l\u00e9ger tout en finesse.<\/p>\n<p>Bien cors\u00e9 et gras, aux tanins souples, de bouche harmonieuse aux nuances de fruits cuits (fraise des bois, m\u00fbre) et d&rsquo;humus. Vous pourrez l&rsquo;associer \u00e0 un Magret de canard, un Filet mignon ou un Fromage \u00e0 p\u00e2te molle.<em>\u00a0Conservez-le pendant 5-8 ans.<\/em><\/p>","protected":false},"featured_media":10621,"comment_status":"open","ping_status":"closed","template":"","meta":[],"product_brand":[],"product_cat":[111,37,83,107],"product_tag":[],"class_list":{"0":"post-11764","1":"product","2":"type-product","3":"status-publish","4":"has-post-thumbnail","6":"product_cat-0-touts-les-produits","7":"product_cat-1-les-intemporels","8":"product_cat-2-rouge","9":"product_cat-3-barrique","10":"pa_appellation-blaye-cotes-de-bordeaux","11":"pa_couleur-rouge","12":"pa_millesime-124","13":"pa_millesime-127","14":"pa_millesime-128","15":"pa_millesime-94","16":"pa_millesime-90","17":"pa_millesime-89","18":"pa_millesime-88","19":"pa_millesime-92","20":"pa_volume-bouteille-de-75cl","21":"pa_volume-demi-bouteille-de-37cl","22":"pa_volume-fillette-de-50cl","23":"pa_volume-magnum-de-150cl","24":"pa_volume-double-magnum-300cl","25":"pa_volume-jeroboam-500cl","27":"first","28":"instock","29":"taxable","30":"shipping-taxable","31":"purchasable","32":"product-type-variable","33":"has-default-attributes"},"yoast_head":"<!-- This site is optimized with the Yoast SEO plugin v26.9 - https:\/\/yoast.com\/product\/yoast-seo-wordpress\/ -->\n<title>Rouge Prestige Thomas - Ch\u00e2teau La Botte<\/title>\n<meta name=\"robots\" content=\"index, follow, max-snippet:-1, max-image-preview:large, max-video-preview:-1\" \/>\n<link rel=\"canonical\" href=\"https:\/\/www.chateau-labotte.com\/en\/product\/rouge-prestige-thomas\/\" \/>\n<meta property=\"og:locale\" content=\"en_US\" \/>\n<meta property=\"og:type\" content=\"article\" \/>\n<meta property=\"og:title\" content=\"Rouge Prestige Thomas - Ch\u00e2teau La Botte\" \/>\n<meta property=\"og:description\" content=\"Intemporel, c&#039;est un grand classique de Bordeaux. Issu d&#039;un assemblage \u00e0 majorit\u00e9 de Merlot et \u00e9lev\u00e9e pendant 12 mois sur un parc de barriques de ch\u00eane de plusieurs ann\u00e9es afin de donner un bois\u00e9 l\u00e9ger tout en finesse.  Bien cors\u00e9 et gras, aux tanins souples, de bouche harmonieuse aux nuances de fruits cuits (fraise des bois, m\u00fbre) et d&#039;humus. Vous pourrez l&#039;associer \u00e0 un Magret de canard, un Filet mignon ou un Fromage \u00e0 p\u00e2te molle.\u00a0Conservez-le pendant 5-8 ans.\" \/>\n<meta property=\"og:url\" content=\"https:\/\/www.chateau-labotte.com\/en\/product\/rouge-prestige-thomas\/\" \/>\n<meta property=\"og:site_name\" content=\"Ch\u00e2teau La Botte\" \/>\n<meta property=\"article:modified_time\" content=\"2026-04-20T16:52:38+00:00\" \/>\n<meta property=\"og:image\" content=\"https:\/\/www.chateau-labotte.com\/wp-content\/uploads\/2024\/12\/thomas-la-botte-copy-DBD.png\" \/>\n\t<meta property=\"og:image:width\" content=\"2000\" \/>\n\t<meta property=\"og:image:height\" content=\"2000\" \/>\n\t<meta property=\"og:image:type\" content=\"image\/png\" \/>\n<meta name=\"twitter:card\" content=\"summary_large_image\" \/>\n<meta name=\"twitter:label1\" content=\"Est. reading time\" \/>\n\t<meta name=\"twitter:data1\" content=\"1 minute\" \/>\n<script type=\"application\/ld+json\" class=\"yoast-schema-graph\">{\"@context\":\"https:\/\/schema.org\",\"@graph\":[{\"@type\":\"WebPage\",\"@id\":\"https:\/\/www.chateau-labotte.com\/produit\/rouge-prestige-thomas\/\",\"url\":\"https:\/\/www.chateau-labotte.com\/produit\/rouge-prestige-thomas\/\",\"name\":\"Rouge Prestige Thomas - Ch\u00e2teau La Botte\",\"isPartOf\":{\"@id\":\"https:\/\/www.chateau-labotte.com\/#website\"},\"primaryImageOfPage\":{\"@id\":\"https:\/\/www.chateau-labotte.com\/produit\/rouge-prestige-thomas\/#primaryimage\"},\"image\":{\"@id\":\"https:\/\/www.chateau-labotte.com\/produit\/rouge-prestige-thomas\/#primaryimage\"},\"thumbnailUrl\":\"https:\/\/www.chateau-labotte.com\/wp-content\/uploads\/2024\/12\/thomas-la-botte-copy-DBD.png\",\"datePublished\":\"2025-10-06T14:15:19+00:00\",\"dateModified\":\"2026-04-20T16:52:38+00:00\",\"breadcrumb\":{\"@id\":\"https:\/\/www.chateau-labotte.com\/produit\/rouge-prestige-thomas\/#breadcrumb\"},\"inLanguage\":\"en-US\",\"potentialAction\":[{\"@type\":\"ReadAction\",\"target\":[\"https:\/\/www.chateau-labotte.com\/produit\/rouge-prestige-thomas\/\"]}]},{\"@type\":\"ImageObject\",\"inLanguage\":\"en-US\",\"@id\":\"https:\/\/www.chateau-labotte.com\/produit\/rouge-prestige-thomas\/#primaryimage\",\"url\":\"https:\/\/www.chateau-labotte.com\/wp-content\/uploads\/2024\/12\/thomas-la-botte-copy-DBD.png\",\"contentUrl\":\"https:\/\/www.chateau-labotte.com\/wp-content\/uploads\/2024\/12\/thomas-la-botte-copy-DBD.png\",\"width\":2000,\"height\":2000},{\"@type\":\"BreadcrumbList\",\"@id\":\"https:\/\/www.chateau-labotte.com\/produit\/rouge-prestige-thomas\/#breadcrumb\",\"itemListElement\":[{\"@type\":\"ListItem\",\"position\":1,\"name\":\"Accueil\",\"item\":\"https:\/\/www.chateau-labotte.com\/fr_fr\/\"},{\"@type\":\"ListItem\",\"position\":2,\"name\":\"Boutique\",\"item\":\"https:\/\/www.chateau-labotte.com\/boutique\/\"},{\"@type\":\"ListItem\",\"position\":3,\"name\":\"Rouge Prestige Thomas\"}]},{\"@type\":\"WebSite\",\"@id\":\"https:\/\/www.chateau-labotte.com\/#website\",\"url\":\"https:\/\/www.chateau-labotte.com\/\",\"name\":\"Ch\u00e2teau La Botte\",\"description\":\"Ch\u00e2teau La Botte\",\"publisher\":{\"@id\":\"https:\/\/www.chateau-labotte.com\/#organization\"},\"potentialAction\":[{\"@type\":\"SearchAction\",\"target\":{\"@type\":\"EntryPoint\",\"urlTemplate\":\"https:\/\/www.chateau-labotte.com\/?s={search_term_string}\"},\"query-input\":{\"@type\":\"PropertyValueSpecification\",\"valueRequired\":true,\"valueName\":\"search_term_string\"}}],\"inLanguage\":\"en-US\"},{\"@type\":\"Organization\",\"@id\":\"https:\/\/www.chateau-labotte.com\/#organization\",\"name\":\"Ch\u00e2teau La Botte\",\"url\":\"https:\/\/www.chateau-labotte.com\/\",\"logo\":{\"@type\":\"ImageObject\",\"inLanguage\":\"en-US\",\"@id\":\"https:\/\/www.chateau-labotte.com\/#\/schema\/logo\/image\/\",\"url\":\"https:\/\/www.chateau-labotte.com\/wp-content\/uploads\/2024\/10\/cropped-logo-1-e1730121899770-1.png\",\"contentUrl\":\"https:\/\/www.chateau-labotte.com\/wp-content\/uploads\/2024\/10\/cropped-logo-1-e1730121899770-1.png\",\"width\":342,\"height\":176,\"caption\":\"Ch\u00e2teau La Botte\"},\"image\":{\"@id\":\"https:\/\/www.chateau-labotte.com\/#\/schema\/logo\/image\/\"}}]}<\/script>\n<!-- \/ Yoast SEO plugin. -->","yoast_head_json":{"title":"Rouge Prestige Thomas - Ch\u00e2teau La Botte","robots":{"index":"index","follow":"follow","max-snippet":"max-snippet:-1","max-image-preview":"max-image-preview:large","max-video-preview":"max-video-preview:-1"},"canonical":"https:\/\/www.chateau-labotte.com\/en\/product\/rouge-prestige-thomas\/","og_locale":"en_US","og_type":"article","og_title":"Rouge Prestige Thomas - Ch\u00e2teau La Botte","og_description":"Intemporel, c'est un grand classique de Bordeaux. Issu d'un assemblage \u00e0 majorit\u00e9 de Merlot et \u00e9lev\u00e9e pendant 12 mois sur un parc de barriques de ch\u00eane de plusieurs ann\u00e9es afin de donner un bois\u00e9 l\u00e9ger tout en finesse.  Bien cors\u00e9 et gras, aux tanins souples, de bouche harmonieuse aux nuances de fruits cuits (fraise des bois, m\u00fbre) et d'humus. Vous pourrez l'associer \u00e0 un Magret de canard, un Filet mignon ou un Fromage \u00e0 p\u00e2te molle.\u00a0Conservez-le pendant 5-8 ans.","og_url":"https:\/\/www.chateau-labotte.com\/en\/product\/rouge-prestige-thomas\/","og_site_name":"Ch\u00e2teau La Botte","article_modified_time":"2026-04-20T16:52:38+00:00","og_image":[{"width":2000,"height":2000,"url":"https:\/\/www.chateau-labotte.com\/wp-content\/uploads\/2024\/12\/thomas-la-botte-copy-DBD.png","type":"image\/png"}],"twitter_card":"summary_large_image","twitter_misc":{"Est. reading time":"1 minute"},"schema":{"@context":"https:\/\/schema.org","@graph":[{"@type":"WebPage","@id":"https:\/\/www.chateau-labotte.com\/produit\/rouge-prestige-thomas\/","url":"https:\/\/www.chateau-labotte.com\/produit\/rouge-prestige-thomas\/","name":"Rouge Prestige Thomas - Ch\u00e2teau La Botte","isPartOf":{"@id":"https:\/\/www.chateau-labotte.com\/#website"},"primaryImageOfPage":{"@id":"https:\/\/www.chateau-labotte.com\/produit\/rouge-prestige-thomas\/#primaryimage"},"image":{"@id":"https:\/\/www.chateau-labotte.com\/produit\/rouge-prestige-thomas\/#primaryimage"},"thumbnailUrl":"https:\/\/www.chateau-labotte.com\/wp-content\/uploads\/2024\/12\/thomas-la-botte-copy-DBD.png","datePublished":"2025-10-06T14:15:19+00:00","dateModified":"2026-04-20T16:52:38+00:00","breadcrumb":{"@id":"https:\/\/www.chateau-labotte.com\/produit\/rouge-prestige-thomas\/#breadcrumb"},"inLanguage":"en-US","potentialAction":[{"@type":"ReadAction","target":["https:\/\/www.chateau-labotte.com\/produit\/rouge-prestige-thomas\/"]}]},{"@type":"ImageObject","inLanguage":"en-US","@id":"https:\/\/www.chateau-labotte.com\/produit\/rouge-prestige-thomas\/#primaryimage","url":"https:\/\/www.chateau-labotte.com\/wp-content\/uploads\/2024\/12\/thomas-la-botte-copy-DBD.png","contentUrl":"https:\/\/www.chateau-labotte.com\/wp-content\/uploads\/2024\/12\/thomas-la-botte-copy-DBD.png","width":2000,"height":2000},{"@type":"BreadcrumbList","@id":"https:\/\/www.chateau-labotte.com\/produit\/rouge-prestige-thomas\/#breadcrumb","itemListElement":[{"@type":"ListItem","position":1,"name":"Accueil","item":"https:\/\/www.chateau-labotte.com\/fr_fr\/"},{"@type":"ListItem","position":2,"name":"Boutique","item":"https:\/\/www.chateau-labotte.com\/boutique\/"},{"@type":"ListItem","position":3,"name":"Rouge Prestige Thomas"}]},{"@type":"WebSite","@id":"https:\/\/www.chateau-labotte.com\/#website","url":"https:\/\/www.chateau-labotte.com\/","name":"Ch\u00e2teau La Botte","description":"Ch\u00e2teau La Botte","publisher":{"@id":"https:\/\/www.chateau-labotte.com\/#organization"},"potentialAction":[{"@type":"SearchAction","target":{"@type":"EntryPoint","urlTemplate":"https:\/\/www.chateau-labotte.com\/?s={search_term_string}"},"query-input":{"@type":"PropertyValueSpecification","valueRequired":true,"valueName":"search_term_string"}}],"inLanguage":"en-US"},{"@type":"Organization","@id":"https:\/\/www.chateau-labotte.com\/#organization","name":"Ch\u00e2teau La Botte","url":"https:\/\/www.chateau-labotte.com\/","logo":{"@type":"ImageObject","inLanguage":"en-US","@id":"https:\/\/www.chateau-labotte.com\/#\/schema\/logo\/image\/","url":"https:\/\/www.chateau-labotte.com\/wp-content\/uploads\/2024\/10\/cropped-logo-1-e1730121899770-1.png","contentUrl":"https:\/\/www.chateau-labotte.com\/wp-content\/uploads\/2024\/10\/cropped-logo-1-e1730121899770-1.png","width":342,"height":176,"caption":"Ch\u00e2teau La Botte"},"image":{"@id":"https:\/\/www.chateau-labotte.com\/#\/schema\/logo\/image\/"}}]}},"jetpack_sharing_enabled":true,"_links":{"self":[{"href":"https:\/\/www.chateau-labotte.com\/en\/wp-json\/wp\/v2\/product\/11764","targetHints":{"allow":["GET"]}}],"collection":[{"href":"https:\/\/www.chateau-labotte.com\/en\/wp-json\/wp\/v2\/product"}],"about":[{"href":"https:\/\/www.chateau-labotte.com\/en\/wp-json\/wp\/v2\/types\/product"}],"replies":[{"embeddable":true,"href":"https:\/\/www.chateau-labotte.com\/en\/wp-json\/wp\/v2\/comments?post=11764"}],"version-history":[{"count":12,"href":"https:\/\/www.chateau-labotte.com\/en\/wp-json\/wp\/v2\/product\/11764\/revisions"}],"predecessor-version":[{"id":11771,"href":"https:\/\/www.chateau-labotte.com\/en\/wp-json\/wp\/v2\/product\/11764\/revisions\/11771"}],"wp:featuredmedia":[{"embeddable":true,"href":"https:\/\/www.chateau-labotte.com\/en\/wp-json\/wp\/v2\/media\/10621"}],"wp:attachment":[{"href":"https:\/\/www.chateau-labotte.com\/en\/wp-json\/wp\/v2\/media?parent=11764"}],"wp:term":[{"taxonomy":"product_brand","embeddable":true,"href":"https:\/\/www.chateau-labotte.com\/en\/wp-json\/wp\/v2\/product_brand?post=11764"},{"taxonomy":"product_cat","embeddable":true,"href":"https:\/\/www.chateau-labotte.com\/en\/wp-json\/wp\/v2\/product_cat?post=11764"},{"taxonomy":"product_tag","embeddable":true,"href":"https:\/\/www.chateau-labotte.com\/en\/wp-json\/wp\/v2\/product_tag?post=11764"}],"curies":[{"name":"wp","href":"https:\/\/api.w.org\/{rel}","templated":true}]}}