{"id":10634,"date":"2024-12-11T10:57:09","date_gmt":"2024-12-11T10:57:09","guid":{"rendered":"https:\/\/www.chateau-labotte.com\/?post_type=product&#038;p=10634"},"modified":"2026-01-20T15:34:20","modified_gmt":"2026-01-20T15:34:20","slug":"rouge-reserve-alexandre","status":"publish","type":"product","link":"https:\/\/www.chateau-labotte.com\/en\/product\/rouge-reserve-alexandre\/","title":{"rendered":"Rouge R\u00e9serve Alexandre"},"content":{"rendered":"","protected":false},"excerpt":{"rendered":"<p>D\u00e9couvrez notre <strong>Cuv\u00e9e R\u00e9serve Alexandre<\/strong>, \u00e0 dominante de Cabernet Sauvignon et \u00e9lev\u00e9e pendant 12 mois en barriques de ch\u00eane neuves. Ce vin a une ampleur ar\u00f4matique importante, orient\u00e9e vers les fruits confits, le pruneau, l\u00e9g\u00e8rement toast\u00e9.<\/p>\n<p>Intemporel, c&rsquo;est un classique des vins de Bordeaux. D\u00e9gustez-le avec une cuisine go\u00fbteuse : par exemple une Souris d&rsquo;agneau confite, des P\u00e2tes aux truffes, ou bien une tartre au chaocolat. <em>Conservez-le pendant 8-10 ans<\/em>.<\/p>","protected":false},"featured_media":10620,"comment_status":"open","ping_status":"closed","template":"elementor_theme","meta":[],"product_brand":[],"product_cat":[111,37,83,107],"product_tag":[],"class_list":{"0":"post-10634","1":"product","2":"type-product","3":"status-publish","4":"has-post-thumbnail","6":"product_cat-0-touts-les-produits","7":"product_cat-1-les-intemporels","8":"product_cat-2-rouge","9":"product_cat-3-barrique","10":"pa_appellation-blaye-cotes-de-bordeaux","11":"pa_couleur-rouge","12":"pa_millesime-127","13":"pa_millesime-129","14":"pa_millesime-89","15":"pa_millesime-88","16":"pa_volume-bouteille-de-75cl","17":"pa_volume-magnum-de-150cl","18":"pa_volume-double-magnum-300cl","20":"first","21":"instock","22":"taxable","23":"shipping-taxable","24":"purchasable","25":"product-type-variable","26":"has-default-attributes"},"yoast_head":"<!-- This site is optimized with the Yoast SEO plugin v26.9 - https:\/\/yoast.com\/product\/yoast-seo-wordpress\/ -->\n<title>Rouge R\u00e9serve Alexandre - Ch\u00e2teau La Botte<\/title>\n<meta name=\"robots\" content=\"index, follow, max-snippet:-1, max-image-preview:large, max-video-preview:-1\" \/>\n<link rel=\"canonical\" href=\"https:\/\/www.chateau-labotte.com\/en\/product\/rouge-reserve-alexandre\/\" \/>\n<meta property=\"og:locale\" content=\"en_US\" \/>\n<meta property=\"og:type\" content=\"article\" \/>\n<meta property=\"og:title\" content=\"Rouge R\u00e9serve Alexandre - Ch\u00e2teau La Botte\" \/>\n<meta property=\"og:description\" content=\"D\u00e9couvrez notre Cuv\u00e9e R\u00e9serve Alexandre, \u00e0 dominante de Cabernet Sauvignon et \u00e9lev\u00e9e pendant 12 mois en barriques de ch\u00eane neuves. Ce vin a une ampleur ar\u00f4matique importante, orient\u00e9e vers les fruits confits, le pruneau, l\u00e9g\u00e8rement toast\u00e9.  Intemporel, c&#039;est un classique des vins de Bordeaux. D\u00e9gustez-le avec une cuisine go\u00fbteuse : par exemple une Souris d&#039;agneau confite, des P\u00e2tes aux truffes, ou bien une tartre au chaocolat. Conservez-le pendant 8-10 ans.\" \/>\n<meta property=\"og:url\" content=\"https:\/\/www.chateau-labotte.com\/en\/product\/rouge-reserve-alexandre\/\" \/>\n<meta property=\"og:site_name\" content=\"Ch\u00e2teau La Botte\" \/>\n<meta property=\"article:modified_time\" content=\"2026-01-20T15:34:20+00:00\" \/>\n<meta property=\"og:image\" content=\"https:\/\/www.chateau-labotte.com\/wp-content\/uploads\/2024\/12\/la-botte-rouge-alexandre-DBD.png\" \/>\n\t<meta property=\"og:image:width\" content=\"2000\" \/>\n\t<meta property=\"og:image:height\" content=\"2000\" \/>\n\t<meta property=\"og:image:type\" content=\"image\/png\" \/>\n<meta name=\"twitter:card\" content=\"summary_large_image\" \/>\n<meta name=\"twitter:label1\" content=\"Est. reading time\" \/>\n\t<meta name=\"twitter:data1\" content=\"1 minute\" \/>\n<script type=\"application\/ld+json\" class=\"yoast-schema-graph\">{\"@context\":\"https:\/\/schema.org\",\"@graph\":[{\"@type\":\"WebPage\",\"@id\":\"https:\/\/www.chateau-labotte.com\/produit\/rouge-reserve-alexandre\/\",\"url\":\"https:\/\/www.chateau-labotte.com\/produit\/rouge-reserve-alexandre\/\",\"name\":\"Rouge R\u00e9serve Alexandre - Ch\u00e2teau La Botte\",\"isPartOf\":{\"@id\":\"https:\/\/www.chateau-labotte.com\/#website\"},\"primaryImageOfPage\":{\"@id\":\"https:\/\/www.chateau-labotte.com\/produit\/rouge-reserve-alexandre\/#primaryimage\"},\"image\":{\"@id\":\"https:\/\/www.chateau-labotte.com\/produit\/rouge-reserve-alexandre\/#primaryimage\"},\"thumbnailUrl\":\"https:\/\/www.chateau-labotte.com\/wp-content\/uploads\/2024\/12\/la-botte-rouge-alexandre-DBD.png\",\"datePublished\":\"2024-12-11T10:57:09+00:00\",\"dateModified\":\"2026-01-20T15:34:20+00:00\",\"breadcrumb\":{\"@id\":\"https:\/\/www.chateau-labotte.com\/produit\/rouge-reserve-alexandre\/#breadcrumb\"},\"inLanguage\":\"en-US\",\"potentialAction\":[{\"@type\":\"ReadAction\",\"target\":[\"https:\/\/www.chateau-labotte.com\/produit\/rouge-reserve-alexandre\/\"]}]},{\"@type\":\"ImageObject\",\"inLanguage\":\"en-US\",\"@id\":\"https:\/\/www.chateau-labotte.com\/produit\/rouge-reserve-alexandre\/#primaryimage\",\"url\":\"https:\/\/www.chateau-labotte.com\/wp-content\/uploads\/2024\/12\/la-botte-rouge-alexandre-DBD.png\",\"contentUrl\":\"https:\/\/www.chateau-labotte.com\/wp-content\/uploads\/2024\/12\/la-botte-rouge-alexandre-DBD.png\",\"width\":2000,\"height\":2000},{\"@type\":\"BreadcrumbList\",\"@id\":\"https:\/\/www.chateau-labotte.com\/produit\/rouge-reserve-alexandre\/#breadcrumb\",\"itemListElement\":[{\"@type\":\"ListItem\",\"position\":1,\"name\":\"Accueil\",\"item\":\"https:\/\/www.chateau-labotte.com\/fr_fr\/\"},{\"@type\":\"ListItem\",\"position\":2,\"name\":\"Boutique\",\"item\":\"https:\/\/www.chateau-labotte.com\/boutique\/\"},{\"@type\":\"ListItem\",\"position\":3,\"name\":\"Rouge R\u00e9serve Alexandre\"}]},{\"@type\":\"WebSite\",\"@id\":\"https:\/\/www.chateau-labotte.com\/#website\",\"url\":\"https:\/\/www.chateau-labotte.com\/\",\"name\":\"Ch\u00e2teau La Botte\",\"description\":\"Ch\u00e2teau La Botte\",\"publisher\":{\"@id\":\"https:\/\/www.chateau-labotte.com\/#organization\"},\"potentialAction\":[{\"@type\":\"SearchAction\",\"target\":{\"@type\":\"EntryPoint\",\"urlTemplate\":\"https:\/\/www.chateau-labotte.com\/?s={search_term_string}\"},\"query-input\":{\"@type\":\"PropertyValueSpecification\",\"valueRequired\":true,\"valueName\":\"search_term_string\"}}],\"inLanguage\":\"en-US\"},{\"@type\":\"Organization\",\"@id\":\"https:\/\/www.chateau-labotte.com\/#organization\",\"name\":\"Ch\u00e2teau La Botte\",\"url\":\"https:\/\/www.chateau-labotte.com\/\",\"logo\":{\"@type\":\"ImageObject\",\"inLanguage\":\"en-US\",\"@id\":\"https:\/\/www.chateau-labotte.com\/#\/schema\/logo\/image\/\",\"url\":\"https:\/\/www.chateau-labotte.com\/wp-content\/uploads\/2024\/10\/cropped-logo-1-e1730121899770-1.png\",\"contentUrl\":\"https:\/\/www.chateau-labotte.com\/wp-content\/uploads\/2024\/10\/cropped-logo-1-e1730121899770-1.png\",\"width\":342,\"height\":176,\"caption\":\"Ch\u00e2teau La Botte\"},\"image\":{\"@id\":\"https:\/\/www.chateau-labotte.com\/#\/schema\/logo\/image\/\"}}]}<\/script>\n<!-- \/ Yoast SEO plugin. -->","yoast_head_json":{"title":"Rouge R\u00e9serve Alexandre - Ch\u00e2teau La Botte","robots":{"index":"index","follow":"follow","max-snippet":"max-snippet:-1","max-image-preview":"max-image-preview:large","max-video-preview":"max-video-preview:-1"},"canonical":"https:\/\/www.chateau-labotte.com\/en\/product\/rouge-reserve-alexandre\/","og_locale":"en_US","og_type":"article","og_title":"Rouge R\u00e9serve Alexandre - Ch\u00e2teau La Botte","og_description":"D\u00e9couvrez notre Cuv\u00e9e R\u00e9serve Alexandre, \u00e0 dominante de Cabernet Sauvignon et \u00e9lev\u00e9e pendant 12 mois en barriques de ch\u00eane neuves. Ce vin a une ampleur ar\u00f4matique importante, orient\u00e9e vers les fruits confits, le pruneau, l\u00e9g\u00e8rement toast\u00e9.  Intemporel, c'est un classique des vins de Bordeaux. D\u00e9gustez-le avec une cuisine go\u00fbteuse : par exemple une Souris d'agneau confite, des P\u00e2tes aux truffes, ou bien une tartre au chaocolat. Conservez-le pendant 8-10 ans.","og_url":"https:\/\/www.chateau-labotte.com\/en\/product\/rouge-reserve-alexandre\/","og_site_name":"Ch\u00e2teau La Botte","article_modified_time":"2026-01-20T15:34:20+00:00","og_image":[{"width":2000,"height":2000,"url":"https:\/\/www.chateau-labotte.com\/wp-content\/uploads\/2024\/12\/la-botte-rouge-alexandre-DBD.png","type":"image\/png"}],"twitter_card":"summary_large_image","twitter_misc":{"Est. reading time":"1 minute"},"schema":{"@context":"https:\/\/schema.org","@graph":[{"@type":"WebPage","@id":"https:\/\/www.chateau-labotte.com\/produit\/rouge-reserve-alexandre\/","url":"https:\/\/www.chateau-labotte.com\/produit\/rouge-reserve-alexandre\/","name":"Rouge R\u00e9serve Alexandre - Ch\u00e2teau La Botte","isPartOf":{"@id":"https:\/\/www.chateau-labotte.com\/#website"},"primaryImageOfPage":{"@id":"https:\/\/www.chateau-labotte.com\/produit\/rouge-reserve-alexandre\/#primaryimage"},"image":{"@id":"https:\/\/www.chateau-labotte.com\/produit\/rouge-reserve-alexandre\/#primaryimage"},"thumbnailUrl":"https:\/\/www.chateau-labotte.com\/wp-content\/uploads\/2024\/12\/la-botte-rouge-alexandre-DBD.png","datePublished":"2024-12-11T10:57:09+00:00","dateModified":"2026-01-20T15:34:20+00:00","breadcrumb":{"@id":"https:\/\/www.chateau-labotte.com\/produit\/rouge-reserve-alexandre\/#breadcrumb"},"inLanguage":"en-US","potentialAction":[{"@type":"ReadAction","target":["https:\/\/www.chateau-labotte.com\/produit\/rouge-reserve-alexandre\/"]}]},{"@type":"ImageObject","inLanguage":"en-US","@id":"https:\/\/www.chateau-labotte.com\/produit\/rouge-reserve-alexandre\/#primaryimage","url":"https:\/\/www.chateau-labotte.com\/wp-content\/uploads\/2024\/12\/la-botte-rouge-alexandre-DBD.png","contentUrl":"https:\/\/www.chateau-labotte.com\/wp-content\/uploads\/2024\/12\/la-botte-rouge-alexandre-DBD.png","width":2000,"height":2000},{"@type":"BreadcrumbList","@id":"https:\/\/www.chateau-labotte.com\/produit\/rouge-reserve-alexandre\/#breadcrumb","itemListElement":[{"@type":"ListItem","position":1,"name":"Accueil","item":"https:\/\/www.chateau-labotte.com\/fr_fr\/"},{"@type":"ListItem","position":2,"name":"Boutique","item":"https:\/\/www.chateau-labotte.com\/boutique\/"},{"@type":"ListItem","position":3,"name":"Rouge R\u00e9serve Alexandre"}]},{"@type":"WebSite","@id":"https:\/\/www.chateau-labotte.com\/#website","url":"https:\/\/www.chateau-labotte.com\/","name":"Ch\u00e2teau La Botte","description":"Ch\u00e2teau La Botte","publisher":{"@id":"https:\/\/www.chateau-labotte.com\/#organization"},"potentialAction":[{"@type":"SearchAction","target":{"@type":"EntryPoint","urlTemplate":"https:\/\/www.chateau-labotte.com\/?s={search_term_string}"},"query-input":{"@type":"PropertyValueSpecification","valueRequired":true,"valueName":"search_term_string"}}],"inLanguage":"en-US"},{"@type":"Organization","@id":"https:\/\/www.chateau-labotte.com\/#organization","name":"Ch\u00e2teau La Botte","url":"https:\/\/www.chateau-labotte.com\/","logo":{"@type":"ImageObject","inLanguage":"en-US","@id":"https:\/\/www.chateau-labotte.com\/#\/schema\/logo\/image\/","url":"https:\/\/www.chateau-labotte.com\/wp-content\/uploads\/2024\/10\/cropped-logo-1-e1730121899770-1.png","contentUrl":"https:\/\/www.chateau-labotte.com\/wp-content\/uploads\/2024\/10\/cropped-logo-1-e1730121899770-1.png","width":342,"height":176,"caption":"Ch\u00e2teau La Botte"},"image":{"@id":"https:\/\/www.chateau-labotte.com\/#\/schema\/logo\/image\/"}}]}},"jetpack_sharing_enabled":true,"_links":{"self":[{"href":"https:\/\/www.chateau-labotte.com\/en\/wp-json\/wp\/v2\/product\/10634","targetHints":{"allow":["GET"]}}],"collection":[{"href":"https:\/\/www.chateau-labotte.com\/en\/wp-json\/wp\/v2\/product"}],"about":[{"href":"https:\/\/www.chateau-labotte.com\/en\/wp-json\/wp\/v2\/types\/product"}],"replies":[{"embeddable":true,"href":"https:\/\/www.chateau-labotte.com\/en\/wp-json\/wp\/v2\/comments?post=10634"}],"version-history":[{"count":12,"href":"https:\/\/www.chateau-labotte.com\/en\/wp-json\/wp\/v2\/product\/10634\/revisions"}],"predecessor-version":[{"id":12073,"href":"https:\/\/www.chateau-labotte.com\/en\/wp-json\/wp\/v2\/product\/10634\/revisions\/12073"}],"wp:featuredmedia":[{"embeddable":true,"href":"https:\/\/www.chateau-labotte.com\/en\/wp-json\/wp\/v2\/media\/10620"}],"wp:attachment":[{"href":"https:\/\/www.chateau-labotte.com\/en\/wp-json\/wp\/v2\/media?parent=10634"}],"wp:term":[{"taxonomy":"product_brand","embeddable":true,"href":"https:\/\/www.chateau-labotte.com\/en\/wp-json\/wp\/v2\/product_brand?post=10634"},{"taxonomy":"product_cat","embeddable":true,"href":"https:\/\/www.chateau-labotte.com\/en\/wp-json\/wp\/v2\/product_cat?post=10634"},{"taxonomy":"product_tag","embeddable":true,"href":"https:\/\/www.chateau-labotte.com\/en\/wp-json\/wp\/v2\/product_tag?post=10634"}],"curies":[{"name":"wp","href":"https:\/\/api.w.org\/{rel}","templated":true}]}}