{"id":2721,"date":"2025-10-03T12:50:44","date_gmt":"2025-10-03T12:50:44","guid":{"rendered":"https:\/\/chateau.qodeinteractive.com\/?page_id=2721"},"modified":"2025-10-08T07:57:14","modified_gmt":"2025-10-08T07:57:14","slug":"blog","status":"publish","type":"page","link":"https:\/\/www.chateau-labotte.com\/en\/blog\/","title":{"rendered":"Blog"},"content":{"rendered":"<div data-elementor-type=\"wp-page\" data-elementor-id=\"2721\" class=\"elementor elementor-2721\" data-elementor-post-type=\"page\">\n\t\t\t\t<div class=\"elementor-element elementor-element-1d1e00a e-flex e-con-boxed e-con e-parent\" data-id=\"1d1e00a\" data-element_type=\"container\" data-e-type=\"container\">\n\t\t\t\t\t<div class=\"e-con-inner\">\n\t\t\t\t<div class=\"elementor-element elementor-element-c0e097b elementor-widget elementor-widget-heading\" data-id=\"c0e097b\" data-element_type=\"widget\" data-e-type=\"widget\" data-widget_type=\"heading.default\">\n\t\t\t\t<div class=\"elementor-widget-container\">\n\t\t\t\t\t<h2 class=\"elementor-heading-title elementor-size-default\">Blog<\/h2>\t\t\t\t<\/div>\n\t\t\t\t<\/div>\n\t\t\t\t\t<\/div>\n\t\t\t\t<\/div>\n\t\t<div class=\"elementor-element elementor-element-6ea8582 e-flex e-con-boxed e-con e-parent\" data-id=\"6ea8582\" data-element_type=\"container\" data-e-type=\"container\">\n\t\t\t\t\t<div class=\"e-con-inner\">\n\t\t\t\t<div class=\"elementor-element elementor-element-04b1da7 elementor-widget elementor-widget-video\" data-id=\"04b1da7\" data-element_type=\"widget\" data-e-type=\"widget\" data-settings=\"{&quot;youtube_url&quot;:&quot;https:\\\/\\\/youtu.be\\\/JJHQVfdoM4g&quot;,&quot;video_type&quot;:&quot;youtube&quot;,&quot;controls&quot;:&quot;yes&quot;}\" data-widget_type=\"video.default\">\n\t\t\t\t<div class=\"elementor-widget-container\">\n\t\t\t\t\t\t\t<div class=\"elementor-wrapper elementor-open-inline\">\n\t\t\t<div class=\"elementor-video\"><\/div>\t\t<\/div>\n\t\t\t\t\t\t<\/div>\n\t\t\t\t<\/div>\n\t\t\t\t\t<\/div>\n\t\t\t\t<\/div>\n\t\t\t\t<\/div>","protected":false},"excerpt":{"rendered":"<p>Blog &nbsp;<\/p>","protected":false},"author":1,"featured_media":0,"parent":0,"menu_order":0,"comment_status":"closed","ping_status":"closed","template":"","meta":{"footnotes":""},"class_list":["post-2721","page","type-page","status-publish","hentry"],"yoast_head":"<!-- This site is optimized with the Yoast SEO plugin v26.9 - https:\/\/yoast.com\/product\/yoast-seo-wordpress\/ -->\n<title>Blog - Ch\u00e2teau La Botte<\/title>\n<meta name=\"description\" content=\"18 et 19 Octobre 2025 \u00bb Tour des chais \u00bb : 2 journ\u00e9es pour d\u00e9couvrir, nos vins, notre domaine \u00e0 Ernage en Belgique.15 et 16 Novembre 2025On se retrouve pour notre \u00ab P\u2019tit March\u00e9 \u00bb gourmand au sein de notre propri\u00e9t\u00e9.5,6 et 7 D\u00e9cembre 2025Venez nous retrouver sur le march\u00e9 de No\u00ebl de Chatou dans le 78.13 et 14 D\u00e9cembre 2025 Nous serons pr\u00e9sents au March\u00e9 de No\u00ebl d\u2019Anneville sur Scie dans le 76.20 D\u00e9cembre 2025 Venez me rencontrer au March\u00e9 des Capucins sur Bordeaux.6,7 et 8 F\u00e9vrier 2026Retrouvez nous au salon de Perwex en Belgique.\" \/>\n<meta name=\"robots\" content=\"index, follow, max-snippet:-1, max-image-preview:large, max-video-preview:-1\" \/>\n<link rel=\"canonical\" href=\"https:\/\/www.chateau-labotte.com\/en\/blog\/\" \/>\n<meta property=\"og:locale\" content=\"en_US\" \/>\n<meta property=\"og:type\" content=\"article\" \/>\n<meta property=\"og:title\" content=\"Blog - Ch\u00e2teau La Botte\" \/>\n<meta property=\"og:description\" content=\"18 et 19 Octobre 2025 \u00bb Tour des chais \u00bb : 2 journ\u00e9es pour d\u00e9couvrir, nos vins, notre domaine \u00e0 Ernage en Belgique.15 et 16 Novembre 2025On se retrouve pour notre \u00ab P\u2019tit March\u00e9 \u00bb gourmand au sein de notre propri\u00e9t\u00e9.5,6 et 7 D\u00e9cembre 2025Venez nous retrouver sur le march\u00e9 de No\u00ebl de Chatou dans le 78.13 et 14 D\u00e9cembre 2025 Nous serons pr\u00e9sents au March\u00e9 de No\u00ebl d\u2019Anneville sur Scie dans le 76.20 D\u00e9cembre 2025 Venez me rencontrer au March\u00e9 des Capucins sur Bordeaux.6,7 et 8 F\u00e9vrier 2026Retrouvez nous au salon de Perwex en Belgique.\" \/>\n<meta property=\"og:url\" content=\"https:\/\/www.chateau-labotte.com\/en\/blog\/\" \/>\n<meta property=\"og:site_name\" content=\"Ch\u00e2teau La Botte\" \/>\n<meta property=\"article:modified_time\" content=\"2025-10-08T07:57:14+00:00\" \/>\n<meta name=\"twitter:card\" content=\"summary_large_image\" \/>\n<meta name=\"twitter:label1\" content=\"Est. reading time\" \/>\n\t<meta name=\"twitter:data1\" content=\"1 minute\" \/>\n<script type=\"application\/ld+json\" class=\"yoast-schema-graph\">{\"@context\":\"https:\/\/schema.org\",\"@graph\":[{\"@type\":\"WebPage\",\"@id\":\"https:\/\/www.chateau-labotte.com\/blog\/\",\"url\":\"https:\/\/www.chateau-labotte.com\/blog\/\",\"name\":\"Blog - Ch\u00e2teau La Botte\",\"isPartOf\":{\"@id\":\"https:\/\/www.chateau-labotte.com\/#website\"},\"datePublished\":\"2025-10-03T12:50:44+00:00\",\"dateModified\":\"2025-10-08T07:57:14+00:00\",\"description\":\"18 et 19 Octobre 2025 \u00bb Tour des chais \u00bb : 2 journ\u00e9es pour d\u00e9couvrir, nos vins, notre domaine \u00e0 Ernage en Belgique.15 et 16 Novembre 2025On se retrouve pour notre \u00ab P\u2019tit March\u00e9 \u00bb gourmand au sein de notre propri\u00e9t\u00e9.5,6 et 7 D\u00e9cembre 2025Venez nous retrouver sur le march\u00e9 de No\u00ebl de Chatou dans le 78.13 et 14 D\u00e9cembre 2025 Nous serons pr\u00e9sents au March\u00e9 de No\u00ebl d\u2019Anneville sur Scie dans le 76.20 D\u00e9cembre 2025 Venez me rencontrer au March\u00e9 des Capucins sur Bordeaux.6,7 et 8 F\u00e9vrier 2026Retrouvez nous au salon de Perwex en Belgique.\",\"breadcrumb\":{\"@id\":\"https:\/\/www.chateau-labotte.com\/blog\/#breadcrumb\"},\"inLanguage\":\"en-US\",\"potentialAction\":[{\"@type\":\"ReadAction\",\"target\":[\"https:\/\/www.chateau-labotte.com\/blog\/\"]}]},{\"@type\":\"BreadcrumbList\",\"@id\":\"https:\/\/www.chateau-labotte.com\/blog\/#breadcrumb\",\"itemListElement\":[{\"@type\":\"ListItem\",\"position\":1,\"name\":\"Accueil\",\"item\":\"https:\/\/www.chateau-labotte.com\/fr_fr\/\"},{\"@type\":\"ListItem\",\"position\":2,\"name\":\"Blog\"}]},{\"@type\":\"WebSite\",\"@id\":\"https:\/\/www.chateau-labotte.com\/#website\",\"url\":\"https:\/\/www.chateau-labotte.com\/\",\"name\":\"Ch\u00e2teau La Botte\",\"description\":\"Ch\u00e2teau La Botte\",\"publisher\":{\"@id\":\"https:\/\/www.chateau-labotte.com\/#organization\"},\"potentialAction\":[{\"@type\":\"SearchAction\",\"target\":{\"@type\":\"EntryPoint\",\"urlTemplate\":\"https:\/\/www.chateau-labotte.com\/?s={search_term_string}\"},\"query-input\":{\"@type\":\"PropertyValueSpecification\",\"valueRequired\":true,\"valueName\":\"search_term_string\"}}],\"inLanguage\":\"en-US\"},{\"@type\":\"Organization\",\"@id\":\"https:\/\/www.chateau-labotte.com\/#organization\",\"name\":\"Ch\u00e2teau La Botte\",\"url\":\"https:\/\/www.chateau-labotte.com\/\",\"logo\":{\"@type\":\"ImageObject\",\"inLanguage\":\"en-US\",\"@id\":\"https:\/\/www.chateau-labotte.com\/#\/schema\/logo\/image\/\",\"url\":\"https:\/\/www.chateau-labotte.com\/wp-content\/uploads\/2024\/10\/cropped-logo-1-e1730121899770-1.png\",\"contentUrl\":\"https:\/\/www.chateau-labotte.com\/wp-content\/uploads\/2024\/10\/cropped-logo-1-e1730121899770-1.png\",\"width\":342,\"height\":176,\"caption\":\"Ch\u00e2teau La Botte\"},\"image\":{\"@id\":\"https:\/\/www.chateau-labotte.com\/#\/schema\/logo\/image\/\"}}]}<\/script>\n<!-- \/ Yoast SEO plugin. -->","yoast_head_json":{"title":"Blog - Ch\u00e2teau La Botte","description":"18 et 19 Octobre 2025 \u00bb Tour des chais \u00bb : 2 journ\u00e9es pour d\u00e9couvrir, nos vins, notre domaine \u00e0 Ernage en Belgique.15 et 16 Novembre 2025On se retrouve pour notre \u00ab P\u2019tit March\u00e9 \u00bb gourmand au sein de notre propri\u00e9t\u00e9.5,6 et 7 D\u00e9cembre 2025Venez nous retrouver sur le march\u00e9 de No\u00ebl de Chatou dans le 78.13 et 14 D\u00e9cembre 2025 Nous serons pr\u00e9sents au March\u00e9 de No\u00ebl d\u2019Anneville sur Scie dans le 76.20 D\u00e9cembre 2025 Venez me rencontrer au March\u00e9 des Capucins sur Bordeaux.6,7 et 8 F\u00e9vrier 2026Retrouvez nous au salon de Perwex en Belgique.","robots":{"index":"index","follow":"follow","max-snippet":"max-snippet:-1","max-image-preview":"max-image-preview:large","max-video-preview":"max-video-preview:-1"},"canonical":"https:\/\/www.chateau-labotte.com\/en\/blog\/","og_locale":"en_US","og_type":"article","og_title":"Blog - Ch\u00e2teau La Botte","og_description":"18 et 19 Octobre 2025 \u00bb Tour des chais \u00bb : 2 journ\u00e9es pour d\u00e9couvrir, nos vins, notre domaine \u00e0 Ernage en Belgique.15 et 16 Novembre 2025On se retrouve pour notre \u00ab P\u2019tit March\u00e9 \u00bb gourmand au sein de notre propri\u00e9t\u00e9.5,6 et 7 D\u00e9cembre 2025Venez nous retrouver sur le march\u00e9 de No\u00ebl de Chatou dans le 78.13 et 14 D\u00e9cembre 2025 Nous serons pr\u00e9sents au March\u00e9 de No\u00ebl d\u2019Anneville sur Scie dans le 76.20 D\u00e9cembre 2025 Venez me rencontrer au March\u00e9 des Capucins sur Bordeaux.6,7 et 8 F\u00e9vrier 2026Retrouvez nous au salon de Perwex en Belgique.","og_url":"https:\/\/www.chateau-labotte.com\/en\/blog\/","og_site_name":"Ch\u00e2teau La Botte","article_modified_time":"2025-10-08T07:57:14+00:00","twitter_card":"summary_large_image","twitter_misc":{"Est. reading time":"1 minute"},"schema":{"@context":"https:\/\/schema.org","@graph":[{"@type":"WebPage","@id":"https:\/\/www.chateau-labotte.com\/blog\/","url":"https:\/\/www.chateau-labotte.com\/blog\/","name":"Blog - Ch\u00e2teau La Botte","isPartOf":{"@id":"https:\/\/www.chateau-labotte.com\/#website"},"datePublished":"2025-10-03T12:50:44+00:00","dateModified":"2025-10-08T07:57:14+00:00","description":"18 et 19 Octobre 2025 \u00bb Tour des chais \u00bb : 2 journ\u00e9es pour d\u00e9couvrir, nos vins, notre domaine \u00e0 Ernage en Belgique.15 et 16 Novembre 2025On se retrouve pour notre \u00ab P\u2019tit March\u00e9 \u00bb gourmand au sein de notre propri\u00e9t\u00e9.5,6 et 7 D\u00e9cembre 2025Venez nous retrouver sur le march\u00e9 de No\u00ebl de Chatou dans le 78.13 et 14 D\u00e9cembre 2025 Nous serons pr\u00e9sents au March\u00e9 de No\u00ebl d\u2019Anneville sur Scie dans le 76.20 D\u00e9cembre 2025 Venez me rencontrer au March\u00e9 des Capucins sur Bordeaux.6,7 et 8 F\u00e9vrier 2026Retrouvez nous au salon de Perwex en Belgique.","breadcrumb":{"@id":"https:\/\/www.chateau-labotte.com\/blog\/#breadcrumb"},"inLanguage":"en-US","potentialAction":[{"@type":"ReadAction","target":["https:\/\/www.chateau-labotte.com\/blog\/"]}]},{"@type":"BreadcrumbList","@id":"https:\/\/www.chateau-labotte.com\/blog\/#breadcrumb","itemListElement":[{"@type":"ListItem","position":1,"name":"Accueil","item":"https:\/\/www.chateau-labotte.com\/fr_fr\/"},{"@type":"ListItem","position":2,"name":"Blog"}]},{"@type":"WebSite","@id":"https:\/\/www.chateau-labotte.com\/#website","url":"https:\/\/www.chateau-labotte.com\/","name":"Ch\u00e2teau La Botte","description":"Ch\u00e2teau La Botte","publisher":{"@id":"https:\/\/www.chateau-labotte.com\/#organization"},"potentialAction":[{"@type":"SearchAction","target":{"@type":"EntryPoint","urlTemplate":"https:\/\/www.chateau-labotte.com\/?s={search_term_string}"},"query-input":{"@type":"PropertyValueSpecification","valueRequired":true,"valueName":"search_term_string"}}],"inLanguage":"en-US"},{"@type":"Organization","@id":"https:\/\/www.chateau-labotte.com\/#organization","name":"Ch\u00e2teau La Botte","url":"https:\/\/www.chateau-labotte.com\/","logo":{"@type":"ImageObject","inLanguage":"en-US","@id":"https:\/\/www.chateau-labotte.com\/#\/schema\/logo\/image\/","url":"https:\/\/www.chateau-labotte.com\/wp-content\/uploads\/2024\/10\/cropped-logo-1-e1730121899770-1.png","contentUrl":"https:\/\/www.chateau-labotte.com\/wp-content\/uploads\/2024\/10\/cropped-logo-1-e1730121899770-1.png","width":342,"height":176,"caption":"Ch\u00e2teau La Botte"},"image":{"@id":"https:\/\/www.chateau-labotte.com\/#\/schema\/logo\/image\/"}}]}},"jetpack_sharing_enabled":true,"_links":{"self":[{"href":"https:\/\/www.chateau-labotte.com\/en\/wp-json\/wp\/v2\/pages\/2721","targetHints":{"allow":["GET"]}}],"collection":[{"href":"https:\/\/www.chateau-labotte.com\/en\/wp-json\/wp\/v2\/pages"}],"about":[{"href":"https:\/\/www.chateau-labotte.com\/en\/wp-json\/wp\/v2\/types\/page"}],"author":[{"embeddable":true,"href":"https:\/\/www.chateau-labotte.com\/en\/wp-json\/wp\/v2\/users\/1"}],"replies":[{"embeddable":true,"href":"https:\/\/www.chateau-labotte.com\/en\/wp-json\/wp\/v2\/comments?post=2721"}],"version-history":[{"count":9,"href":"https:\/\/www.chateau-labotte.com\/en\/wp-json\/wp\/v2\/pages\/2721\/revisions"}],"predecessor-version":[{"id":11939,"href":"https:\/\/www.chateau-labotte.com\/en\/wp-json\/wp\/v2\/pages\/2721\/revisions\/11939"}],"wp:attachment":[{"href":"https:\/\/www.chateau-labotte.com\/en\/wp-json\/wp\/v2\/media?parent=2721"}],"curies":[{"name":"wp","href":"https:\/\/api.w.org\/{rel}","templated":true}]}}