{"id":13,"date":"2024-10-25T12:51:14","date_gmt":"2024-10-25T12:51:14","guid":{"rendered":"https:\/\/www.chateau-labotte.com\/panier\/"},"modified":"2025-06-20T10:30:58","modified_gmt":"2025-06-20T10:30:58","slug":"panier","status":"publish","type":"page","link":"https:\/\/www.chateau-labotte.com\/en\/panier\/","title":{"rendered":"Panier"},"content":{"rendered":"<div data-block-name=\"woocommerce\/cart\" class=\"wp-block-woocommerce-cart alignwide is-loading\">\r\n<div data-block-name=\"woocommerce\/filled-cart-block\" class=\"wp-block-woocommerce-filled-cart-block\">\r\n<div data-block-name=\"woocommerce\/cart-items-block\" class=\"wp-block-woocommerce-cart-items-block\">\r\n<div data-block-name=\"woocommerce\/cart-line-items-block\" class=\"wp-block-woocommerce-cart-line-items-block\">\u00a0<\/div>\r\n\r\n\r\n\r\n<div data-block-name=\"woocommerce\/cart-cross-sells-block\" class=\"wp-block-woocommerce-cart-cross-sells-block\">\r\n<h2 class=\"wp-block-heading has-large-font-size\">\u00c7a peut vous int\u00e9resser&#8230;<\/h2>\r\n\r\n\r\n\r\n<div data-block-name=\"woocommerce\/cart-cross-sells-products-block\" class=\"wp-block-woocommerce-cart-cross-sells-products-block\">\u00a0<\/div>\r\n<\/div>\r\n<\/div>\r\n\r\n\r\n\r\n<div data-block-name=\"woocommerce\/cart-totals-block\" class=\"wp-block-woocommerce-cart-totals-block\">\r\n<div data-block-name=\"woocommerce\/cart-order-summary-block\" class=\"wp-block-woocommerce-cart-order-summary-block\">\r\n<div data-block-name=\"woocommerce\/cart-order-summary-heading-block\" class=\"wp-block-woocommerce-cart-order-summary-heading-block\">\u00a0<\/div>\r\n\r\n\r\n\r\n<div data-block-name=\"woocommerce\/cart-order-summary-coupon-form-block\" class=\"wp-block-woocommerce-cart-order-summary-coupon-form-block\">\u00a0<\/div>\r\n\r\n\r\n\r\n\r\n\r\n\r\n\r\n\r\n\r\n\r\n\r\n\r\n\r\n\r\n\r\n\r\n\r\n\r\n\r\n<div data-block-name=\"woocommerce\/cart-order-summary-totals-block\" class=\"wp-block-woocommerce-cart-order-summary-totals-block\">\n<div data-block-name=\"woocommerce\/cart-order-summary-subtotal-block\" class=\"wp-block-woocommerce-cart-order-summary-subtotal-block\">\u00a0<\/div>\n<div data-block-name=\"woocommerce\/cart-order-summary-discount-block\" class=\"wp-block-woocommerce-cart-order-summary-discount-block\">\u00a0<\/div>\n<div data-block-name=\"woocommerce\/cart-order-summary-fee-block\" class=\"wp-block-woocommerce-cart-order-summary-fee-block\">\u00a0<\/div>\n<div data-block-name=\"woocommerce\/cart-order-summary-shipping-block\" class=\"wp-block-woocommerce-cart-order-summary-shipping-block\">\u00a0<\/div>\n<div data-block-name=\"woocommerce\/cart-order-summary-taxes-block\" class=\"wp-block-woocommerce-cart-order-summary-taxes-block\">\u00a0<\/div><\/div>\r\n<\/div>\r\n\r\n\r\n\r\n<div data-block-name=\"woocommerce\/cart-express-payment-block\" class=\"wp-block-woocommerce-cart-express-payment-block\">\u00a0<\/div>\r\n\r\n\r\n\r\n<div data-block-name=\"woocommerce\/proceed-to-checkout-block\" class=\"wp-block-woocommerce-proceed-to-checkout-block\">\u00a0<\/div>\r\n\r\n\r\n\r\n<div data-block-name=\"woocommerce\/cart-accepted-payment-methods-block\" class=\"wp-block-woocommerce-cart-accepted-payment-methods-block\">\u00a0<\/div>\r\n<\/div>\r\n<\/div>\r\n\r\n\r\n\r\n<div data-block-name=\"woocommerce\/empty-cart-block\" class=\"wp-block-woocommerce-empty-cart-block\">\r\n<h2 class=\"wp-block-heading has-text-align-center with-empty-cart-icon wc-block-cart__empty-cart__title\">Votre panier est actuellement vide\u00a0!<\/h2>\r\n\r\n\r\n<hr class=\"wp-block-separator has-alpha-channel-opacity is-style-dots\" \/>\r\n\r\n\r\n<h2 class=\"wp-block-heading has-text-align-center\">Nouveau dans la boutique<\/h2>\r\n\r\n\r\n<div data-block-name=\"woocommerce\/product-new\" data-columns=\"4\" data-rows=\"1\" class=\"wc-block-grid wp-block-product-new wp-block-woocommerce-product-new wc-block-product-new has-4-columns\"><ul class=\"wc-block-grid__products\"><li class=\"wc-block-grid__product\">\n\t\t\t\t<a href=\"https:\/\/www.chateau-labotte.com\/en\/product\/rouge-prestige-thomas\/\" class=\"wc-block-grid__product-link\">\n\t\t\t\t\t\n\t\t\t\t\t<div class=\"wc-block-grid__product-image\"><img fetchpriority=\"high\" decoding=\"async\" width=\"300\" height=\"300\" src=\"https:\/\/www.chateau-labotte.com\/wp-content\/uploads\/2024\/12\/thomas-la-botte-copy-DBD-300x300.png\" class=\"attachment-woocommerce_thumbnail size-woocommerce_thumbnail\" alt=\"Rouge Prestige Thomas\" srcset=\"https:\/\/www.chateau-labotte.com\/wp-content\/uploads\/2024\/12\/thomas-la-botte-copy-DBD-300x300.png 300w, https:\/\/www.chateau-labotte.com\/wp-content\/uploads\/2024\/12\/thomas-la-botte-copy-DBD-1024x1024.png 1024w, https:\/\/www.chateau-labotte.com\/wp-content\/uploads\/2024\/12\/thomas-la-botte-copy-DBD-150x150.png 150w, https:\/\/www.chateau-labotte.com\/wp-content\/uploads\/2024\/12\/thomas-la-botte-copy-DBD-768x768.png 768w, https:\/\/www.chateau-labotte.com\/wp-content\/uploads\/2024\/12\/thomas-la-botte-copy-DBD-1536x1536.png 1536w, https:\/\/www.chateau-labotte.com\/wp-content\/uploads\/2024\/12\/thomas-la-botte-copy-DBD-12x12.png 12w, https:\/\/www.chateau-labotte.com\/wp-content\/uploads\/2024\/12\/thomas-la-botte-copy-DBD-650x650.png 650w, https:\/\/www.chateau-labotte.com\/wp-content\/uploads\/2024\/12\/thomas-la-botte-copy-DBD-1300x1300.png 1300w, https:\/\/www.chateau-labotte.com\/wp-content\/uploads\/2024\/12\/thomas-la-botte-copy-DBD-600x600.png 600w, https:\/\/www.chateau-labotte.com\/wp-content\/uploads\/2024\/12\/thomas-la-botte-copy-DBD-100x100.png 100w, https:\/\/www.chateau-labotte.com\/wp-content\/uploads\/2024\/12\/thomas-la-botte-copy-DBD.png 2000w\" sizes=\"(max-width: 300px) 100vw, 300px\" \/><\/div>\n\t\t\t\t\t<div class=\"wc-block-grid__product-title\">Rouge Prestige Thomas<\/div>\n\t\t\t\t<\/a>\n\t\t\t\t<div class=\"wc-block-grid__product-price price\"><span class=\"woocommerce-Price-amount amount\" aria-hidden=\"true\">5,20&nbsp;<span class=\"woocommerce-Price-currencySymbol\">&euro;<\/span><\/span> <span aria-hidden=\"true\">&ndash;<\/span> <span class=\"woocommerce-Price-amount amount\" aria-hidden=\"true\">72,00&nbsp;<span class=\"woocommerce-Price-currencySymbol\">&euro;<\/span><\/span><span class=\"screen-reader-text\" data-no-translation=\"\" data-trp-gettext=\"\">Price range: 5,20&nbsp;&euro; through 72,00&nbsp;&euro;<\/span><\/div>\n\t\t\t\t\n\t\t\t\t<div class=\"wp-block-button wc-block-grid__product-add-to-cart\"><a href=\"https:\/\/www.chateau-labotte.com\/en\/product\/rouge-prestige-thomas\/\" aria-label=\"Select options for \u201cRouge Prestige Thomas\u201d\" data-quantity=\"1\" data-product_id=\"11764\" data-product_sku=\"02-2\" data-price=\"5.2\" rel=\"nofollow\" class=\"wp-block-button__link  add_to_cart_button\" data-no-translation=\"\" data-trp-gettext=\"\" data-no-translation-aria-label=\"\">Select options<\/a><\/div>\n\t\t\t<\/li><li class=\"wc-block-grid__product\">\n\t\t\t\t<a href=\"https:\/\/www.chateau-labotte.com\/en\/product\/rouge-tradition\/\" class=\"wc-block-grid__product-link\">\n\t\t\t\t\t\n\t\t\t\t\t<div class=\"wc-block-grid__product-image\"><img decoding=\"async\" width=\"300\" height=\"300\" src=\"https:\/\/www.chateau-labotte.com\/wp-content\/uploads\/2024\/12\/la-botte-rouge-DBD-300x300.png\" class=\"attachment-woocommerce_thumbnail size-woocommerce_thumbnail\" alt=\"Rouge Tradition\" srcset=\"https:\/\/www.chateau-labotte.com\/wp-content\/uploads\/2024\/12\/la-botte-rouge-DBD-300x300.png 300w, https:\/\/www.chateau-labotte.com\/wp-content\/uploads\/2024\/12\/la-botte-rouge-DBD-1024x1024.png 1024w, https:\/\/www.chateau-labotte.com\/wp-content\/uploads\/2024\/12\/la-botte-rouge-DBD-150x150.png 150w, https:\/\/www.chateau-labotte.com\/wp-content\/uploads\/2024\/12\/la-botte-rouge-DBD-768x768.png 768w, https:\/\/www.chateau-labotte.com\/wp-content\/uploads\/2024\/12\/la-botte-rouge-DBD-1536x1536.png 1536w, https:\/\/www.chateau-labotte.com\/wp-content\/uploads\/2024\/12\/la-botte-rouge-DBD-12x12.png 12w, https:\/\/www.chateau-labotte.com\/wp-content\/uploads\/2024\/12\/la-botte-rouge-DBD-650x650.png 650w, https:\/\/www.chateau-labotte.com\/wp-content\/uploads\/2024\/12\/la-botte-rouge-DBD-1300x1300.png 1300w, https:\/\/www.chateau-labotte.com\/wp-content\/uploads\/2024\/12\/la-botte-rouge-DBD-600x600.png 600w, https:\/\/www.chateau-labotte.com\/wp-content\/uploads\/2024\/12\/la-botte-rouge-DBD-100x100.png 100w, https:\/\/www.chateau-labotte.com\/wp-content\/uploads\/2024\/12\/la-botte-rouge-DBD.png 2000w\" sizes=\"(max-width: 300px) 100vw, 300px\" \/><\/div>\n\t\t\t\t\t<div class=\"wc-block-grid__product-title\">Rouge Tradition<\/div>\n\t\t\t\t<\/a>\n\t\t\t\t<div class=\"wc-block-grid__product-price price\"><span class=\"woocommerce-Price-amount amount\" aria-hidden=\"true\">7,00&nbsp;<span class=\"woocommerce-Price-currencySymbol\">&euro;<\/span><\/span> <span aria-hidden=\"true\">&ndash;<\/span> <span class=\"woocommerce-Price-amount amount\" aria-hidden=\"true\">35,00&nbsp;<span class=\"woocommerce-Price-currencySymbol\">&euro;<\/span><\/span><span class=\"screen-reader-text\" data-no-translation=\"\" data-trp-gettext=\"\">Price range: 7,00&nbsp;&euro; through 35,00&nbsp;&euro;<\/span><\/div>\n\t\t\t\t\n\t\t\t\t<div class=\"wp-block-button wc-block-grid__product-add-to-cart\"><a href=\"https:\/\/www.chateau-labotte.com\/en\/product\/rouge-tradition\/\" aria-label=\"Select options for \u201cRouge Tradition\u201d\" data-quantity=\"1\" data-product_id=\"11759\" data-product_sku=\"01-3\" data-price=\"7\" rel=\"nofollow\" class=\"wp-block-button__link  add_to_cart_button\" data-no-translation=\"\" data-trp-gettext=\"\" data-no-translation-aria-label=\"\">Select options<\/a><\/div>\n\t\t\t<\/li><li class=\"wc-block-grid__product\">\n\t\t\t\t<a href=\"https:\/\/www.chateau-labotte.com\/en\/product\/rouge-reserve-alexandre\/\" class=\"wc-block-grid__product-link\">\n\t\t\t\t\t\n\t\t\t\t\t<div class=\"wc-block-grid__product-image\"><img decoding=\"async\" width=\"300\" height=\"300\" src=\"https:\/\/www.chateau-labotte.com\/wp-content\/uploads\/2024\/12\/la-botte-rouge-alexandre-DBD-300x300.png\" class=\"attachment-woocommerce_thumbnail size-woocommerce_thumbnail\" alt=\"Rouge R\u00e9serve Alexandre\" srcset=\"https:\/\/www.chateau-labotte.com\/wp-content\/uploads\/2024\/12\/la-botte-rouge-alexandre-DBD-300x300.png 300w, https:\/\/www.chateau-labotte.com\/wp-content\/uploads\/2024\/12\/la-botte-rouge-alexandre-DBD-1024x1024.png 1024w, https:\/\/www.chateau-labotte.com\/wp-content\/uploads\/2024\/12\/la-botte-rouge-alexandre-DBD-150x150.png 150w, https:\/\/www.chateau-labotte.com\/wp-content\/uploads\/2024\/12\/la-botte-rouge-alexandre-DBD-768x768.png 768w, https:\/\/www.chateau-labotte.com\/wp-content\/uploads\/2024\/12\/la-botte-rouge-alexandre-DBD-1536x1536.png 1536w, https:\/\/www.chateau-labotte.com\/wp-content\/uploads\/2024\/12\/la-botte-rouge-alexandre-DBD-12x12.png 12w, https:\/\/www.chateau-labotte.com\/wp-content\/uploads\/2024\/12\/la-botte-rouge-alexandre-DBD-650x650.png 650w, https:\/\/www.chateau-labotte.com\/wp-content\/uploads\/2024\/12\/la-botte-rouge-alexandre-DBD-1300x1300.png 1300w, https:\/\/www.chateau-labotte.com\/wp-content\/uploads\/2024\/12\/la-botte-rouge-alexandre-DBD-600x600.png 600w, https:\/\/www.chateau-labotte.com\/wp-content\/uploads\/2024\/12\/la-botte-rouge-alexandre-DBD-100x100.png 100w, https:\/\/www.chateau-labotte.com\/wp-content\/uploads\/2024\/12\/la-botte-rouge-alexandre-DBD.png 2000w\" sizes=\"(max-width: 300px) 100vw, 300px\" \/><\/div>\n\t\t\t\t\t<div class=\"wc-block-grid__product-title\">Rouge R\u00e9serve Alexandre<\/div>\n\t\t\t\t<\/a>\n\t\t\t\t<div class=\"wc-block-grid__product-price price\"><span class=\"woocommerce-Price-amount amount\" aria-hidden=\"true\">14,00&nbsp;<span class=\"woocommerce-Price-currencySymbol\">&euro;<\/span><\/span> <span aria-hidden=\"true\">&ndash;<\/span> <span class=\"woocommerce-Price-amount amount\" aria-hidden=\"true\">32,00&nbsp;<span class=\"woocommerce-Price-currencySymbol\">&euro;<\/span><\/span><span class=\"screen-reader-text\" data-no-translation=\"\" data-trp-gettext=\"\">Price range: 14,00&nbsp;&euro; through 32,00&nbsp;&euro;<\/span><\/div>\n\t\t\t\t\n\t\t\t\t<div class=\"wp-block-button wc-block-grid__product-add-to-cart\"><a href=\"https:\/\/www.chateau-labotte.com\/en\/product\/rouge-reserve-alexandre\/\" aria-label=\"Select options for \u201cRouge R\u00e9serve Alexandre\u201d\" data-quantity=\"1\" data-product_id=\"10634\" data-product_sku=\"02-3\" data-price=\"14\" rel=\"nofollow\" class=\"wp-block-button__link  add_to_cart_button\" data-no-translation=\"\" data-trp-gettext=\"\" data-no-translation-aria-label=\"\">Select options<\/a><\/div>\n\t\t\t<\/li><li class=\"wc-block-grid__product\">\n\t\t\t\t<a href=\"https:\/\/www.chateau-labotte.com\/en\/product\/rose-tradition\/\" class=\"wc-block-grid__product-link\">\n\t\t\t\t\t\n\t\t\t\t\t<div class=\"wc-block-grid__product-image\"><img loading=\"lazy\" decoding=\"async\" width=\"300\" height=\"300\" src=\"https:\/\/www.chateau-labotte.com\/wp-content\/uploads\/2024\/12\/la-botte-rose-V2-DBD-300x300.png\" class=\"attachment-woocommerce_thumbnail size-woocommerce_thumbnail\" alt=\"Ros\u00e9 Tradition\" srcset=\"https:\/\/www.chateau-labotte.com\/wp-content\/uploads\/2024\/12\/la-botte-rose-V2-DBD-300x300.png 300w, https:\/\/www.chateau-labotte.com\/wp-content\/uploads\/2024\/12\/la-botte-rose-V2-DBD-1024x1024.png 1024w, https:\/\/www.chateau-labotte.com\/wp-content\/uploads\/2024\/12\/la-botte-rose-V2-DBD-150x150.png 150w, https:\/\/www.chateau-labotte.com\/wp-content\/uploads\/2024\/12\/la-botte-rose-V2-DBD-768x768.png 768w, https:\/\/www.chateau-labotte.com\/wp-content\/uploads\/2024\/12\/la-botte-rose-V2-DBD-1536x1536.png 1536w, https:\/\/www.chateau-labotte.com\/wp-content\/uploads\/2024\/12\/la-botte-rose-V2-DBD-12x12.png 12w, https:\/\/www.chateau-labotte.com\/wp-content\/uploads\/2024\/12\/la-botte-rose-V2-DBD-650x650.png 650w, https:\/\/www.chateau-labotte.com\/wp-content\/uploads\/2024\/12\/la-botte-rose-V2-DBD-1300x1300.png 1300w, https:\/\/www.chateau-labotte.com\/wp-content\/uploads\/2024\/12\/la-botte-rose-V2-DBD-600x600.png 600w, https:\/\/www.chateau-labotte.com\/wp-content\/uploads\/2024\/12\/la-botte-rose-V2-DBD-100x100.png 100w, https:\/\/www.chateau-labotte.com\/wp-content\/uploads\/2024\/12\/la-botte-rose-V2-DBD.png 2000w\" sizes=\"(max-width: 300px) 100vw, 300px\" \/><\/div>\n\t\t\t\t\t<div class=\"wc-block-grid__product-title\">Ros\u00e9 Tradition<\/div>\n\t\t\t\t<\/a>\n\t\t\t\t<div class=\"wc-block-grid__product-price price\"><span class=\"woocommerce-Price-amount amount\" aria-hidden=\"true\">7,00&nbsp;<span class=\"woocommerce-Price-currencySymbol\">&euro;<\/span><\/span> <span aria-hidden=\"true\">&ndash;<\/span> <span class=\"woocommerce-Price-amount amount\" aria-hidden=\"true\">19,00&nbsp;<span class=\"woocommerce-Price-currencySymbol\">&euro;<\/span><\/span><span class=\"screen-reader-text\" data-no-translation=\"\" data-trp-gettext=\"\">Price range: 7,00&nbsp;&euro; through 19,00&nbsp;&euro;<\/span><\/div>\n\t\t\t\t\n\t\t\t\t<div class=\"wp-block-button wc-block-grid__product-add-to-cart\"><a href=\"https:\/\/www.chateau-labotte.com\/en\/product\/rose-tradition\/\" aria-label=\"Select options for \u201cRos\u00e9 Tradition\u201d\" data-quantity=\"1\" data-product_id=\"10632\" data-product_sku=\"01-2\" data-price=\"7\" rel=\"nofollow\" class=\"wp-block-button__link  add_to_cart_button\" data-no-translation=\"\" data-trp-gettext=\"\" data-no-translation-aria-label=\"\">Select options<\/a><\/div>\n\t\t\t<\/li><\/ul><\/div><\/div>\r\n<\/div>\r\n\r\n\r\n<div style=\"text-align: center;\">\r\n<a class=\"qodef-shortcode qodef-m  qodef-button qodef-layout--discontinuous  qodef-html--link\" href=\"https:\/\/www.chateau-labotte.com\/en\/boutique\/\" data-hover-color=\"#DFC5FA\" style=\"color: rgb(73, 51, 96);\">\r\n\t<span class=\"qodef-m-text\">Continuer mes achats<\/span>\r\n\t<span class=\"qodef-disc-btn qodef-disc-btn-top-left\"><\/span>\r\n\t<span class=\"qodef-disc-btn qodef-disc-btn-top-right\"><\/span>\r\n\t<span class=\"qodef-disc-btn qodef-disc-btn-right\"><\/span>\r\n\t<span class=\"qodef-disc-btn qodef-disc-btn-bottom-right\"><\/span>\r\n\t<span class=\"qodef-disc-btn qodef-disc-btn-bottom-left\"><\/span>\r\n\t<span class=\"qodef-disc-btn qodef-blob-btn-left\"><\/span>\r\n<\/a>\r\n<\/div>","protected":false},"excerpt":{"rendered":"<p>Continuer mes achats<\/p>","protected":false},"author":1,"featured_media":0,"parent":0,"menu_order":0,"comment_status":"closed","ping_status":"closed","template":"","meta":{"footnotes":""},"class_list":["post-13","page","type-page","status-publish","hentry"],"yoast_head":"<!-- This site is optimized with the Yoast SEO plugin v26.9 - https:\/\/yoast.com\/product\/yoast-seo-wordpress\/ -->\n<title>Panier - Ch\u00e2teau La Botte - Commandez vos Vins de Blaye C\u00f4tes de Bordeaux<\/title>\n<meta name=\"description\" content=\"Retrouvez les vins s\u00e9lectionn\u00e9s dans votre panier Ch\u00e2teau La Botte et finalisez votre commande de vins rouges, blancs et ros\u00e9s de Blaye C\u00f4tes de Bordeaux.\" \/>\n<meta name=\"robots\" content=\"index, follow, max-snippet:-1, max-image-preview:large, max-video-preview:-1\" \/>\n<link rel=\"canonical\" href=\"https:\/\/www.chateau-labotte.com\/en\/panier\/\" \/>\n<meta property=\"og:locale\" content=\"en_US\" \/>\n<meta property=\"og:type\" content=\"article\" \/>\n<meta property=\"og:title\" content=\"Panier - Ch\u00e2teau La Botte - Commandez vos Vins de Blaye C\u00f4tes de Bordeaux\" \/>\n<meta property=\"og:description\" content=\"Retrouvez les vins s\u00e9lectionn\u00e9s dans votre panier Ch\u00e2teau La Botte et finalisez votre commande de vins rouges, blancs et ros\u00e9s de Blaye C\u00f4tes de Bordeaux.\" \/>\n<meta property=\"og:url\" content=\"https:\/\/www.chateau-labotte.com\/en\/panier\/\" \/>\n<meta property=\"og:site_name\" content=\"Ch\u00e2teau La Botte\" \/>\n<meta property=\"article:modified_time\" content=\"2025-06-20T10:30:58+00:00\" \/>\n<meta name=\"twitter:card\" content=\"summary_large_image\" \/>\n<meta name=\"twitter:label1\" content=\"Est. reading time\" \/>\n\t<meta name=\"twitter:data1\" content=\"1 minute\" \/>\n<script type=\"application\/ld+json\" class=\"yoast-schema-graph\">{\"@context\":\"https:\/\/schema.org\",\"@graph\":[{\"@type\":\"WebPage\",\"@id\":\"https:\/\/www.chateau-labotte.com\/panier\/\",\"url\":\"https:\/\/www.chateau-labotte.com\/panier\/\",\"name\":\"Panier - Ch\u00e2teau La Botte - Commandez vos Vins de Blaye C\u00f4tes de Bordeaux\",\"isPartOf\":{\"@id\":\"https:\/\/www.chateau-labotte.com\/#website\"},\"datePublished\":\"2024-10-25T12:51:14+00:00\",\"dateModified\":\"2025-06-20T10:30:58+00:00\",\"description\":\"Retrouvez les vins s\u00e9lectionn\u00e9s dans votre panier Ch\u00e2teau La Botte et finalisez votre commande de vins rouges, blancs et ros\u00e9s de Blaye C\u00f4tes de Bordeaux.\",\"breadcrumb\":{\"@id\":\"https:\/\/www.chateau-labotte.com\/panier\/#breadcrumb\"},\"inLanguage\":\"en-US\",\"potentialAction\":[{\"@type\":\"ReadAction\",\"target\":[\"https:\/\/www.chateau-labotte.com\/panier\/\"]}]},{\"@type\":\"BreadcrumbList\",\"@id\":\"https:\/\/www.chateau-labotte.com\/panier\/#breadcrumb\",\"itemListElement\":[{\"@type\":\"ListItem\",\"position\":1,\"name\":\"Accueil\",\"item\":\"https:\/\/www.chateau-labotte.com\/fr_fr\/\"},{\"@type\":\"ListItem\",\"position\":2,\"name\":\"Panier\"}]},{\"@type\":\"WebSite\",\"@id\":\"https:\/\/www.chateau-labotte.com\/#website\",\"url\":\"https:\/\/www.chateau-labotte.com\/\",\"name\":\"Ch\u00e2teau La Botte\",\"description\":\"Ch\u00e2teau La Botte\",\"publisher\":{\"@id\":\"https:\/\/www.chateau-labotte.com\/#organization\"},\"potentialAction\":[{\"@type\":\"SearchAction\",\"target\":{\"@type\":\"EntryPoint\",\"urlTemplate\":\"https:\/\/www.chateau-labotte.com\/?s={search_term_string}\"},\"query-input\":{\"@type\":\"PropertyValueSpecification\",\"valueRequired\":true,\"valueName\":\"search_term_string\"}}],\"inLanguage\":\"en-US\"},{\"@type\":\"Organization\",\"@id\":\"https:\/\/www.chateau-labotte.com\/#organization\",\"name\":\"Ch\u00e2teau La Botte\",\"url\":\"https:\/\/www.chateau-labotte.com\/\",\"logo\":{\"@type\":\"ImageObject\",\"inLanguage\":\"en-US\",\"@id\":\"https:\/\/www.chateau-labotte.com\/#\/schema\/logo\/image\/\",\"url\":\"https:\/\/www.chateau-labotte.com\/wp-content\/uploads\/2024\/10\/cropped-logo-1-e1730121899770-1.png\",\"contentUrl\":\"https:\/\/www.chateau-labotte.com\/wp-content\/uploads\/2024\/10\/cropped-logo-1-e1730121899770-1.png\",\"width\":342,\"height\":176,\"caption\":\"Ch\u00e2teau La Botte\"},\"image\":{\"@id\":\"https:\/\/www.chateau-labotte.com\/#\/schema\/logo\/image\/\"}}]}<\/script>\n<!-- \/ Yoast SEO plugin. -->","yoast_head_json":{"title":"Panier - Ch\u00e2teau La Botte - Commandez vos Vins de Blaye C\u00f4tes de Bordeaux","description":"Retrouvez les vins s\u00e9lectionn\u00e9s dans votre panier Ch\u00e2teau La Botte et finalisez votre commande de vins rouges, blancs et ros\u00e9s de Blaye C\u00f4tes de Bordeaux.","robots":{"index":"index","follow":"follow","max-snippet":"max-snippet:-1","max-image-preview":"max-image-preview:large","max-video-preview":"max-video-preview:-1"},"canonical":"https:\/\/www.chateau-labotte.com\/en\/panier\/","og_locale":"en_US","og_type":"article","og_title":"Panier - Ch\u00e2teau La Botte - Commandez vos Vins de Blaye C\u00f4tes de Bordeaux","og_description":"Retrouvez les vins s\u00e9lectionn\u00e9s dans votre panier Ch\u00e2teau La Botte et finalisez votre commande de vins rouges, blancs et ros\u00e9s de Blaye C\u00f4tes de Bordeaux.","og_url":"https:\/\/www.chateau-labotte.com\/en\/panier\/","og_site_name":"Ch\u00e2teau La Botte","article_modified_time":"2025-06-20T10:30:58+00:00","twitter_card":"summary_large_image","twitter_misc":{"Est. reading time":"1 minute"},"schema":{"@context":"https:\/\/schema.org","@graph":[{"@type":"WebPage","@id":"https:\/\/www.chateau-labotte.com\/panier\/","url":"https:\/\/www.chateau-labotte.com\/panier\/","name":"Panier - Ch\u00e2teau La Botte - Commandez vos Vins de Blaye C\u00f4tes de Bordeaux","isPartOf":{"@id":"https:\/\/www.chateau-labotte.com\/#website"},"datePublished":"2024-10-25T12:51:14+00:00","dateModified":"2025-06-20T10:30:58+00:00","description":"Retrouvez les vins s\u00e9lectionn\u00e9s dans votre panier Ch\u00e2teau La Botte et finalisez votre commande de vins rouges, blancs et ros\u00e9s de Blaye C\u00f4tes de Bordeaux.","breadcrumb":{"@id":"https:\/\/www.chateau-labotte.com\/panier\/#breadcrumb"},"inLanguage":"en-US","potentialAction":[{"@type":"ReadAction","target":["https:\/\/www.chateau-labotte.com\/panier\/"]}]},{"@type":"BreadcrumbList","@id":"https:\/\/www.chateau-labotte.com\/panier\/#breadcrumb","itemListElement":[{"@type":"ListItem","position":1,"name":"Accueil","item":"https:\/\/www.chateau-labotte.com\/fr_fr\/"},{"@type":"ListItem","position":2,"name":"Panier"}]},{"@type":"WebSite","@id":"https:\/\/www.chateau-labotte.com\/#website","url":"https:\/\/www.chateau-labotte.com\/","name":"Ch\u00e2teau La Botte","description":"Ch\u00e2teau La Botte","publisher":{"@id":"https:\/\/www.chateau-labotte.com\/#organization"},"potentialAction":[{"@type":"SearchAction","target":{"@type":"EntryPoint","urlTemplate":"https:\/\/www.chateau-labotte.com\/?s={search_term_string}"},"query-input":{"@type":"PropertyValueSpecification","valueRequired":true,"valueName":"search_term_string"}}],"inLanguage":"en-US"},{"@type":"Organization","@id":"https:\/\/www.chateau-labotte.com\/#organization","name":"Ch\u00e2teau La Botte","url":"https:\/\/www.chateau-labotte.com\/","logo":{"@type":"ImageObject","inLanguage":"en-US","@id":"https:\/\/www.chateau-labotte.com\/#\/schema\/logo\/image\/","url":"https:\/\/www.chateau-labotte.com\/wp-content\/uploads\/2024\/10\/cropped-logo-1-e1730121899770-1.png","contentUrl":"https:\/\/www.chateau-labotte.com\/wp-content\/uploads\/2024\/10\/cropped-logo-1-e1730121899770-1.png","width":342,"height":176,"caption":"Ch\u00e2teau La Botte"},"image":{"@id":"https:\/\/www.chateau-labotte.com\/#\/schema\/logo\/image\/"}}]}},"jetpack_sharing_enabled":true,"_links":{"self":[{"href":"https:\/\/www.chateau-labotte.com\/en\/wp-json\/wp\/v2\/pages\/13","targetHints":{"allow":["GET"]}}],"collection":[{"href":"https:\/\/www.chateau-labotte.com\/en\/wp-json\/wp\/v2\/pages"}],"about":[{"href":"https:\/\/www.chateau-labotte.com\/en\/wp-json\/wp\/v2\/types\/page"}],"author":[{"embeddable":true,"href":"https:\/\/www.chateau-labotte.com\/en\/wp-json\/wp\/v2\/users\/1"}],"replies":[{"embeddable":true,"href":"https:\/\/www.chateau-labotte.com\/en\/wp-json\/wp\/v2\/comments?post=13"}],"version-history":[{"count":24,"href":"https:\/\/www.chateau-labotte.com\/en\/wp-json\/wp\/v2\/pages\/13\/revisions"}],"predecessor-version":[{"id":11529,"href":"https:\/\/www.chateau-labotte.com\/en\/wp-json\/wp\/v2\/pages\/13\/revisions\/11529"}],"wp:attachment":[{"href":"https:\/\/www.chateau-labotte.com\/en\/wp-json\/wp\/v2\/media?parent=13"}],"curies":[{"name":"wp","href":"https:\/\/api.w.org\/{rel}","templated":true}]}}