{"id":11759,"date":"2025-10-06T14:01:02","date_gmt":"2025-10-06T14:01:02","guid":{"rendered":"https:\/\/www.chateau-labotte.com\/?post_type=product&#038;p=11759"},"modified":"2026-04-20T16:52:38","modified_gmt":"2026-04-20T16:52:38","slug":"rouge-tradition","status":"publish","type":"product","link":"http:\/\/www.chateau-labotte.com\/fr_fr\/produit\/rouge-tradition\/","title":{"rendered":"Rouge Tradition"},"content":{"rendered":"<p>&nbsp;<\/p>\n<p>&nbsp;<\/p>\n","protected":false},"excerpt":{"rendered":"<p>Vous recherchez un vin de tous les jours, alors cette <strong>Cuv\u00e9e Tradition<\/strong> vous comblera. Ce vin est assembl\u00e9 \u00e0 partir de tous les c\u00e9pages rouges pr\u00e9sents sur la propri\u00e9t\u00e9 (merlot, cabernet sauvignon, cabernet franc). Vin souple aux ar\u00f4mes de fruits rouges avec suivant les ann\u00e9es une pointe de r\u00e9glisse.<\/p>\n<p>Informel, c&rsquo;est un vin facile d&rsquo;acc\u00e8s. Vous pourrez l&rsquo;associer avec une Grillade de saucisses, une Vollaille rotie, une Pizza aux champignons, voire un fromage \u00e0 p\u00e2te molle doux.<em> A boire dans les 3-5 ans.<\/em><\/p>\n","protected":false},"featured_media":10619,"comment_status":"open","ping_status":"closed","template":"elementor_theme","meta":[],"product_brand":[],"product_cat":[111,36,83,109],"product_tag":[],"class_list":{"0":"post-11759","1":"product","2":"type-product","3":"status-publish","4":"has-post-thumbnail","6":"product_cat-0-touts-les-produits","7":"product_cat-1-les-informels","8":"product_cat-2-rouge","9":"product_cat-3-tradition","10":"pa_appellation-blaye-cotes-de-bordeaux","11":"pa_couleur-rouge","12":"pa_millesime-104","13":"pa_volume-bouteille-de-75cl","14":"pa_volume-bib-5l","15":"pa_volume-bib-10l","17":"first","18":"instock","19":"taxable","20":"shipping-taxable","21":"purchasable","22":"product-type-variable","23":"has-default-attributes"},"yoast_head":"<!-- This site is optimized with the Yoast SEO plugin v26.9 - https:\/\/yoast.com\/product\/yoast-seo-wordpress\/ -->\n<title>Rouge Tradition - Ch\u00e2teau La Botte<\/title>\n<meta name=\"robots\" content=\"index, follow, max-snippet:-1, max-image-preview:large, max-video-preview:-1\" \/>\n<link rel=\"canonical\" href=\"https:\/\/www.chateau-labotte.com\/fr_fr\/produit\/rouge-tradition\/\" \/>\n<meta property=\"og:locale\" content=\"fr_FR\" \/>\n<meta property=\"og:type\" content=\"article\" \/>\n<meta property=\"og:title\" content=\"Rouge Tradition - Ch\u00e2teau La Botte\" \/>\n<meta property=\"og:description\" content=\"Vous recherchez un vin de tous les jours, alors cette Cuv\u00e9e Tradition vous comblera. Ce vin est assembl\u00e9 \u00e0 partir de tous les c\u00e9pages rouges pr\u00e9sents sur la propri\u00e9t\u00e9 (merlot, cabernet sauvignon, cabernet franc). Vin souple aux ar\u00f4mes de fruits rouges avec suivant les ann\u00e9es une pointe de r\u00e9glisse.  Informel, c&#039;est un vin facile d&#039;acc\u00e8s. Vous pourrez l&#039;associer avec une Grillade de saucisses, une Vollaille rotie, une Pizza aux champignons, voire un fromage \u00e0 p\u00e2te molle doux. A boire dans les 3-5 ans.\" \/>\n<meta property=\"og:url\" content=\"https:\/\/www.chateau-labotte.com\/fr_fr\/produit\/rouge-tradition\/\" \/>\n<meta property=\"og:site_name\" content=\"Ch\u00e2teau La Botte\" \/>\n<meta property=\"article:modified_time\" content=\"2026-04-20T16:52:38+00:00\" \/>\n<meta property=\"og:image\" content=\"https:\/\/www.chateau-labotte.com\/wp-content\/uploads\/2024\/12\/la-botte-rouge-DBD.png\" \/>\n\t<meta property=\"og:image:width\" content=\"2000\" \/>\n\t<meta property=\"og:image:height\" content=\"2000\" \/>\n\t<meta property=\"og:image:type\" content=\"image\/png\" \/>\n<meta name=\"twitter:card\" content=\"summary_large_image\" \/>\n<meta name=\"twitter:label1\" content=\"Dur\u00e9e de lecture estim\u00e9e\" \/>\n\t<meta name=\"twitter:data1\" content=\"1 minute\" \/>\n<script type=\"application\/ld+json\" class=\"yoast-schema-graph\">{\"@context\":\"https:\/\/schema.org\",\"@graph\":[{\"@type\":\"WebPage\",\"@id\":\"https:\/\/www.chateau-labotte.com\/produit\/rouge-tradition\/\",\"url\":\"https:\/\/www.chateau-labotte.com\/produit\/rouge-tradition\/\",\"name\":\"Rouge Tradition - Ch\u00e2teau La Botte\",\"isPartOf\":{\"@id\":\"https:\/\/www.chateau-labotte.com\/#website\"},\"primaryImageOfPage\":{\"@id\":\"https:\/\/www.chateau-labotte.com\/produit\/rouge-tradition\/#primaryimage\"},\"image\":{\"@id\":\"https:\/\/www.chateau-labotte.com\/produit\/rouge-tradition\/#primaryimage\"},\"thumbnailUrl\":\"https:\/\/www.chateau-labotte.com\/wp-content\/uploads\/2024\/12\/la-botte-rouge-DBD.png\",\"datePublished\":\"2025-10-06T14:01:02+00:00\",\"dateModified\":\"2026-04-20T16:52:38+00:00\",\"breadcrumb\":{\"@id\":\"https:\/\/www.chateau-labotte.com\/produit\/rouge-tradition\/#breadcrumb\"},\"inLanguage\":\"fr-FR\",\"potentialAction\":[{\"@type\":\"ReadAction\",\"target\":[\"https:\/\/www.chateau-labotte.com\/produit\/rouge-tradition\/\"]}]},{\"@type\":\"ImageObject\",\"inLanguage\":\"fr-FR\",\"@id\":\"https:\/\/www.chateau-labotte.com\/produit\/rouge-tradition\/#primaryimage\",\"url\":\"https:\/\/www.chateau-labotte.com\/wp-content\/uploads\/2024\/12\/la-botte-rouge-DBD.png\",\"contentUrl\":\"https:\/\/www.chateau-labotte.com\/wp-content\/uploads\/2024\/12\/la-botte-rouge-DBD.png\",\"width\":2000,\"height\":2000},{\"@type\":\"BreadcrumbList\",\"@id\":\"https:\/\/www.chateau-labotte.com\/produit\/rouge-tradition\/#breadcrumb\",\"itemListElement\":[{\"@type\":\"ListItem\",\"position\":1,\"name\":\"Accueil\",\"item\":\"https:\/\/www.chateau-labotte.com\/fr_fr\/\"},{\"@type\":\"ListItem\",\"position\":2,\"name\":\"Boutique\",\"item\":\"https:\/\/www.chateau-labotte.com\/boutique\/\"},{\"@type\":\"ListItem\",\"position\":3,\"name\":\"Rouge Tradition\"}]},{\"@type\":\"WebSite\",\"@id\":\"https:\/\/www.chateau-labotte.com\/#website\",\"url\":\"https:\/\/www.chateau-labotte.com\/\",\"name\":\"Ch\u00e2teau La Botte\",\"description\":\"Ch\u00e2teau La Botte\",\"publisher\":{\"@id\":\"https:\/\/www.chateau-labotte.com\/#organization\"},\"potentialAction\":[{\"@type\":\"SearchAction\",\"target\":{\"@type\":\"EntryPoint\",\"urlTemplate\":\"https:\/\/www.chateau-labotte.com\/?s={search_term_string}\"},\"query-input\":{\"@type\":\"PropertyValueSpecification\",\"valueRequired\":true,\"valueName\":\"search_term_string\"}}],\"inLanguage\":\"fr-FR\"},{\"@type\":\"Organization\",\"@id\":\"https:\/\/www.chateau-labotte.com\/#organization\",\"name\":\"Ch\u00e2teau La Botte\",\"url\":\"https:\/\/www.chateau-labotte.com\/\",\"logo\":{\"@type\":\"ImageObject\",\"inLanguage\":\"fr-FR\",\"@id\":\"https:\/\/www.chateau-labotte.com\/#\/schema\/logo\/image\/\",\"url\":\"https:\/\/www.chateau-labotte.com\/wp-content\/uploads\/2024\/10\/cropped-logo-1-e1730121899770-1.png\",\"contentUrl\":\"https:\/\/www.chateau-labotte.com\/wp-content\/uploads\/2024\/10\/cropped-logo-1-e1730121899770-1.png\",\"width\":342,\"height\":176,\"caption\":\"Ch\u00e2teau La Botte\"},\"image\":{\"@id\":\"https:\/\/www.chateau-labotte.com\/#\/schema\/logo\/image\/\"}}]}<\/script>\n<!-- \/ Yoast SEO plugin. -->","yoast_head_json":{"title":"Rouge Tradition - Ch\u00e2teau La Botte","robots":{"index":"index","follow":"follow","max-snippet":"max-snippet:-1","max-image-preview":"max-image-preview:large","max-video-preview":"max-video-preview:-1"},"canonical":"https:\/\/www.chateau-labotte.com\/fr_fr\/produit\/rouge-tradition\/","og_locale":"fr_FR","og_type":"article","og_title":"Rouge Tradition - Ch\u00e2teau La Botte","og_description":"Vous recherchez un vin de tous les jours, alors cette Cuv\u00e9e Tradition vous comblera. Ce vin est assembl\u00e9 \u00e0 partir de tous les c\u00e9pages rouges pr\u00e9sents sur la propri\u00e9t\u00e9 (merlot, cabernet sauvignon, cabernet franc). Vin souple aux ar\u00f4mes de fruits rouges avec suivant les ann\u00e9es une pointe de r\u00e9glisse.  Informel, c'est un vin facile d'acc\u00e8s. Vous pourrez l'associer avec une Grillade de saucisses, une Vollaille rotie, une Pizza aux champignons, voire un fromage \u00e0 p\u00e2te molle doux. A boire dans les 3-5 ans.","og_url":"https:\/\/www.chateau-labotte.com\/fr_fr\/produit\/rouge-tradition\/","og_site_name":"Ch\u00e2teau La Botte","article_modified_time":"2026-04-20T16:52:38+00:00","og_image":[{"width":2000,"height":2000,"url":"https:\/\/www.chateau-labotte.com\/wp-content\/uploads\/2024\/12\/la-botte-rouge-DBD.png","type":"image\/png"}],"twitter_card":"summary_large_image","twitter_misc":{"Dur\u00e9e de lecture estim\u00e9e":"1 minute"},"schema":{"@context":"https:\/\/schema.org","@graph":[{"@type":"WebPage","@id":"https:\/\/www.chateau-labotte.com\/produit\/rouge-tradition\/","url":"https:\/\/www.chateau-labotte.com\/produit\/rouge-tradition\/","name":"Rouge Tradition - Ch\u00e2teau La Botte","isPartOf":{"@id":"https:\/\/www.chateau-labotte.com\/#website"},"primaryImageOfPage":{"@id":"https:\/\/www.chateau-labotte.com\/produit\/rouge-tradition\/#primaryimage"},"image":{"@id":"https:\/\/www.chateau-labotte.com\/produit\/rouge-tradition\/#primaryimage"},"thumbnailUrl":"https:\/\/www.chateau-labotte.com\/wp-content\/uploads\/2024\/12\/la-botte-rouge-DBD.png","datePublished":"2025-10-06T14:01:02+00:00","dateModified":"2026-04-20T16:52:38+00:00","breadcrumb":{"@id":"https:\/\/www.chateau-labotte.com\/produit\/rouge-tradition\/#breadcrumb"},"inLanguage":"fr-FR","potentialAction":[{"@type":"ReadAction","target":["https:\/\/www.chateau-labotte.com\/produit\/rouge-tradition\/"]}]},{"@type":"ImageObject","inLanguage":"fr-FR","@id":"https:\/\/www.chateau-labotte.com\/produit\/rouge-tradition\/#primaryimage","url":"https:\/\/www.chateau-labotte.com\/wp-content\/uploads\/2024\/12\/la-botte-rouge-DBD.png","contentUrl":"https:\/\/www.chateau-labotte.com\/wp-content\/uploads\/2024\/12\/la-botte-rouge-DBD.png","width":2000,"height":2000},{"@type":"BreadcrumbList","@id":"https:\/\/www.chateau-labotte.com\/produit\/rouge-tradition\/#breadcrumb","itemListElement":[{"@type":"ListItem","position":1,"name":"Accueil","item":"https:\/\/www.chateau-labotte.com\/fr_fr\/"},{"@type":"ListItem","position":2,"name":"Boutique","item":"https:\/\/www.chateau-labotte.com\/boutique\/"},{"@type":"ListItem","position":3,"name":"Rouge Tradition"}]},{"@type":"WebSite","@id":"https:\/\/www.chateau-labotte.com\/#website","url":"https:\/\/www.chateau-labotte.com\/","name":"Ch\u00e2teau La Botte","description":"Ch\u00e2teau La Botte","publisher":{"@id":"https:\/\/www.chateau-labotte.com\/#organization"},"potentialAction":[{"@type":"SearchAction","target":{"@type":"EntryPoint","urlTemplate":"https:\/\/www.chateau-labotte.com\/?s={search_term_string}"},"query-input":{"@type":"PropertyValueSpecification","valueRequired":true,"valueName":"search_term_string"}}],"inLanguage":"fr-FR"},{"@type":"Organization","@id":"https:\/\/www.chateau-labotte.com\/#organization","name":"Ch\u00e2teau La Botte","url":"https:\/\/www.chateau-labotte.com\/","logo":{"@type":"ImageObject","inLanguage":"fr-FR","@id":"https:\/\/www.chateau-labotte.com\/#\/schema\/logo\/image\/","url":"https:\/\/www.chateau-labotte.com\/wp-content\/uploads\/2024\/10\/cropped-logo-1-e1730121899770-1.png","contentUrl":"https:\/\/www.chateau-labotte.com\/wp-content\/uploads\/2024\/10\/cropped-logo-1-e1730121899770-1.png","width":342,"height":176,"caption":"Ch\u00e2teau La Botte"},"image":{"@id":"https:\/\/www.chateau-labotte.com\/#\/schema\/logo\/image\/"}}]}},"jetpack_sharing_enabled":true,"_links":{"self":[{"href":"http:\/\/www.chateau-labotte.com\/fr_fr\/wp-json\/wp\/v2\/product\/11759","targetHints":{"allow":["GET"]}}],"collection":[{"href":"http:\/\/www.chateau-labotte.com\/fr_fr\/wp-json\/wp\/v2\/product"}],"about":[{"href":"http:\/\/www.chateau-labotte.com\/fr_fr\/wp-json\/wp\/v2\/types\/product"}],"replies":[{"embeddable":true,"href":"http:\/\/www.chateau-labotte.com\/fr_fr\/wp-json\/wp\/v2\/comments?post=11759"}],"version-history":[{"count":7,"href":"http:\/\/www.chateau-labotte.com\/fr_fr\/wp-json\/wp\/v2\/product\/11759\/revisions"}],"predecessor-version":[{"id":12072,"href":"http:\/\/www.chateau-labotte.com\/fr_fr\/wp-json\/wp\/v2\/product\/11759\/revisions\/12072"}],"wp:featuredmedia":[{"embeddable":true,"href":"http:\/\/www.chateau-labotte.com\/fr_fr\/wp-json\/wp\/v2\/media\/10619"}],"wp:attachment":[{"href":"http:\/\/www.chateau-labotte.com\/fr_fr\/wp-json\/wp\/v2\/media?parent=11759"}],"wp:term":[{"taxonomy":"product_brand","embeddable":true,"href":"http:\/\/www.chateau-labotte.com\/fr_fr\/wp-json\/wp\/v2\/product_brand?post=11759"},{"taxonomy":"product_cat","embeddable":true,"href":"http:\/\/www.chateau-labotte.com\/fr_fr\/wp-json\/wp\/v2\/product_cat?post=11759"},{"taxonomy":"product_tag","embeddable":true,"href":"http:\/\/www.chateau-labotte.com\/fr_fr\/wp-json\/wp\/v2\/product_tag?post=11759"}],"curies":[{"name":"wp","href":"https:\/\/api.w.org\/{rel}","templated":true}]}}